{"id":1342,"date":"2023-09-14T02:26:52","date_gmt":"2023-09-14T02:26:52","guid":{"rendered":"https:\/\/aczalaw.com\/honduras\/?page_id=1342"},"modified":"2023-09-14T14:41:37","modified_gmt":"2023-09-14T14:41:37","slug":"carlos-lopez-contreras","status":"publish","type":"page","link":"https:\/\/aczalaw.com\/honduras\/carlos-lopez-contreras\/","title":{"rendered":"Carlos L\u00f3pez Contreras"},"content":{"rendered":"\t\t<div data-elementor-type=\"wp-page\" data-elementor-id=\"1342\" class=\"elementor elementor-1342\" data-elementor-post-type=\"page\">\n\t\t\t\t\t\t\t\t\t<section class=\"elementor-section elementor-top-section elementor-element elementor-element-122f15d2 elementor-section-boxed elementor-section-height-default elementor-section-height-default\" data-id=\"122f15d2\" data-element_type=\"section\" data-settings=\"{&quot;background_background&quot;:&quot;classic&quot;}\">\n\t\t\t\t\t\t\t<div class=\"elementor-background-overlay\"><\/div>\n\t\t\t\t\t\t\t<div class=\"elementor-container elementor-column-gap-default\">\n\t\t\t\t\t<div class=\"elementor-column elementor-col-100 elementor-top-column elementor-element elementor-element-34b7e05d\" data-id=\"34b7e05d\" data-element_type=\"column\">\n\t\t\t<div class=\"elementor-widget-wrap elementor-element-populated\">\n\t\t\t\t\t\t\t\t<section class=\"elementor-section elementor-inner-section elementor-element elementor-element-4ae79818 elementor-section-boxed elementor-section-height-default elementor-section-height-default\" data-id=\"4ae79818\" data-element_type=\"section\">\n\t\t\t\t\t\t<div class=\"elementor-container elementor-column-gap-default\">\n\t\t\t\t\t<div class=\"elementor-column elementor-col-100 elementor-inner-column elementor-element elementor-element-064d26d\" data-id=\"064d26d\" data-element_type=\"column\">\n\t\t\t<div class=\"elementor-widget-wrap\">\n\t\t\t\t\t\t\t\t\t<\/div>\n\t\t<\/div>\n\t\t\t\t\t\t\t<\/div>\n\t\t<\/section>\n\t\t\t\t<section class=\"elementor-section elementor-inner-section elementor-element elementor-element-3103ed1f elementor-section-boxed elementor-section-height-default elementor-section-height-default\" data-id=\"3103ed1f\" data-element_type=\"section\">\n\t\t\t\t\t\t<div class=\"elementor-container elementor-column-gap-default\">\n\t\t\t\t\t<div class=\"elementor-column elementor-col-100 elementor-inner-column elementor-element elementor-element-941c0a2\" data-id=\"941c0a2\" data-element_type=\"column\">\n\t\t\t<div class=\"elementor-widget-wrap elementor-element-populated\">\n\t\t\t\t\t\t\t\t\t<\/div>\n\t\t<\/div>\n\t\t\t\t\t\t\t<\/div>\n\t\t<\/section>\n\t\t\t\t<section class=\"elementor-section elementor-inner-section elementor-element elementor-element-4969beb3 elementor-section-boxed elementor-section-height-default elementor-section-height-default\" data-id=\"4969beb3\" data-element_type=\"section\">\n\t\t\t\t\t\t<div class=\"elementor-container elementor-column-gap-default\">\n\t\t\t\t\t<div class=\"elementor-column elementor-col-100 elementor-inner-column elementor-element elementor-element-d6cb263\" data-id=\"d6cb263\" data-element_type=\"column\">\n\t\t\t<div class=\"elementor-widget-wrap elementor-element-populated\">\n\t\t\t\t\t\t\t\t<div class=\"elementor-element elementor-element-1af40637 elementor-view-default elementor-widget elementor-widget-icon\" data-id=\"1af40637\" data-element_type=\"widget\" data-widget_type=\"icon.default\">\n\t\t\t\t<div class=\"elementor-widget-container\">\n\t\t\t\t\t<div class=\"elementor-icon-wrapper\">\n\t\t\t<div class=\"elementor-icon\">\n\t\t\t<i aria-hidden=\"true\" class=\"far fa-user-circle\"><\/i>\t\t\t<\/div>\n\t\t<\/div>\n\t\t\t\t<\/div>\n\t\t\t\t<\/div>\n\t\t\t\t\t<\/div>\n\t\t<\/div>\n\t\t\t\t\t\t\t<\/div>\n\t\t<\/section>\n\t\t\t\t\t<\/div>\n\t\t<\/div>\n\t\t\t\t\t\t\t<\/div>\n\t\t<\/section>\n\t\t\t\t<section class=\"elementor-section elementor-top-section elementor-element elementor-element-3e622d07 elementor-section-boxed elementor-section-height-default elementor-section-height-default\" data-id=\"3e622d07\" data-element_type=\"section\" data-settings=\"{&quot;background_background&quot;:&quot;classic&quot;}\">\n\t\t\t\t\t\t<div class=\"elementor-container elementor-column-gap-default\">\n\t\t\t\t\t<div class=\"elementor-column elementor-col-100 elementor-top-column elementor-element elementor-element-68c5ca53\" data-id=\"68c5ca53\" data-element_type=\"column\">\n\t\t\t<div class=\"elementor-widget-wrap elementor-element-populated\">\n\t\t\t\t\t\t\t\t<section class=\"elementor-section elementor-inner-section elementor-element elementor-element-375a0f8b elementor-section-boxed elementor-section-height-default elementor-section-height-default\" data-id=\"375a0f8b\" data-element_type=\"section\" data-settings=\"{&quot;background_background&quot;:&quot;classic&quot;}\">\n\t\t\t\t\t\t<div class=\"elementor-container elementor-column-gap-extended\">\n\t\t\t\t\t<div class=\"elementor-column elementor-col-50 elementor-inner-column elementor-element elementor-element-240155e5\" data-id=\"240155e5\" data-element_type=\"column\">\n\t\t\t<div class=\"elementor-widget-wrap elementor-element-populated\">\n\t\t\t\t\t\t\t\t<div class=\"elementor-element elementor-element-026276a elementor-widget elementor-widget-image\" data-id=\"026276a\" data-element_type=\"widget\" data-widget_type=\"image.default\">\n\t\t\t\t<div class=\"elementor-widget-container\">\n\t\t\t<style>\/*! elementor - v3.16.0 - 20-09-2023 *\/\n.elementor-widget-image{text-align:center}.elementor-widget-image a{display:inline-block}.elementor-widget-image a img[src$=\".svg\"]{width:48px}.elementor-widget-image img{vertical-align:middle;display:inline-block}<\/style>\t\t\t\t\t\t\t\t\t\t\t\t<img decoding=\"async\" width=\"700\" height=\"570\" src=\"https:\/\/aczalaw.com\/honduras\/wp-content\/uploads\/2023\/09\/aczalaw-carlos-lopez-contreras.jpg\" class=\"attachment-large size-large wp-image-377\" alt=\"aczalaw-carlos-lopez-contreras\" loading=\"lazy\" srcset=\"https:\/\/aczalaw.com\/honduras\/wp-content\/uploads\/2023\/09\/aczalaw-carlos-lopez-contreras.jpg 700w, https:\/\/aczalaw.com\/honduras\/wp-content\/uploads\/2023\/09\/aczalaw-carlos-lopez-contreras-300x244.jpg 300w\" sizes=\"(max-width: 700px) 100vw, 700px\" \/>\t\t\t\t\t\t\t\t\t\t\t\t\t\t\t<\/div>\n\t\t\t\t<\/div>\n\t\t\t\t<div class=\"elementor-element elementor-element-a73ed36 elementor-widget elementor-widget-text-editor\" data-id=\"a73ed36\" data-element_type=\"widget\" data-widget_type=\"text-editor.default\">\n\t\t\t\t<div class=\"elementor-widget-container\">\n\t\t\t<style>\/*! elementor - v3.16.0 - 20-09-2023 *\/\n.elementor-widget-text-editor.elementor-drop-cap-view-stacked .elementor-drop-cap{background-color:#69727d;color:#fff}.elementor-widget-text-editor.elementor-drop-cap-view-framed .elementor-drop-cap{color:#69727d;border:3px solid;background-color:transparent}.elementor-widget-text-editor:not(.elementor-drop-cap-view-default) .elementor-drop-cap{margin-top:8px}.elementor-widget-text-editor:not(.elementor-drop-cap-view-default) .elementor-drop-cap-letter{width:1em;height:1em}.elementor-widget-text-editor .elementor-drop-cap{float:left;text-align:center;line-height:1;font-size:50px}.elementor-widget-text-editor .elementor-drop-cap-letter{display:inline-block}<\/style>\t\t\t\t<p>Carlos L\u00f3pez Contreras<\/p>\t\t\t\t\t\t<\/div>\n\t\t\t\t<\/div>\n\t\t\t\t<div class=\"elementor-element elementor-element-7246e5e elementor-widget elementor-widget-text-editor\" data-id=\"7246e5e\" data-element_type=\"widget\" data-widget_type=\"text-editor.default\">\n\t\t\t\t<div class=\"elementor-widget-container\">\n\t\t\t\t\t\t\t<p>Abogado y Notario Socio<\/p>\t\t\t\t\t\t<\/div>\n\t\t\t\t<\/div>\n\t\t\t\t<div class=\"elementor-element elementor-element-5c1f16e8 elementor-widget-divider--view-line elementor-widget elementor-widget-divider\" data-id=\"5c1f16e8\" data-element_type=\"widget\" data-widget_type=\"divider.default\">\n\t\t\t\t<div class=\"elementor-widget-container\">\n\t\t\t<style>\/*! elementor - v3.16.0 - 20-09-2023 *\/\n.elementor-widget-divider{--divider-border-style:none;--divider-border-width:1px;--divider-color:#0c0d0e;--divider-icon-size:20px;--divider-element-spacing:10px;--divider-pattern-height:24px;--divider-pattern-size:20px;--divider-pattern-url:none;--divider-pattern-repeat:repeat-x}.elementor-widget-divider .elementor-divider{display:flex}.elementor-widget-divider .elementor-divider__text{font-size:15px;line-height:1;max-width:95%}.elementor-widget-divider .elementor-divider__element{margin:0 var(--divider-element-spacing);flex-shrink:0}.elementor-widget-divider .elementor-icon{font-size:var(--divider-icon-size)}.elementor-widget-divider .elementor-divider-separator{display:flex;margin:0;direction:ltr}.elementor-widget-divider--view-line_icon .elementor-divider-separator,.elementor-widget-divider--view-line_text .elementor-divider-separator{align-items:center}.elementor-widget-divider--view-line_icon .elementor-divider-separator:after,.elementor-widget-divider--view-line_icon .elementor-divider-separator:before,.elementor-widget-divider--view-line_text .elementor-divider-separator:after,.elementor-widget-divider--view-line_text .elementor-divider-separator:before{display:block;content:\"\";border-bottom:0;flex-grow:1;border-top:var(--divider-border-width) var(--divider-border-style) var(--divider-color)}.elementor-widget-divider--element-align-left .elementor-divider .elementor-divider-separator>.elementor-divider__svg:first-of-type{flex-grow:0;flex-shrink:100}.elementor-widget-divider--element-align-left .elementor-divider-separator:before{content:none}.elementor-widget-divider--element-align-left .elementor-divider__element{margin-left:0}.elementor-widget-divider--element-align-right .elementor-divider .elementor-divider-separator>.elementor-divider__svg:last-of-type{flex-grow:0;flex-shrink:100}.elementor-widget-divider--element-align-right .elementor-divider-separator:after{content:none}.elementor-widget-divider--element-align-right .elementor-divider__element{margin-right:0}.elementor-widget-divider:not(.elementor-widget-divider--view-line_text):not(.elementor-widget-divider--view-line_icon) .elementor-divider-separator{border-top:var(--divider-border-width) var(--divider-border-style) var(--divider-color)}.elementor-widget-divider--separator-type-pattern{--divider-border-style:none}.elementor-widget-divider--separator-type-pattern.elementor-widget-divider--view-line .elementor-divider-separator,.elementor-widget-divider--separator-type-pattern:not(.elementor-widget-divider--view-line) .elementor-divider-separator:after,.elementor-widget-divider--separator-type-pattern:not(.elementor-widget-divider--view-line) .elementor-divider-separator:before,.elementor-widget-divider--separator-type-pattern:not([class*=elementor-widget-divider--view]) .elementor-divider-separator{width:100%;min-height:var(--divider-pattern-height);-webkit-mask-size:var(--divider-pattern-size) 100%;mask-size:var(--divider-pattern-size) 100%;-webkit-mask-repeat:var(--divider-pattern-repeat);mask-repeat:var(--divider-pattern-repeat);background-color:var(--divider-color);-webkit-mask-image:var(--divider-pattern-url);mask-image:var(--divider-pattern-url)}.elementor-widget-divider--no-spacing{--divider-pattern-size:auto}.elementor-widget-divider--bg-round{--divider-pattern-repeat:round}.rtl .elementor-widget-divider .elementor-divider__text{direction:rtl}.e-con-inner>.elementor-widget-divider,.e-con>.elementor-widget-divider{width:var(--container-widget-width,100%);--flex-grow:var(--container-widget-flex-grow)}<\/style>\t\t<div class=\"elementor-divider\">\n\t\t\t<span class=\"elementor-divider-separator\">\n\t\t\t\t\t\t<\/span>\n\t\t<\/div>\n\t\t\t\t<\/div>\n\t\t\t\t<\/div>\n\t\t\t\t<div class=\"elementor-element elementor-element-96861b6 elementor-widget elementor-widget-text-editor\" data-id=\"96861b6\" data-element_type=\"widget\" data-widget_type=\"text-editor.default\">\n\t\t\t\t<div class=\"elementor-widget-container\">\n\t\t\t\t\t\t\t<p><span style=\"color: #e9722b;\">Email<\/span>: <a href=\"mailto:clopez@aczalaw.com\" target=\"_blank\" rel=\"noopener\">clopez@aczalaw.com<\/a><\/p>\t\t\t\t\t\t<\/div>\n\t\t\t\t<\/div>\n\t\t\t\t\t<\/div>\n\t\t<\/div>\n\t\t\t\t<div class=\"elementor-column elementor-col-50 elementor-inner-column elementor-element elementor-element-20bcf5b3\" data-id=\"20bcf5b3\" data-element_type=\"column\">\n\t\t\t<div class=\"elementor-widget-wrap elementor-element-populated\">\n\t\t\t\t\t\t\t\t<div class=\"elementor-element elementor-element-3837fb0 elementor-widget elementor-widget-text-editor\" data-id=\"3837fb0\" data-element_type=\"widget\" data-widget_type=\"text-editor.default\">\n\t\t\t\t<div class=\"elementor-widget-container\">\n\t\t\t\t\t\t\t<p><strong>Educaci\u00f3n Superior:<\/strong>\u00a0Licenciado en Ciencias Jur\u00eddicas y Sociales, Universidades Aut\u00f3noma de Honduras y Complutense de Madrid en Espa\u00f1a; Incorporado Abogado y Notario en el Colegio de Abogados en Honduras, 1974.<\/p><p><strong>Otros Estudios:<\/strong>\u00a0Diploma de Curso Superior Intensivo de la Academia de Derecho Internacional y Americano, \u201cSouth Western Legal Foundation\u201d Dallas, Texas, 1976; Diploma de Curso Superior Intensivo de El Nuevo Derecho del Mar, ONU, Comisi\u00f3n del Pac\u00edfico Sur y Academia Diplom\u00e1tica del Per\u00fa, 1980; Derecho Aeron\u00e1utico y del Espacio Exterior, Tegucigalpa, 1982; Privatizaci\u00f3n y Conversi\u00f3n de Deuda por Capital, Prioridad para el Desarrollo, Guatemala, 1991; Congreso de la Libre Empresa para la Comunidad Econ\u00f3mica del Istmo Centroamericano, Tegucigalpa, 1991; VI Jornada de Derecho Notarial del Norte, Centroam\u00e9rica y El Caribe, Tegucigalpa, 1991; II Congreso Centroamericano de la Libre Empresa FEDEPRICAP, San Salvador, 1992; Primer Encuentro Interamericano sobre Resoluci\u00f3n Alternativa de Disputas, Fundaci\u00f3n Libra, National Center for State Courts, Buenos Aires, Argentina, 1993; INCAE, Preparando las Empresas para la Globalizaci\u00f3n, Michael Porter, San Pedro Sula, 1997.<\/p><p><strong>Experiencia Profesional jur\u00eddica y p\u00fablica:<\/strong>\u00a0Socio de ACZALAW Abogados Centroamericanos Asociados, desde Marzo 2002; Socio Fundador del Bufete Internacional de Honduras oficinas en Tegucigalpa, desde 1981 a la fecha; Consultor de la Secretar\u00eda de Relaciones Exteriores y Agente de Honduras ante la Corte Internacional de Justicia, La Haya; Director por Honduras ante el Banco Centroamericano de Integraci\u00f3n Econ\u00f3mica (BCIE) 1990-91; Consultor de las Fuerzas Armadas y del Ministerio de Econom\u00eda de Honduras; Miembro de la Corte Permanente de Arbitraje en La Haya, desde 1980; Miembro de N\u00famero de la Academia Nacional de Derecho y Ciencias Sociales de Honduras, Cap\u00edtulo de la Real Academia de Jurisprudencia y Legislaci\u00f3n de Madrid; Conciliador y Arbitro por Honduras del Centro Internacional de Arreglo de Diferencias Relativas a Inversiones (CIADI), desde febrero de 2002; Asociado de N\u00famero del Instituto Hispano Luso-Americano de Derecho Internacional, El Escorial, Espa\u00f1a, desde el 2000;<\/p><p><strong>Cargos P\u00fablicos:<\/strong>\u00a0Embajador en varios pa\u00edses, 1969-1976; Ministro de Relaciones Exteriores de la Rep\u00fablica de Honduras, 1986-89; Viceministro de Relaciones Exteriores de Honduras, 1979-80.<\/p><p><strong>Experiencia Acad\u00e9mica:<\/strong>\u00a0Profesor de Derecho en las Universidades de San Pedro Sula y Nacional Aut\u00f3noma de Honduras en Tegucigalpa.<\/p><p><strong>Pr\u00e1ctica Jur\u00eddica:<\/strong>\u00a0Abogado Corporativo, Negociaciones, Arbitraje; Notario de varias instituciones financieras nacionales y del Banco Centroamericano de Integraci\u00f3n Econ\u00f3mica; Asesor o consultor en distintas etapas, de empresas privadas nacionales y extranjeras, en Derecho Mercantil, Administrativo y Laboral.<\/p><p><strong>Idiomas:<\/strong>\u00a0Espa\u00f1ol, Ingl\u00e9s, Italiano.<\/p>\t\t\t\t\t\t<\/div>\n\t\t\t\t<\/div>\n\t\t\t\t<div class=\"elementor-element elementor-element-90941ed elementor-widget elementor-widget-button\" data-id=\"90941ed\" data-element_type=\"widget\" data-widget_type=\"button.default\">\n\t\t\t\t<div class=\"elementor-widget-container\">\n\t\t\t\t\t<div class=\"elementor-button-wrapper\">\n\t\t\t<a class=\"elementor-button elementor-button-link elementor-size-sm\" href=\"https:\/\/aczalaw.com\/honduras\/nuestro-equipo\/\">\n\t\t\t\t\t\t<span class=\"elementor-button-content-wrapper\">\n\t\t\t\t\t\t<span class=\"elementor-button-icon elementor-align-icon-left\">\n\t\t\t\t<i aria-hidden=\"true\" class=\"fas fa-arrow-left\"><\/i>\t\t\t<\/span>\n\t\t\t\t\t\t<span class=\"elementor-button-text\">VOLVER A \"NUESTRO EQUIPO\"<\/span>\n\t\t<\/span>\n\t\t\t\t\t<\/a>\n\t\t<\/div>\n\t\t\t\t<\/div>\n\t\t\t\t<\/div>\n\t\t\t\t\t<\/div>\n\t\t<\/div>\n\t\t\t\t\t\t\t<\/div>\n\t\t<\/section>\n\t\t\t\t\t<\/div>\n\t\t<\/div>\n\t\t\t\t\t\t\t<\/div>\n\t\t<\/section>\n\t\t\t\t<section class=\"elementor-section elementor-top-section elementor-element elementor-element-72b38e8b elementor-section-boxed elementor-section-height-default elementor-section-height-default\" data-id=\"72b38e8b\" data-element_type=\"section\" data-settings=\"{&quot;background_background&quot;:&quot;classic&quot;}\">\n\t\t\t\t\t\t<div class=\"elementor-container elementor-column-gap-default\">\n\t\t\t\t\t<div class=\"elementor-column elementor-col-100 elementor-top-column elementor-element elementor-element-3ac38195\" data-id=\"3ac38195\" data-element_type=\"column\">\n\t\t\t<div class=\"elementor-widget-wrap elementor-element-populated\">\n\t\t\t\t\t\t\t\t<section class=\"elementor-section elementor-inner-section elementor-element elementor-element-64db95b4 elementor-section-boxed elementor-section-height-default elementor-section-height-default\" data-id=\"64db95b4\" data-element_type=\"section\">\n\t\t\t\t\t\t<div class=\"elementor-container elementor-column-gap-default\">\n\t\t\t\t\t<div class=\"elementor-column elementor-col-100 elementor-inner-column elementor-element elementor-element-3ed97115\" data-id=\"3ed97115\" data-element_type=\"column\">\n\t\t\t<div class=\"elementor-widget-wrap elementor-element-populated\">\n\t\t\t\t\t\t\t\t<div class=\"elementor-element elementor-element-5c1828cf elementor-arrows-position-outside elementor-widget elementor-widget-image-carousel\" data-id=\"5c1828cf\" data-element_type=\"widget\" data-settings=\"{&quot;slides_to_show&quot;:&quot;6&quot;,&quot;navigation&quot;:&quot;arrows&quot;,&quot;slides_to_show_mobile&quot;:&quot;2&quot;,&quot;autoplay&quot;:&quot;yes&quot;,&quot;pause_on_hover&quot;:&quot;yes&quot;,&quot;pause_on_interaction&quot;:&quot;yes&quot;,&quot;autoplay_speed&quot;:5000,&quot;infinite&quot;:&quot;yes&quot;,&quot;speed&quot;:500,&quot;image_spacing_custom&quot;:{&quot;unit&quot;:&quot;px&quot;,&quot;size&quot;:20,&quot;sizes&quot;:[]},&quot;image_spacing_custom_tablet&quot;:{&quot;unit&quot;:&quot;px&quot;,&quot;size&quot;:&quot;&quot;,&quot;sizes&quot;:[]},&quot;image_spacing_custom_mobile&quot;:{&quot;unit&quot;:&quot;px&quot;,&quot;size&quot;:&quot;&quot;,&quot;sizes&quot;:[]}}\" data-widget_type=\"image-carousel.default\">\n\t\t\t\t<div class=\"elementor-widget-container\">\n\t\t\t<style>\/*! elementor - v3.16.0 - 20-09-2023 *\/\n.elementor-widget-image-carousel .swiper,.elementor-widget-image-carousel .swiper-container{position:static}.elementor-widget-image-carousel .swiper-container .swiper-slide figure,.elementor-widget-image-carousel .swiper .swiper-slide figure{line-height:inherit}.elementor-widget-image-carousel .swiper-slide{text-align:center}.elementor-image-carousel-wrapper:not(.swiper-container-initialized):not(.swiper-initialized) .swiper-slide{max-width:calc(100% \/ var(--e-image-carousel-slides-to-show, 3))}<\/style>\t\t<div class=\"elementor-image-carousel-wrapper swiper\" dir=\"ltr\">\n\t\t\t<div class=\"elementor-image-carousel swiper-wrapper\" aria-live=\"off\">\n\t\t\t\t\t\t\t\t<div class=\"swiper-slide\" role=\"group\" aria-roledescription=\"slide\" aria-label=\"1 de 7\"><figure class=\"swiper-slide-inner\"><img decoding=\"async\" class=\"swiper-slide-image\" src=\"https:\/\/aczalaw.com\/honduras\/wp-content\/uploads\/2023\/08\/aczalaw-chambers-global-ranking-2012.png\" alt=\"aczalaw-chambers-global-ranking-2012\" \/><\/figure><\/div><div class=\"swiper-slide\" role=\"group\" aria-roledescription=\"slide\" aria-label=\"2 de 7\"><figure class=\"swiper-slide-inner\"><img decoding=\"async\" class=\"swiper-slide-image\" src=\"https:\/\/aczalaw.com\/honduras\/wp-content\/uploads\/2023\/08\/aczalaw-chambers-global-ranking-2013.png\" alt=\"aczalaw-chambers-global-ranking-2013\" \/><\/figure><\/div><div class=\"swiper-slide\" role=\"group\" aria-roledescription=\"slide\" aria-label=\"3 de 7\"><figure class=\"swiper-slide-inner\"><img decoding=\"async\" class=\"swiper-slide-image\" src=\"https:\/\/aczalaw.com\/honduras\/wp-content\/uploads\/2023\/08\/aczalaw-chambers-global-ranking-2014.png\" alt=\"aczalaw-chambers-global-ranking-2014\" \/><\/figure><\/div><div class=\"swiper-slide\" role=\"group\" aria-roledescription=\"slide\" aria-label=\"4 de 7\"><figure class=\"swiper-slide-inner\"><img decoding=\"async\" class=\"swiper-slide-image\" src=\"https:\/\/aczalaw.com\/honduras\/wp-content\/uploads\/2023\/08\/aczalaw-chambers-global-ranking-2015.png\" alt=\"aczalaw-chambers-global-ranking-2015\" \/><\/figure><\/div><div class=\"swiper-slide\" role=\"group\" aria-roledescription=\"slide\" aria-label=\"5 de 7\"><figure class=\"swiper-slide-inner\"><img decoding=\"async\" class=\"swiper-slide-image\" src=\"https:\/\/aczalaw.com\/honduras\/wp-content\/uploads\/2023\/08\/aczalaw-global-member-firm.png\" alt=\"aczalaw-global-member-firm\" \/><\/figure><\/div><div class=\"swiper-slide\" role=\"group\" aria-roledescription=\"slide\" aria-label=\"6 de 7\"><figure class=\"swiper-slide-inner\"><img decoding=\"async\" class=\"swiper-slide-image\" src=\"https:\/\/aczalaw.com\/honduras\/wp-content\/uploads\/2023\/08\/aczalaw-the-legal-500.png\" alt=\"aczalaw-the-legal-500\" \/><\/figure><\/div><div class=\"swiper-slide\" role=\"group\" aria-roledescription=\"slide\" aria-label=\"7 de 7\"><figure class=\"swiper-slide-inner\"><img decoding=\"async\" class=\"swiper-slide-image\" src=\"https:\/\/aczalaw.com\/honduras\/wp-content\/uploads\/2023\/08\/ranked-in-latin-america.png\" alt=\"ranked-in-latin-america\" \/><\/figure><\/div>\t\t\t<\/div>\n\t\t\t\t\t\t\t\t\t\t\t\t<div class=\"elementor-swiper-button elementor-swiper-button-prev\" role=\"button\" tabindex=\"0\">\n\t\t\t\t\t\t<i aria-hidden=\"true\" class=\"eicon-chevron-left\"><\/i>\t\t\t\t\t<\/div>\n\t\t\t\t\t<div class=\"elementor-swiper-button elementor-swiper-button-next\" role=\"button\" tabindex=\"0\">\n\t\t\t\t\t\t<i aria-hidden=\"true\" class=\"eicon-chevron-right\"><\/i>\t\t\t\t\t<\/div>\n\t\t\t\t\n\t\t\t\t\t\t\t\t\t<\/div>\n\t\t\t\t<\/div>\n\t\t\t\t<\/div>\n\t\t\t\t\t<\/div>\n\t\t<\/div>\n\t\t\t\t\t\t\t<\/div>\n\t\t<\/section>\n\t\t\t\t\t<\/div>\n\t\t<\/div>\n\t\t\t\t\t\t\t<\/div>\n\t\t<\/section>\n\t\t\t\t\t\t\t<\/div>\n\t\t","protected":false},"excerpt":{"rendered":"<p>Carlos L\u00f3pez Contreras Abogado y Notario Socio Email: clopez@aczalaw.com Educaci\u00f3n Superior:\u00a0Licenciado en Ciencias Jur\u00eddicas y Sociales, Universidades Aut\u00f3noma de Honduras y Complutense de Madrid en Espa\u00f1a; Incorporado Abogado y Notario en el Colegio de Abogados en Honduras, 1974. Otros Estudios:\u00a0Diploma de Curso Superior Intensivo de la Academia de Derecho Internacional y Americano, \u201cSouth Western Legal [&hellip;]<\/p>\n","protected":false},"author":1,"featured_media":0,"parent":0,"menu_order":0,"comment_status":"closed","ping_status":"closed","template":"elementor_header_footer","meta":[],"_links":{"self":[{"href":"https:\/\/aczalaw.com\/honduras\/wp-json\/wp\/v2\/pages\/1342"}],"collection":[{"href":"https:\/\/aczalaw.com\/honduras\/wp-json\/wp\/v2\/pages"}],"about":[{"href":"https:\/\/aczalaw.com\/honduras\/wp-json\/wp\/v2\/types\/page"}],"author":[{"embeddable":true,"href":"https:\/\/aczalaw.com\/honduras\/wp-json\/wp\/v2\/users\/1"}],"replies":[{"embeddable":true,"href":"https:\/\/aczalaw.com\/honduras\/wp-json\/wp\/v2\/comments?post=1342"}],"version-history":[{"count":46,"href":"https:\/\/aczalaw.com\/honduras\/wp-json\/wp\/v2\/pages\/1342\/revisions"}],"predecessor-version":[{"id":1397,"href":"https:\/\/aczalaw.com\/honduras\/wp-json\/wp\/v2\/pages\/1342\/revisions\/1397"}],"wp:attachment":[{"href":"https:\/\/aczalaw.com\/honduras\/wp-json\/wp\/v2\/media?parent=1342"}],"curies":[{"name":"wp","href":"https:\/\/api.w.org\/{rel}","templated":true}]}}