{"id":1467,"date":"2023-09-14T16:55:55","date_gmt":"2023-09-14T16:55:55","guid":{"rendered":"https:\/\/aczalaw.com\/honduras\/?page_id=1467"},"modified":"2023-09-14T16:57:28","modified_gmt":"2023-09-14T16:57:28","slug":"roberto-flores-bermudez","status":"publish","type":"page","link":"https:\/\/aczalaw.com\/honduras\/roberto-flores-bermudez\/","title":{"rendered":"Roberto Flores Berm\u00fadez"},"content":{"rendered":"\t\t<div data-elementor-type=\"wp-page\" data-elementor-id=\"1467\" class=\"elementor elementor-1467\" data-elementor-post-type=\"page\">\n\t\t\t\t\t\t\t\t\t<section class=\"elementor-section elementor-top-section elementor-element elementor-element-513123e3 elementor-section-boxed elementor-section-height-default elementor-section-height-default\" data-id=\"513123e3\" data-element_type=\"section\" data-settings=\"{&quot;background_background&quot;:&quot;classic&quot;}\">\n\t\t\t\t\t\t\t<div class=\"elementor-background-overlay\"><\/div>\n\t\t\t\t\t\t\t<div class=\"elementor-container elementor-column-gap-default\">\n\t\t\t\t\t<div class=\"elementor-column elementor-col-100 elementor-top-column elementor-element elementor-element-1b2252b0\" data-id=\"1b2252b0\" data-element_type=\"column\">\n\t\t\t<div class=\"elementor-widget-wrap elementor-element-populated\">\n\t\t\t\t\t\t\t\t<section class=\"elementor-section elementor-inner-section elementor-element elementor-element-5da9135d elementor-section-boxed elementor-section-height-default elementor-section-height-default\" data-id=\"5da9135d\" data-element_type=\"section\">\n\t\t\t\t\t\t<div class=\"elementor-container elementor-column-gap-default\">\n\t\t\t\t\t<div class=\"elementor-column elementor-col-100 elementor-inner-column elementor-element elementor-element-6729a028\" data-id=\"6729a028\" data-element_type=\"column\">\n\t\t\t<div class=\"elementor-widget-wrap\">\n\t\t\t\t\t\t\t\t\t<\/div>\n\t\t<\/div>\n\t\t\t\t\t\t\t<\/div>\n\t\t<\/section>\n\t\t\t\t<section class=\"elementor-section elementor-inner-section elementor-element elementor-element-1918c490 elementor-section-boxed elementor-section-height-default elementor-section-height-default\" data-id=\"1918c490\" data-element_type=\"section\">\n\t\t\t\t\t\t<div class=\"elementor-container elementor-column-gap-default\">\n\t\t\t\t\t<div class=\"elementor-column elementor-col-100 elementor-inner-column elementor-element elementor-element-680d5793\" data-id=\"680d5793\" data-element_type=\"column\">\n\t\t\t<div class=\"elementor-widget-wrap elementor-element-populated\">\n\t\t\t\t\t\t\t\t\t<\/div>\n\t\t<\/div>\n\t\t\t\t\t\t\t<\/div>\n\t\t<\/section>\n\t\t\t\t<section class=\"elementor-section elementor-inner-section elementor-element elementor-element-1084c45c elementor-section-boxed elementor-section-height-default elementor-section-height-default\" data-id=\"1084c45c\" data-element_type=\"section\">\n\t\t\t\t\t\t<div class=\"elementor-container elementor-column-gap-default\">\n\t\t\t\t\t<div class=\"elementor-column elementor-col-100 elementor-inner-column elementor-element elementor-element-2fc51740\" data-id=\"2fc51740\" data-element_type=\"column\">\n\t\t\t<div class=\"elementor-widget-wrap elementor-element-populated\">\n\t\t\t\t\t\t\t\t<div class=\"elementor-element elementor-element-17ce40e7 elementor-view-default elementor-widget elementor-widget-icon\" data-id=\"17ce40e7\" data-element_type=\"widget\" data-widget_type=\"icon.default\">\n\t\t\t\t<div class=\"elementor-widget-container\">\n\t\t\t\t\t<div class=\"elementor-icon-wrapper\">\n\t\t\t<div class=\"elementor-icon\">\n\t\t\t<i aria-hidden=\"true\" class=\"far fa-user-circle\"><\/i>\t\t\t<\/div>\n\t\t<\/div>\n\t\t\t\t<\/div>\n\t\t\t\t<\/div>\n\t\t\t\t\t<\/div>\n\t\t<\/div>\n\t\t\t\t\t\t\t<\/div>\n\t\t<\/section>\n\t\t\t\t\t<\/div>\n\t\t<\/div>\n\t\t\t\t\t\t\t<\/div>\n\t\t<\/section>\n\t\t\t\t<section class=\"elementor-section elementor-top-section elementor-element elementor-element-3ab23e52 elementor-section-boxed elementor-section-height-default elementor-section-height-default\" data-id=\"3ab23e52\" data-element_type=\"section\" data-settings=\"{&quot;background_background&quot;:&quot;classic&quot;}\">\n\t\t\t\t\t\t<div class=\"elementor-container elementor-column-gap-default\">\n\t\t\t\t\t<div class=\"elementor-column elementor-col-100 elementor-top-column elementor-element elementor-element-5d3a4df\" data-id=\"5d3a4df\" data-element_type=\"column\">\n\t\t\t<div class=\"elementor-widget-wrap elementor-element-populated\">\n\t\t\t\t\t\t\t\t<section class=\"elementor-section elementor-inner-section elementor-element elementor-element-5d082796 elementor-section-boxed elementor-section-height-default elementor-section-height-default\" data-id=\"5d082796\" data-element_type=\"section\" data-settings=\"{&quot;background_background&quot;:&quot;classic&quot;}\">\n\t\t\t\t\t\t<div class=\"elementor-container elementor-column-gap-extended\">\n\t\t\t\t\t<div class=\"elementor-column elementor-col-50 elementor-inner-column elementor-element elementor-element-1b1578b5\" data-id=\"1b1578b5\" data-element_type=\"column\">\n\t\t\t<div class=\"elementor-widget-wrap elementor-element-populated\">\n\t\t\t\t\t\t\t\t<div class=\"elementor-element elementor-element-1682aad5 elementor-widget elementor-widget-image\" data-id=\"1682aad5\" data-element_type=\"widget\" data-widget_type=\"image.default\">\n\t\t\t\t<div class=\"elementor-widget-container\">\n\t\t\t<style>\/*! elementor - v3.16.0 - 20-09-2023 *\/\n.elementor-widget-image{text-align:center}.elementor-widget-image a{display:inline-block}.elementor-widget-image a img[src$=\".svg\"]{width:48px}.elementor-widget-image img{vertical-align:middle;display:inline-block}<\/style>\t\t\t\t\t\t\t\t\t\t\t\t<img decoding=\"async\" width=\"700\" height=\"570\" src=\"https:\/\/aczalaw.com\/honduras\/wp-content\/uploads\/2023\/09\/aczalaw-roberto-flores-bermudez.jpg\" class=\"attachment-large size-large wp-image-427\" alt=\"aczalaw-roberto-flores-bermudez\" loading=\"lazy\" srcset=\"https:\/\/aczalaw.com\/honduras\/wp-content\/uploads\/2023\/09\/aczalaw-roberto-flores-bermudez.jpg 700w, https:\/\/aczalaw.com\/honduras\/wp-content\/uploads\/2023\/09\/aczalaw-roberto-flores-bermudez-300x244.jpg 300w\" sizes=\"(max-width: 700px) 100vw, 700px\" \/>\t\t\t\t\t\t\t\t\t\t\t\t\t\t\t<\/div>\n\t\t\t\t<\/div>\n\t\t\t\t<div class=\"elementor-element elementor-element-1754bb9d elementor-widget elementor-widget-text-editor\" data-id=\"1754bb9d\" data-element_type=\"widget\" data-widget_type=\"text-editor.default\">\n\t\t\t\t<div class=\"elementor-widget-container\">\n\t\t\t<style>\/*! elementor - v3.16.0 - 20-09-2023 *\/\n.elementor-widget-text-editor.elementor-drop-cap-view-stacked .elementor-drop-cap{background-color:#69727d;color:#fff}.elementor-widget-text-editor.elementor-drop-cap-view-framed .elementor-drop-cap{color:#69727d;border:3px solid;background-color:transparent}.elementor-widget-text-editor:not(.elementor-drop-cap-view-default) .elementor-drop-cap{margin-top:8px}.elementor-widget-text-editor:not(.elementor-drop-cap-view-default) .elementor-drop-cap-letter{width:1em;height:1em}.elementor-widget-text-editor .elementor-drop-cap{float:left;text-align:center;line-height:1;font-size:50px}.elementor-widget-text-editor .elementor-drop-cap-letter{display:inline-block}<\/style>\t\t\t\t<p>Abogado y Notario P\u00fablico<\/p>\t\t\t\t\t\t<\/div>\n\t\t\t\t<\/div>\n\t\t\t\t<div class=\"elementor-element elementor-element-283d2325 elementor-widget-divider--view-line elementor-widget elementor-widget-divider\" data-id=\"283d2325\" data-element_type=\"widget\" data-widget_type=\"divider.default\">\n\t\t\t\t<div class=\"elementor-widget-container\">\n\t\t\t<style>\/*! elementor - v3.16.0 - 20-09-2023 *\/\n.elementor-widget-divider{--divider-border-style:none;--divider-border-width:1px;--divider-color:#0c0d0e;--divider-icon-size:20px;--divider-element-spacing:10px;--divider-pattern-height:24px;--divider-pattern-size:20px;--divider-pattern-url:none;--divider-pattern-repeat:repeat-x}.elementor-widget-divider .elementor-divider{display:flex}.elementor-widget-divider .elementor-divider__text{font-size:15px;line-height:1;max-width:95%}.elementor-widget-divider .elementor-divider__element{margin:0 var(--divider-element-spacing);flex-shrink:0}.elementor-widget-divider .elementor-icon{font-size:var(--divider-icon-size)}.elementor-widget-divider .elementor-divider-separator{display:flex;margin:0;direction:ltr}.elementor-widget-divider--view-line_icon .elementor-divider-separator,.elementor-widget-divider--view-line_text .elementor-divider-separator{align-items:center}.elementor-widget-divider--view-line_icon .elementor-divider-separator:after,.elementor-widget-divider--view-line_icon .elementor-divider-separator:before,.elementor-widget-divider--view-line_text .elementor-divider-separator:after,.elementor-widget-divider--view-line_text .elementor-divider-separator:before{display:block;content:\"\";border-bottom:0;flex-grow:1;border-top:var(--divider-border-width) var(--divider-border-style) var(--divider-color)}.elementor-widget-divider--element-align-left .elementor-divider .elementor-divider-separator>.elementor-divider__svg:first-of-type{flex-grow:0;flex-shrink:100}.elementor-widget-divider--element-align-left .elementor-divider-separator:before{content:none}.elementor-widget-divider--element-align-left .elementor-divider__element{margin-left:0}.elementor-widget-divider--element-align-right .elementor-divider .elementor-divider-separator>.elementor-divider__svg:last-of-type{flex-grow:0;flex-shrink:100}.elementor-widget-divider--element-align-right .elementor-divider-separator:after{content:none}.elementor-widget-divider--element-align-right .elementor-divider__element{margin-right:0}.elementor-widget-divider:not(.elementor-widget-divider--view-line_text):not(.elementor-widget-divider--view-line_icon) .elementor-divider-separator{border-top:var(--divider-border-width) var(--divider-border-style) var(--divider-color)}.elementor-widget-divider--separator-type-pattern{--divider-border-style:none}.elementor-widget-divider--separator-type-pattern.elementor-widget-divider--view-line .elementor-divider-separator,.elementor-widget-divider--separator-type-pattern:not(.elementor-widget-divider--view-line) .elementor-divider-separator:after,.elementor-widget-divider--separator-type-pattern:not(.elementor-widget-divider--view-line) .elementor-divider-separator:before,.elementor-widget-divider--separator-type-pattern:not([class*=elementor-widget-divider--view]) .elementor-divider-separator{width:100%;min-height:var(--divider-pattern-height);-webkit-mask-size:var(--divider-pattern-size) 100%;mask-size:var(--divider-pattern-size) 100%;-webkit-mask-repeat:var(--divider-pattern-repeat);mask-repeat:var(--divider-pattern-repeat);background-color:var(--divider-color);-webkit-mask-image:var(--divider-pattern-url);mask-image:var(--divider-pattern-url)}.elementor-widget-divider--no-spacing{--divider-pattern-size:auto}.elementor-widget-divider--bg-round{--divider-pattern-repeat:round}.rtl .elementor-widget-divider .elementor-divider__text{direction:rtl}.e-con-inner>.elementor-widget-divider,.e-con>.elementor-widget-divider{width:var(--container-widget-width,100%);--flex-grow:var(--container-widget-flex-grow)}<\/style>\t\t<div class=\"elementor-divider\">\n\t\t\t<span class=\"elementor-divider-separator\">\n\t\t\t\t\t\t<\/span>\n\t\t<\/div>\n\t\t\t\t<\/div>\n\t\t\t\t<\/div>\n\t\t\t\t<div class=\"elementor-element elementor-element-4d6ee63a elementor-widget elementor-widget-text-editor\" data-id=\"4d6ee63a\" data-element_type=\"widget\" data-widget_type=\"text-editor.default\">\n\t\t\t\t<div class=\"elementor-widget-container\">\n\t\t\t\t\t\t\t<p><span style=\"color: #e9722b;\">Email<\/span>: <a href=\"mailto:rflores@aczalaw.com\" target=\"_blank\" rel=\"noopener\">rflores@aczalaw.com<\/a><\/p>\t\t\t\t\t\t<\/div>\n\t\t\t\t<\/div>\n\t\t\t\t\t<\/div>\n\t\t<\/div>\n\t\t\t\t<div class=\"elementor-column elementor-col-50 elementor-inner-column elementor-element elementor-element-6bcfbe0\" data-id=\"6bcfbe0\" data-element_type=\"column\">\n\t\t\t<div class=\"elementor-widget-wrap elementor-element-populated\">\n\t\t\t\t\t\t\t\t<div class=\"elementor-element elementor-element-385d8031 elementor-widget elementor-widget-text-editor\" data-id=\"385d8031\" data-element_type=\"widget\" data-widget_type=\"text-editor.default\">\n\t\t\t\t<div class=\"elementor-widget-container\">\n\t\t\t\t\t\t\t<p><strong>Educaci\u00f3n Superior:<\/strong>\u00a0Licenciado en Ciencias Jur\u00eddicas y Sociales, Universidad Nacional Aut\u00f3noma de Honduras, Abogado; Incorporado en el Colegio de Abogados en Honduras, 2001; Exequatur de Notario P\u00fablico desde Agosto 2017.\u00a0<\/p><p><strong>Otros Estudios:<\/strong>\u00a0Programa de Alta Gerencia, INCAE, Nicaragua 1973; Relaciones Econ\u00f3micas Internacionales, Derecho Internacional de Mar, y Derecho de Integraci\u00f3n, Queen Mary College, Londres, 1979-1981; Cursos y seminarios en Washington DC, Nueva York, y en Centroam\u00e9rica, sobre temas variados de derecho de la integraci\u00f3n, resoluci\u00f3n de conflictos y t\u00e9cnicas de negociaci\u00f3n, entre otras; Diploma de Curso General en Propiedad Intelectual de la Organizaci\u00f3n Mundial de Propiedad Intelectual, 2016.<\/p><p><strong>Experiencia Profesional jur\u00eddica y p\u00fablica:<\/strong>\u00a0Asociado de ACZALAW Abogados Centroamericanos Asociados, desde septiembre 2016; Agente de Honduras ante la Corte Internacional de Justicia, La Haya; Miembro del Instituto Hispano Luso-Americano de Derecho Internacional, El Escorial, Espa\u00f1a; Consultor de Naciones Unidas en apoyo al proceso de Integraci\u00f3n Centroamericana, Guatemala, 1993; Presidente de la Comisi\u00f3n de Investigaci\u00f3n de la Organizaci\u00f3n de los Estados Americanos (OEA), sobre la situaci\u00f3n de Hait\u00ed, 2002; Vicepresidente de la Asamblea General de Naciones Unidas, Nueva York, 1991-1992; Funcionario del Banco Centroamericano de Integraci\u00f3n Econ\u00f3mica (BCIE), Tegucigalpa, 1972 \u2013 1977.<\/p><p><strong>Cargos P\u00fablicos:<\/strong>\u00a0Embajador en Washington DC, Nueva York, Bruselas, Berlin, Londres, Ginebra, y en varios otros pa\u00edses, 1990-2015; Ministro de Relaciones Exteriores de la Rep\u00fablica de Honduras, 1999-2002.<\/p><p><strong>Experiencia Acad\u00e9mica:<\/strong>\u00a0Instructor Asistente de Derecho Internacional P\u00fablico de la Universidad Nacional Aut\u00f3noma de Honduras, 1972; Miembro de la Facultad Adjunta de la School for International Service (SIS) de American University, Washington DC, en calidad de diplom\u00e1tico residente, 2009 \u2013 2010; disertante en varios institutos y universidades en Suecia, Estados Unidos de Am\u00e9rica, Honduras, Israel, Taiw\u00e1n, Francia, Guatemala, y Alemania, sobre temas relativos a la integraci\u00f3n centroamericana; Derecho Internacional P\u00fablico; desarrollo de las relaciones pol\u00edticas centroamericanas; preservaci\u00f3n y protecci\u00f3n ambiental; oportunidades comerciales y de inversi\u00f3n en Honduras, entre otros temas.<\/p><p><strong>Pr\u00e1ctica Jur\u00eddica:<\/strong>\u00a0Miembro del Departamento Legal del Banco Centroamericano de Integraci\u00f3n Econ\u00f3mica 1973; Asesor en diferentes momentos en materia de obligaciones internacionales del Estado de Honduras en la Secretar\u00eda de Relaciones Exteriores; Representaci\u00f3n de Honduras en materia de delimitaci\u00f3n mar\u00edtima ante la Corte Internacional de Justicia.<\/p><p><strong>Idiomas:<\/strong>\u00a0Espa\u00f1ol, Ingl\u00e9s, conocimientos de Franc\u00e9s.<\/p>\t\t\t\t\t\t<\/div>\n\t\t\t\t<\/div>\n\t\t\t\t<div class=\"elementor-element elementor-element-2c3b29d8 elementor-widget elementor-widget-button\" data-id=\"2c3b29d8\" data-element_type=\"widget\" data-widget_type=\"button.default\">\n\t\t\t\t<div class=\"elementor-widget-container\">\n\t\t\t\t\t<div class=\"elementor-button-wrapper\">\n\t\t\t<a class=\"elementor-button elementor-button-link elementor-size-sm\" href=\"https:\/\/aczalaw.com\/honduras\/nuestro-equipo\/\">\n\t\t\t\t\t\t<span class=\"elementor-button-content-wrapper\">\n\t\t\t\t\t\t<span class=\"elementor-button-icon elementor-align-icon-left\">\n\t\t\t\t<i aria-hidden=\"true\" class=\"fas fa-arrow-left\"><\/i>\t\t\t<\/span>\n\t\t\t\t\t\t<span class=\"elementor-button-text\">VOLVER A \"NUESTRO EQUIPO\"<\/span>\n\t\t<\/span>\n\t\t\t\t\t<\/a>\n\t\t<\/div>\n\t\t\t\t<\/div>\n\t\t\t\t<\/div>\n\t\t\t\t\t<\/div>\n\t\t<\/div>\n\t\t\t\t\t\t\t<\/div>\n\t\t<\/section>\n\t\t\t\t\t<\/div>\n\t\t<\/div>\n\t\t\t\t\t\t\t<\/div>\n\t\t<\/section>\n\t\t\t\t<section class=\"elementor-section elementor-top-section elementor-element elementor-element-2df283e4 elementor-section-boxed elementor-section-height-default elementor-section-height-default\" data-id=\"2df283e4\" data-element_type=\"section\" data-settings=\"{&quot;background_background&quot;:&quot;classic&quot;}\">\n\t\t\t\t\t\t<div class=\"elementor-container elementor-column-gap-default\">\n\t\t\t\t\t<div class=\"elementor-column elementor-col-100 elementor-top-column elementor-element elementor-element-7dffffd6\" data-id=\"7dffffd6\" data-element_type=\"column\">\n\t\t\t<div class=\"elementor-widget-wrap elementor-element-populated\">\n\t\t\t\t\t\t\t\t<section class=\"elementor-section elementor-inner-section elementor-element elementor-element-e9806ff elementor-section-boxed elementor-section-height-default elementor-section-height-default\" data-id=\"e9806ff\" data-element_type=\"section\">\n\t\t\t\t\t\t<div class=\"elementor-container elementor-column-gap-default\">\n\t\t\t\t\t<div class=\"elementor-column elementor-col-100 elementor-inner-column elementor-element elementor-element-64525e6f\" data-id=\"64525e6f\" data-element_type=\"column\">\n\t\t\t<div class=\"elementor-widget-wrap elementor-element-populated\">\n\t\t\t\t\t\t\t\t<div class=\"elementor-element elementor-element-65673cee elementor-arrows-position-outside elementor-widget elementor-widget-image-carousel\" data-id=\"65673cee\" data-element_type=\"widget\" data-settings=\"{&quot;slides_to_show&quot;:&quot;6&quot;,&quot;navigation&quot;:&quot;arrows&quot;,&quot;slides_to_show_mobile&quot;:&quot;2&quot;,&quot;autoplay&quot;:&quot;yes&quot;,&quot;pause_on_hover&quot;:&quot;yes&quot;,&quot;pause_on_interaction&quot;:&quot;yes&quot;,&quot;autoplay_speed&quot;:5000,&quot;infinite&quot;:&quot;yes&quot;,&quot;speed&quot;:500,&quot;image_spacing_custom&quot;:{&quot;unit&quot;:&quot;px&quot;,&quot;size&quot;:20,&quot;sizes&quot;:[]},&quot;image_spacing_custom_tablet&quot;:{&quot;unit&quot;:&quot;px&quot;,&quot;size&quot;:&quot;&quot;,&quot;sizes&quot;:[]},&quot;image_spacing_custom_mobile&quot;:{&quot;unit&quot;:&quot;px&quot;,&quot;size&quot;:&quot;&quot;,&quot;sizes&quot;:[]}}\" data-widget_type=\"image-carousel.default\">\n\t\t\t\t<div class=\"elementor-widget-container\">\n\t\t\t<style>\/*! elementor - v3.16.0 - 20-09-2023 *\/\n.elementor-widget-image-carousel .swiper,.elementor-widget-image-carousel .swiper-container{position:static}.elementor-widget-image-carousel .swiper-container .swiper-slide figure,.elementor-widget-image-carousel .swiper .swiper-slide figure{line-height:inherit}.elementor-widget-image-carousel .swiper-slide{text-align:center}.elementor-image-carousel-wrapper:not(.swiper-container-initialized):not(.swiper-initialized) .swiper-slide{max-width:calc(100% \/ var(--e-image-carousel-slides-to-show, 3))}<\/style>\t\t<div class=\"elementor-image-carousel-wrapper swiper\" dir=\"ltr\">\n\t\t\t<div class=\"elementor-image-carousel swiper-wrapper\" aria-live=\"off\">\n\t\t\t\t\t\t\t\t<div class=\"swiper-slide\" role=\"group\" aria-roledescription=\"slide\" aria-label=\"1 de 7\"><figure class=\"swiper-slide-inner\"><img decoding=\"async\" class=\"swiper-slide-image\" src=\"https:\/\/aczalaw.com\/honduras\/wp-content\/uploads\/2023\/08\/aczalaw-chambers-global-ranking-2012.png\" alt=\"aczalaw-chambers-global-ranking-2012\" \/><\/figure><\/div><div class=\"swiper-slide\" role=\"group\" aria-roledescription=\"slide\" aria-label=\"2 de 7\"><figure class=\"swiper-slide-inner\"><img decoding=\"async\" class=\"swiper-slide-image\" src=\"https:\/\/aczalaw.com\/honduras\/wp-content\/uploads\/2023\/08\/aczalaw-chambers-global-ranking-2013.png\" alt=\"aczalaw-chambers-global-ranking-2013\" \/><\/figure><\/div><div class=\"swiper-slide\" role=\"group\" aria-roledescription=\"slide\" aria-label=\"3 de 7\"><figure class=\"swiper-slide-inner\"><img decoding=\"async\" class=\"swiper-slide-image\" src=\"https:\/\/aczalaw.com\/honduras\/wp-content\/uploads\/2023\/08\/aczalaw-chambers-global-ranking-2014.png\" alt=\"aczalaw-chambers-global-ranking-2014\" \/><\/figure><\/div><div class=\"swiper-slide\" role=\"group\" aria-roledescription=\"slide\" aria-label=\"4 de 7\"><figure class=\"swiper-slide-inner\"><img decoding=\"async\" class=\"swiper-slide-image\" src=\"https:\/\/aczalaw.com\/honduras\/wp-content\/uploads\/2023\/08\/aczalaw-chambers-global-ranking-2015.png\" alt=\"aczalaw-chambers-global-ranking-2015\" \/><\/figure><\/div><div class=\"swiper-slide\" role=\"group\" aria-roledescription=\"slide\" aria-label=\"5 de 7\"><figure class=\"swiper-slide-inner\"><img decoding=\"async\" class=\"swiper-slide-image\" src=\"https:\/\/aczalaw.com\/honduras\/wp-content\/uploads\/2023\/08\/aczalaw-global-member-firm.png\" alt=\"aczalaw-global-member-firm\" \/><\/figure><\/div><div class=\"swiper-slide\" role=\"group\" aria-roledescription=\"slide\" aria-label=\"6 de 7\"><figure class=\"swiper-slide-inner\"><img decoding=\"async\" class=\"swiper-slide-image\" src=\"https:\/\/aczalaw.com\/honduras\/wp-content\/uploads\/2023\/08\/aczalaw-the-legal-500.png\" alt=\"aczalaw-the-legal-500\" \/><\/figure><\/div><div class=\"swiper-slide\" role=\"group\" aria-roledescription=\"slide\" aria-label=\"7 de 7\"><figure class=\"swiper-slide-inner\"><img decoding=\"async\" class=\"swiper-slide-image\" src=\"https:\/\/aczalaw.com\/honduras\/wp-content\/uploads\/2023\/08\/ranked-in-latin-america.png\" alt=\"ranked-in-latin-america\" \/><\/figure><\/div>\t\t\t<\/div>\n\t\t\t\t\t\t\t\t\t\t\t\t<div class=\"elementor-swiper-button elementor-swiper-button-prev\" role=\"button\" tabindex=\"0\">\n\t\t\t\t\t\t<i aria-hidden=\"true\" class=\"eicon-chevron-left\"><\/i>\t\t\t\t\t<\/div>\n\t\t\t\t\t<div class=\"elementor-swiper-button elementor-swiper-button-next\" role=\"button\" tabindex=\"0\">\n\t\t\t\t\t\t<i aria-hidden=\"true\" class=\"eicon-chevron-right\"><\/i>\t\t\t\t\t<\/div>\n\t\t\t\t\n\t\t\t\t\t\t\t\t\t<\/div>\n\t\t\t\t<\/div>\n\t\t\t\t<\/div>\n\t\t\t\t\t<\/div>\n\t\t<\/div>\n\t\t\t\t\t\t\t<\/div>\n\t\t<\/section>\n\t\t\t\t\t<\/div>\n\t\t<\/div>\n\t\t\t\t\t\t\t<\/div>\n\t\t<\/section>\n\t\t\t\t\t\t\t<\/div>\n\t\t","protected":false},"excerpt":{"rendered":"<p>Abogado y Notario P\u00fablico Email: rflores@aczalaw.com Educaci\u00f3n Superior:\u00a0Licenciado en Ciencias Jur\u00eddicas y Sociales, Universidad Nacional Aut\u00f3noma de Honduras, Abogado; Incorporado en el Colegio de Abogados en Honduras, 2001; Exequatur de Notario P\u00fablico desde Agosto 2017.\u00a0 Otros Estudios:\u00a0Programa de Alta Gerencia, INCAE, Nicaragua 1973; Relaciones Econ\u00f3micas Internacionales, Derecho Internacional de Mar, y Derecho de Integraci\u00f3n, Queen [&hellip;]<\/p>\n","protected":false},"author":1,"featured_media":0,"parent":0,"menu_order":0,"comment_status":"closed","ping_status":"closed","template":"elementor_header_footer","meta":[],"_links":{"self":[{"href":"https:\/\/aczalaw.com\/honduras\/wp-json\/wp\/v2\/pages\/1467"}],"collection":[{"href":"https:\/\/aczalaw.com\/honduras\/wp-json\/wp\/v2\/pages"}],"about":[{"href":"https:\/\/aczalaw.com\/honduras\/wp-json\/wp\/v2\/types\/page"}],"author":[{"embeddable":true,"href":"https:\/\/aczalaw.com\/honduras\/wp-json\/wp\/v2\/users\/1"}],"replies":[{"embeddable":true,"href":"https:\/\/aczalaw.com\/honduras\/wp-json\/wp\/v2\/comments?post=1467"}],"version-history":[{"count":4,"href":"https:\/\/aczalaw.com\/honduras\/wp-json\/wp\/v2\/pages\/1467\/revisions"}],"predecessor-version":[{"id":1471,"href":"https:\/\/aczalaw.com\/honduras\/wp-json\/wp\/v2\/pages\/1467\/revisions\/1471"}],"wp:attachment":[{"href":"https:\/\/aczalaw.com\/honduras\/wp-json\/wp\/v2\/media?parent=1467"}],"curies":[{"name":"wp","href":"https:\/\/api.w.org\/{rel}","templated":true}]}}