{"id":2646,"date":"2023-07-12T17:31:09","date_gmt":"2023-07-12T17:31:09","guid":{"rendered":"https:\/\/aczalaw.com\/nicaragua\/?page_id=2646"},"modified":"2023-09-30T23:57:44","modified_gmt":"2023-09-30T23:57:44","slug":"derecho-de-competencia-y-consumo","status":"publish","type":"page","link":"https:\/\/aczalaw.com\/nicaragua\/en\/derecho-de-competencia-y-consumo\/","title":{"rendered":"COMPETITION AND CONSUMER LAW"},"content":{"rendered":"<div data-elementor-type=\"wp-page\" data-elementor-id=\"2646\" class=\"elementor elementor-2646\">\n\t\t\t\t\t\t\t\t\t<section class=\"elementor-section elementor-top-section elementor-element elementor-element-ee26ab5 elementor-section-boxed elementor-section-height-default elementor-section-height-default exad-glass-effect-no exad-sticky-section-no\" data-id=\"ee26ab5\" data-element_type=\"section\" data-settings=\"{&quot;_ha_eqh_enable&quot;:false}\">\n\t\t\t\t\t\t<div class=\"elementor-container elementor-column-gap-default\">\n\t\t\t\t\t<div class=\"elementor-column elementor-col-66 elementor-top-column elementor-element elementor-element-bc22748 exad-glass-effect-no exad-sticky-section-no\" data-id=\"bc22748\" data-element_type=\"column\">\n\t\t\t<div class=\"elementor-widget-wrap elementor-element-populated\">\n\t\t\t\t\t\t\t\t<section class=\"elementor-section elementor-inner-section elementor-element elementor-element-978980e elementor-section-boxed elementor-section-height-default elementor-section-height-default exad-glass-effect-no exad-sticky-section-no\" data-id=\"978980e\" data-element_type=\"section\" data-settings=\"{&quot;_ha_eqh_enable&quot;:false}\">\n\t\t\t\t\t\t<div class=\"elementor-container elementor-column-gap-default\">\n\t\t\t\t\t<div class=\"elementor-column elementor-col-100 elementor-inner-column elementor-element elementor-element-dc33b3e exad-glass-effect-no exad-sticky-section-no\" data-id=\"dc33b3e\" data-element_type=\"column\">\n\t\t\t<div class=\"elementor-widget-wrap elementor-element-populated\">\n\t\t\t\t\t\t\t\t<div class=\"elementor-element elementor-element-5eed0c2 elementor-position-top exad-sticky-section-no exad-glass-effect-no elementor-widget elementor-widget-image-box\" data-id=\"5eed0c2\" data-element_type=\"widget\" data-settings=\"{&quot;ekit_we_effect_on&quot;:&quot;none&quot;}\" data-widget_type=\"image-box.default\">\n\t\t\t\t<div class=\"elementor-widget-container\">\n\t\t\t<style>\/*! elementor - v3.16.0 - 20-09-2023 *\/\n.elementor-widget-image-box .elementor-image-box-content{width:100%}@media (min-width:768px){.elementor-widget-image-box.elementor-position-left .elementor-image-box-wrapper,.elementor-widget-image-box.elementor-position-right .elementor-image-box-wrapper{display:flex}.elementor-widget-image-box.elementor-position-right .elementor-image-box-wrapper{text-align:right;flex-direction:row-reverse}.elementor-widget-image-box.elementor-position-left .elementor-image-box-wrapper{text-align:left;flex-direction:row}.elementor-widget-image-box.elementor-position-top .elementor-image-box-img{margin:auto}.elementor-widget-image-box.elementor-vertical-align-top .elementor-image-box-wrapper{align-items:flex-start}.elementor-widget-image-box.elementor-vertical-align-middle .elementor-image-box-wrapper{align-items:center}.elementor-widget-image-box.elementor-vertical-align-bottom .elementor-image-box-wrapper{align-items:flex-end}}@media (max-width:767px){.elementor-widget-image-box .elementor-image-box-img{margin-left:auto!important;margin-right:auto!important;margin-bottom:15px}}.elementor-widget-image-box .elementor-image-box-img{display:inline-block}.elementor-widget-image-box .elementor-image-box-title a{color:inherit}.elementor-widget-image-box .elementor-image-box-wrapper{text-align:center}.elementor-widget-image-box .elementor-image-box-description{margin:0}<\/style><div class=\"elementor-image-box-wrapper\"><figure class=\"elementor-image-box-img\"><img loading=\"lazy\" decoding=\"async\" width=\"750\" height=\"488\" src=\"https:\/\/aczalaw.com\/nicaragua\/wp-content\/uploads\/2023\/08\/aczalaw-nicaragua-practice-area-competition-law-01-.png\" class=\"attachment-full size-full wp-image-6653\" alt=\"\" srcset=\"https:\/\/aczalaw.com\/nicaragua\/wp-content\/uploads\/2023\/08\/aczalaw-nicaragua-practice-area-competition-law-01-.png 750w, https:\/\/aczalaw.com\/nicaragua\/wp-content\/uploads\/2023\/08\/aczalaw-nicaragua-practice-area-competition-law-01--300x195.png 300w\" sizes=\"(max-width: 750px) 100vw, 750px\" \/><\/figure><div class=\"elementor-image-box-content\"><h3 class=\"elementor-image-box-title\">COMPETITION AND CONSUMER LAW:<\/h3><p class=\"elementor-image-box-description\">At ACZALAW we provide our clients with strategic advice on Competition and Consumer Law. Our specialists advise you on compliance with regulations in different areas:<br><br>\n\nThese areas are:\n\n\n<\/p><\/div><\/div>\t\t<\/div>\n\t\t\t\t<\/div>\n\t\t\t\t<div class=\"elementor-element elementor-element-e83d78d elementor-icon-list--layout-traditional elementor-list-item-link-full_width exad-sticky-section-no exad-glass-effect-no elementor-widget elementor-widget-icon-list\" data-id=\"e83d78d\" data-element_type=\"widget\" data-settings=\"{&quot;ekit_we_effect_on&quot;:&quot;none&quot;}\" data-widget_type=\"icon-list.default\">\n\t\t\t\t<div class=\"elementor-widget-container\">\n\t\t\t<link rel=\"stylesheet\" href=\"https:\/\/aczalaw.com\/nicaragua\/wp-content\/plugins\/elementor\/assets\/css\/widget-icon-list.min.css\">\t\t<ul class=\"elementor-icon-list-items\">\n\t\t\t\t\t\t\t<li class=\"elementor-icon-list-item\">\n\t\t\t\t\t\t\t\t\t\t\t<span class=\"elementor-icon-list-icon\">\n\t\t\t\t\t\t\t<i aria-hidden=\"true\" class=\"fas fa-check-circle\"><\/i>\t\t\t\t\t\t<\/span>\n\t\t\t\t\t\t\t\t\t\t<span class=\"elementor-icon-list-text\">Authorization processes before the PRO COMPETENCE Institute for acts of Concentrations and mergers of companies.<\/span>\n\t\t\t\t\t\t\t\t\t<\/li>\n\t\t\t\t\t\t\t\t<li class=\"elementor-icon-list-item\">\n\t\t\t\t\t\t\t\t\t\t\t<span class=\"elementor-icon-list-icon\">\n\t\t\t\t\t\t\t<i aria-hidden=\"true\" class=\"fas fa-check-circle\"><\/i>\t\t\t\t\t\t<\/span>\n\t\t\t\t\t\t\t\t\t\t<span class=\"elementor-icon-list-text\">Issues related to anti-competitive practices and conduct, unfair competition.<\/span>\n\t\t\t\t\t\t\t\t\t<\/li>\n\t\t\t\t\t\t\t\t<li class=\"elementor-icon-list-item\">\n\t\t\t\t\t\t\t\t\t\t\t<span class=\"elementor-icon-list-icon\">\n\t\t\t\t\t\t\t<i aria-hidden=\"true\" class=\"fas fa-check-circle\"><\/i>\t\t\t\t\t\t<\/span>\n\t\t\t\t\t\t\t\t\t\t<span class=\"elementor-icon-list-text\">Legal opinions on compliance, we provide advice in order to identify possible risks and verify that the practices of our clients comply with the general regime of competition and consumer rights and good practices in this area. <\/span>\n\t\t\t\t\t\t\t\t\t<\/li>\n\t\t\t\t\t\t\t\t<li class=\"elementor-icon-list-item\">\n\t\t\t\t\t\t\t\t\t\t\t<span class=\"elementor-icon-list-icon\">\n\t\t\t\t\t\t\t<i aria-hidden=\"true\" class=\"fas fa-check-circle\"><\/i>\t\t\t\t\t\t<\/span>\n\t\t\t\t\t\t\t\t\t\t<span class=\"elementor-icon-list-text\">Preventive advice on advertising.<\/span>\n\t\t\t\t\t\t\t\t\t<\/li>\n\t\t\t\t\t\t\t\t<li class=\"elementor-icon-list-item\">\n\t\t\t\t\t\t\t\t\t\t\t<span class=\"elementor-icon-list-icon\">\n\t\t\t\t\t\t\t<i aria-hidden=\"true\" class=\"fas fa-check-circle\"><\/i>\t\t\t\t\t\t<\/span>\n\t\t\t\t\t\t\t\t\t\t<span class=\"elementor-icon-list-text\">Administrative procedures of investigation \/ sanctions of the PROCOMPETENCIA Institute.<\/span>\n\t\t\t\t\t\t\t\t\t<\/li>\n\t\t\t\t\t\t\t\t<li class=\"elementor-icon-list-item\">\n\t\t\t\t\t\t\t\t\t\t\t<span class=\"elementor-icon-list-icon\">\n\t\t\t\t\t\t\t<i aria-hidden=\"true\" class=\"fas fa-check-circle\"><\/i>\t\t\t\t\t\t<\/span>\n\t\t\t\t\t\t\t\t\t\t<span class=\"elementor-icon-list-text\">Training to the management structure.<\/span>\n\t\t\t\t\t\t\t\t\t<\/li>\n\t\t\t\t\t\t<\/ul>\n\t\t\t\t<\/div>\n\t\t\t\t<\/div>\n\t\t\t\t\t<\/div>\n\t\t<\/div>\n\t\t\t\t\t\t\t<\/div>\n\t\t<\/section>\n\t\t\t\t\t<\/div>\n\t\t<\/div>\n\t\t\t\t<div class=\"elementor-column elementor-col-33 elementor-top-column elementor-element elementor-element-f881e84 exad-glass-effect-no exad-sticky-section-no\" data-id=\"f881e84\" data-element_type=\"column\">\n\t\t\t<div class=\"elementor-widget-wrap elementor-element-populated\">\n\t\t\t\t\t\t\t\t<div data-ha-element-link=\"{&quot;url&quot;:&quot;https:\\\/\\\/aczalaw.com\\\/nicaragua\\\/en\\\/contactanos\\\/&quot;,&quot;is_external&quot;:&quot;&quot;,&quot;nofollow&quot;:&quot;&quot;,&quot;custom_attributes&quot;:&quot;&quot;}\" style=\"cursor: pointer\" class=\"elementor-element elementor-element-a6874b6 coaching-details__sidebar exad-sticky-section-no exad-glass-effect-no elementor-widget elementor-widget-global elementor-global-2844 elementor-widget-treck-sidebar\" data-id=\"a6874b6\" data-element_type=\"widget\" data-settings=\"{&quot;ekit_we_effect_on&quot;:&quot;none&quot;}\" data-widget_type=\"treck-sidebar.default\">\n\t\t\t\t<div class=\"elementor-widget-container\">\n\t\t\t    <div class=\"banner-one\">\r\n        <div class=\"banner-one__shape-1\">\r\n                    <\/div>\r\n        <div class=\"banner-one__bg\" style=\"background-image: url();\"><\/div>\r\n        <div class=\"banner-one__img\">\r\n            <img decoding=\"async\" src=\"https:\/\/aczalaw.com\/nicaragua\/wp-content\/uploads\/2023\/08\/Entendiendo-la-Esencia-de-tu-Negocio-1-1.png\" alt=\"\u00a1Cont\u00e1ctanos!\" title=\"\u00a1Cont\u00e1ctanos!\" >        <\/div>\r\n        <h5 class=\"banner-one__title\">Understanding Your Core Business<\/h5>        <div class=\"banner-one__btn-box\">\r\n            <a class=\"banner-one__btn\" href=\"https:\/\/aczalaw.com\/nicaragua\/contactanos\/\"  >Consult here<\/a>        <\/div>\r\n    <\/div>\r\n\t\t<\/div>\n\t\t\t\t<\/div>\n\t\t\t\t<div class=\"elementor-element elementor-element-e66bf13 coaching-details__sidebar exad-sticky-section-no exad-glass-effect-no elementor-widget elementor-widget-treck-sidebar\" data-id=\"e66bf13\" data-element_type=\"widget\" data-settings=\"{&quot;ekit_we_effect_on&quot;:&quot;none&quot;}\" data-widget_type=\"treck-sidebar.default\">\n\t\t\t\t<div class=\"elementor-widget-container\">\n\t\t\t    <div class=\"coaching-details__services-list\">\r\n        <ul class=\"coaching-details__services list-unstyled ml-0\">\r\n                            <li class=\"\">\r\n                    <a class=\"\" href=\"https:\/\/aczalaw.com\/nicaragua\/bienes-raices-e-inmobiliario\/\"  >REAL ESTATE <\/a>                <\/li>\r\n                            <li class=\"\">\r\n                    <a class=\"\" href=\"https:\/\/aczalaw.com\/nicaragua\/comercio\/\"  >COMMERCE<\/a>                <\/li>\r\n                            <li class=\"\">\r\n                    <a class=\"\" href=\"https:\/\/aczalaw.com\/nicaragua\/contrataciones-publicas-administrativo-regulatorio\/\"  >PUBLIC, ADMINISTRATIVE AND REGULATORY PROCUREMENT<\/a>                <\/li>\r\n                            <li class=\"\">\r\n                    <a class=\"\" href=\"https:\/\/aczalaw.com\/nicaragua\/corporativo-mercantil\/\"  >CORPORATE AND COMMERCIAL<\/a>                <\/li>\r\n                            <li class=\"active\">\r\n                    <a class=\"\" href=\"https:\/\/aczalaw.com\/nicaragua\/derecho-de-competencia-y-consumo\/\"  >COMPETITION AND CONSUMER LAW<\/a>                <\/li>\r\n                            <li class=\"\">\r\n                    <a class=\"\" href=\"https:\/\/aczalaw.com\/nicaragua\/farmaceutico-y-registro-sanitarios\/\"  >PHARMACEUTICAL AND SANITARY REGISTRATIONS<\/a>                <\/li>\r\n                            <li class=\"\">\r\n                    <a class=\"\" href=\"https:\/\/aczalaw.com\/nicaragua\/fusiones-y-adquisiciones\/\"  >MERGERS AND ACQUISITIONS<\/a>                <\/li>\r\n                            <li class=\"\">\r\n                    <a class=\"\" href=\"https:\/\/aczalaw.com\/nicaragua\/inversion-extrangera-y-zonas-francas\/\"  >FOREIGN INVESTMENT AND FREE TRADE ZONES<\/a>                <\/li>\r\n                            <li class=\"\">\r\n                    <a class=\"\" href=\"https:\/\/aczalaw.com\/nicaragua\/laboral\/\"  >LABOR<\/a>                <\/li>\r\n                            <li class=\"\">\r\n                    <a class=\"\" href=\"https:\/\/aczalaw.com\/nicaragua\/migratorio\/\"  >IMMIGRATION<\/a>                <\/li>\r\n                            <li class=\"\">\r\n                    <a class=\"\" href=\"https:\/\/aczalaw.com\/nicaragua\/propiedad-intelectual\/\"  >INTELLECTUAL PROPERTY <\/a>                <\/li>\r\n                            <li class=\"\">\r\n                    <a class=\"\" href=\"https:\/\/aczalaw.com\/nicaragua\/servicios-administrativos\/\"  >ADMINISTRATIVE SERVICES<\/a>                <\/li>\r\n                            <li class=\"\">\r\n                    <a class=\"\" href=\"https:\/\/aczalaw.com\/nicaragua\/tributario\/\"  >TAX<\/a>                <\/li>\r\n                            <li class=\"\">\r\n                    <a class=\"\" href=\"https:\/\/aczalaw.com\/nicaragua\/tecnologia-y-telecomunicaciones\/\"  >TECHNOLOGY AND TELECOMMUNICATIONS<\/a>                <\/li>\r\n                    <\/ul>\r\n    <\/div>\r\n\t\t<\/div>\n\t\t\t\t<\/div>\n\t\t\t\t\t<\/div>\n\t\t<\/div>\n\t\t\t\t\t\t\t<\/div>\n\t\t<\/section>\n\t\t\t\t\t\t\t<\/div>","protected":false},"excerpt":{"rendered":"<p>DERECHO DE COMPETENCIA Y CONSUMO: En Aczalaw brindamos a nuestros clientes una asesor\u00eda estrat\u00e9gica en materia de Derecho de la Competencia y Consumo. Nuestros especialistas le asesoran en el cumplimiento de las normativas en diferentes \u00e1mbitos. Dichos \u00e1mbitos son: Procesos de autorizaci\u00f3n ante el Instituto PROCOMPETENCIA para actos de Concentraciones y fusiones de empresas. Temas [&hellip;]<\/p>","protected":false},"author":3,"featured_media":0,"parent":0,"menu_order":0,"comment_status":"closed","ping_status":"closed","template":"elementor_header_footer","meta":{"_joinchat":[],"footnotes":""},"yoast_head":"<!-- This site is optimized with the Yoast SEO plugin v22.6 - https:\/\/yoast.com\/wordpress\/plugins\/seo\/ -->\n<title>DERECHO DE COMPETENCIA Y CONSUMO - ACZALAW Nicaragua<\/title>\n<meta name=\"robots\" content=\"index, follow, max-snippet:-1, max-image-preview:large, max-video-preview:-1\" \/>\n<link rel=\"canonical\" href=\"https:\/\/aczalaw.com\/nicaragua\/en\/derecho-de-competencia-y-consumo\/\" \/>\n<meta property=\"og:locale\" content=\"en_US\" \/>\n<meta property=\"og:type\" content=\"article\" \/>\n<meta property=\"og:title\" content=\"DERECHO DE COMPETENCIA Y CONSUMO - ACZALAW Nicaragua\" \/>\n<meta property=\"og:description\" content=\"DERECHO DE COMPETENCIA Y CONSUMO: En Aczalaw brindamos a nuestros clientes una asesor\u00eda estrat\u00e9gica en materia de Derecho de la Competencia y Consumo. Nuestros especialistas le asesoran en el cumplimiento de las normativas en diferentes \u00e1mbitos. Dichos \u00e1mbitos son: Procesos de autorizaci\u00f3n ante el Instituto PROCOMPETENCIA para actos de Concentraciones y fusiones de empresas. Temas [&hellip;]\" \/>\n<meta property=\"og:url\" content=\"https:\/\/aczalaw.com\/nicaragua\/en\/derecho-de-competencia-y-consumo\/\" \/>\n<meta property=\"og:site_name\" content=\"ACZALAW Nicaragua\" \/>\n<meta property=\"article:publisher\" content=\"https:\/\/www.facebook.com\/aczalawnicaraguaabogados\/\" \/>\n<meta property=\"article:modified_time\" content=\"2023-09-30T23:57:44+00:00\" \/>\n<meta property=\"og:image\" content=\"https:\/\/aczalaw.com\/nicaragua\/wp-content\/uploads\/2023\/08\/aczalaw-nicaragua-practice-area-competition-law-01-.png\" \/>\n<meta name=\"twitter:card\" content=\"summary_large_image\" \/>\n<meta name=\"twitter:label1\" content=\"Est. reading time\" \/>\n\t<meta name=\"twitter:data1\" content=\"1 minute\" \/>\n<script type=\"application\/ld+json\" class=\"yoast-schema-graph\">{\"@context\":\"https:\/\/schema.org\",\"@graph\":[{\"@type\":\"WebPage\",\"@id\":\"https:\/\/aczalaw.com\/nicaragua\/derecho-de-competencia-y-consumo\/\",\"url\":\"https:\/\/aczalaw.com\/nicaragua\/derecho-de-competencia-y-consumo\/\",\"name\":\"DERECHO DE COMPETENCIA Y CONSUMO - ACZALAW Nicaragua\",\"isPartOf\":{\"@id\":\"https:\/\/aczalaw.com\/nicaragua\/#website\"},\"primaryImageOfPage\":{\"@id\":\"https:\/\/aczalaw.com\/nicaragua\/derecho-de-competencia-y-consumo\/#primaryimage\"},\"image\":{\"@id\":\"https:\/\/aczalaw.com\/nicaragua\/derecho-de-competencia-y-consumo\/#primaryimage\"},\"thumbnailUrl\":\"https:\/\/aczalaw.com\/nicaragua\/wp-content\/uploads\/2023\/08\/aczalaw-nicaragua-practice-area-competition-law-01-.png\",\"datePublished\":\"2023-07-12T17:31:09+00:00\",\"dateModified\":\"2023-09-30T23:57:44+00:00\",\"breadcrumb\":{\"@id\":\"https:\/\/aczalaw.com\/nicaragua\/derecho-de-competencia-y-consumo\/#breadcrumb\"},\"inLanguage\":\"en-US\",\"potentialAction\":[{\"@type\":\"ReadAction\",\"target\":[\"https:\/\/aczalaw.com\/nicaragua\/derecho-de-competencia-y-consumo\/\"]}]},{\"@type\":\"ImageObject\",\"inLanguage\":\"en-US\",\"@id\":\"https:\/\/aczalaw.com\/nicaragua\/derecho-de-competencia-y-consumo\/#primaryimage\",\"url\":\"https:\/\/aczalaw.com\/nicaragua\/wp-content\/uploads\/2023\/08\/aczalaw-nicaragua-practice-area-competition-law-01-.png\",\"contentUrl\":\"https:\/\/aczalaw.com\/nicaragua\/wp-content\/uploads\/2023\/08\/aczalaw-nicaragua-practice-area-competition-law-01-.png\"},{\"@type\":\"BreadcrumbList\",\"@id\":\"https:\/\/aczalaw.com\/nicaragua\/derecho-de-competencia-y-consumo\/#breadcrumb\",\"itemListElement\":[{\"@type\":\"ListItem\",\"position\":1,\"name\":\"Portada\",\"item\":\"https:\/\/aczalaw.com\/nicaragua\/\"},{\"@type\":\"ListItem\",\"position\":2,\"name\":\"DERECHO DE COMPETENCIA Y CONSUMO\"}]},{\"@type\":\"WebSite\",\"@id\":\"https:\/\/aczalaw.com\/nicaragua\/#website\",\"url\":\"https:\/\/aczalaw.com\/nicaragua\/\",\"name\":\"ACZALAW Nicaragua\",\"description\":\"Abogados Centroamericanos Asociados\",\"publisher\":{\"@id\":\"https:\/\/aczalaw.com\/nicaragua\/#organization\"},\"potentialAction\":[{\"@type\":\"SearchAction\",\"target\":{\"@type\":\"EntryPoint\",\"urlTemplate\":\"https:\/\/aczalaw.com\/nicaragua\/?s={search_term_string}\"},\"query-input\":\"required name=search_term_string\"}],\"inLanguage\":\"en-US\"},{\"@type\":\"Organization\",\"@id\":\"https:\/\/aczalaw.com\/nicaragua\/#organization\",\"name\":\"ACZALAW Nicaragua\",\"url\":\"https:\/\/aczalaw.com\/nicaragua\/\",\"logo\":{\"@type\":\"ImageObject\",\"inLanguage\":\"en-US\",\"@id\":\"https:\/\/aczalaw.com\/nicaragua\/#\/schema\/logo\/image\/\",\"url\":\"https:\/\/aczalaw.com\/nicaragua\/wp-content\/uploads\/2023\/07\/aczalaw-nicaragua-home-menu-logo.png\",\"contentUrl\":\"https:\/\/aczalaw.com\/nicaragua\/wp-content\/uploads\/2023\/07\/aczalaw-nicaragua-home-menu-logo.png\",\"width\":1280,\"height\":487,\"caption\":\"ACZALAW Nicaragua\"},\"image\":{\"@id\":\"https:\/\/aczalaw.com\/nicaragua\/#\/schema\/logo\/image\/\"},\"sameAs\":[\"https:\/\/www.facebook.com\/aczalawnicaraguaabogados\/\",\"https:\/\/www.linkedin.com\/company\/aczalawnicaragua\/\"]}]}<\/script>\n<!-- \/ Yoast SEO plugin. -->","yoast_head_json":{"title":"DERECHO DE COMPETENCIA Y CONSUMO - ACZALAW Nicaragua","robots":{"index":"index","follow":"follow","max-snippet":"max-snippet:-1","max-image-preview":"max-image-preview:large","max-video-preview":"max-video-preview:-1"},"canonical":"https:\/\/aczalaw.com\/nicaragua\/en\/derecho-de-competencia-y-consumo\/","og_locale":"en_US","og_type":"article","og_title":"DERECHO DE COMPETENCIA Y CONSUMO - ACZALAW Nicaragua","og_description":"DERECHO DE COMPETENCIA Y CONSUMO: En Aczalaw brindamos a nuestros clientes una asesor\u00eda estrat\u00e9gica en materia de Derecho de la Competencia y Consumo. Nuestros especialistas le asesoran en el cumplimiento de las normativas en diferentes \u00e1mbitos. Dichos \u00e1mbitos son: Procesos de autorizaci\u00f3n ante el Instituto PROCOMPETENCIA para actos de Concentraciones y fusiones de empresas. Temas [&hellip;]","og_url":"https:\/\/aczalaw.com\/nicaragua\/en\/derecho-de-competencia-y-consumo\/","og_site_name":"ACZALAW Nicaragua","article_publisher":"https:\/\/www.facebook.com\/aczalawnicaraguaabogados\/","article_modified_time":"2023-09-30T23:57:44+00:00","og_image":[{"url":"https:\/\/aczalaw.com\/nicaragua\/wp-content\/uploads\/2023\/08\/aczalaw-nicaragua-practice-area-competition-law-01-.png"}],"twitter_card":"summary_large_image","twitter_misc":{"Est. reading time":"1 minute"},"schema":{"@context":"https:\/\/schema.org","@graph":[{"@type":"WebPage","@id":"https:\/\/aczalaw.com\/nicaragua\/derecho-de-competencia-y-consumo\/","url":"https:\/\/aczalaw.com\/nicaragua\/derecho-de-competencia-y-consumo\/","name":"DERECHO DE COMPETENCIA Y CONSUMO - ACZALAW Nicaragua","isPartOf":{"@id":"https:\/\/aczalaw.com\/nicaragua\/#website"},"primaryImageOfPage":{"@id":"https:\/\/aczalaw.com\/nicaragua\/derecho-de-competencia-y-consumo\/#primaryimage"},"image":{"@id":"https:\/\/aczalaw.com\/nicaragua\/derecho-de-competencia-y-consumo\/#primaryimage"},"thumbnailUrl":"https:\/\/aczalaw.com\/nicaragua\/wp-content\/uploads\/2023\/08\/aczalaw-nicaragua-practice-area-competition-law-01-.png","datePublished":"2023-07-12T17:31:09+00:00","dateModified":"2023-09-30T23:57:44+00:00","breadcrumb":{"@id":"https:\/\/aczalaw.com\/nicaragua\/derecho-de-competencia-y-consumo\/#breadcrumb"},"inLanguage":"en-US","potentialAction":[{"@type":"ReadAction","target":["https:\/\/aczalaw.com\/nicaragua\/derecho-de-competencia-y-consumo\/"]}]},{"@type":"ImageObject","inLanguage":"en-US","@id":"https:\/\/aczalaw.com\/nicaragua\/derecho-de-competencia-y-consumo\/#primaryimage","url":"https:\/\/aczalaw.com\/nicaragua\/wp-content\/uploads\/2023\/08\/aczalaw-nicaragua-practice-area-competition-law-01-.png","contentUrl":"https:\/\/aczalaw.com\/nicaragua\/wp-content\/uploads\/2023\/08\/aczalaw-nicaragua-practice-area-competition-law-01-.png"},{"@type":"BreadcrumbList","@id":"https:\/\/aczalaw.com\/nicaragua\/derecho-de-competencia-y-consumo\/#breadcrumb","itemListElement":[{"@type":"ListItem","position":1,"name":"Portada","item":"https:\/\/aczalaw.com\/nicaragua\/"},{"@type":"ListItem","position":2,"name":"DERECHO DE COMPETENCIA Y CONSUMO"}]},{"@type":"WebSite","@id":"https:\/\/aczalaw.com\/nicaragua\/#website","url":"https:\/\/aczalaw.com\/nicaragua\/","name":"ACZALAW Nicaragua","description":"Abogados Centroamericanos Asociados","publisher":{"@id":"https:\/\/aczalaw.com\/nicaragua\/#organization"},"potentialAction":[{"@type":"SearchAction","target":{"@type":"EntryPoint","urlTemplate":"https:\/\/aczalaw.com\/nicaragua\/?s={search_term_string}"},"query-input":"required name=search_term_string"}],"inLanguage":"en-US"},{"@type":"Organization","@id":"https:\/\/aczalaw.com\/nicaragua\/#organization","name":"ACZALAW Nicaragua","url":"https:\/\/aczalaw.com\/nicaragua\/","logo":{"@type":"ImageObject","inLanguage":"en-US","@id":"https:\/\/aczalaw.com\/nicaragua\/#\/schema\/logo\/image\/","url":"https:\/\/aczalaw.com\/nicaragua\/wp-content\/uploads\/2023\/07\/aczalaw-nicaragua-home-menu-logo.png","contentUrl":"https:\/\/aczalaw.com\/nicaragua\/wp-content\/uploads\/2023\/07\/aczalaw-nicaragua-home-menu-logo.png","width":1280,"height":487,"caption":"ACZALAW Nicaragua"},"image":{"@id":"https:\/\/aczalaw.com\/nicaragua\/#\/schema\/logo\/image\/"},"sameAs":["https:\/\/www.facebook.com\/aczalawnicaraguaabogados\/","https:\/\/www.linkedin.com\/company\/aczalawnicaragua\/"]}]}},"_links":{"self":[{"href":"https:\/\/aczalaw.com\/nicaragua\/en\/wp-json\/wp\/v2\/pages\/2646"}],"collection":[{"href":"https:\/\/aczalaw.com\/nicaragua\/en\/wp-json\/wp\/v2\/pages"}],"about":[{"href":"https:\/\/aczalaw.com\/nicaragua\/en\/wp-json\/wp\/v2\/types\/page"}],"author":[{"embeddable":true,"href":"https:\/\/aczalaw.com\/nicaragua\/en\/wp-json\/wp\/v2\/users\/3"}],"replies":[{"embeddable":true,"href":"https:\/\/aczalaw.com\/nicaragua\/en\/wp-json\/wp\/v2\/comments?post=2646"}],"version-history":[{"count":49,"href":"https:\/\/aczalaw.com\/nicaragua\/en\/wp-json\/wp\/v2\/pages\/2646\/revisions"}],"predecessor-version":[{"id":8583,"href":"https:\/\/aczalaw.com\/nicaragua\/en\/wp-json\/wp\/v2\/pages\/2646\/revisions\/8583"}],"wp:attachment":[{"href":"https:\/\/aczalaw.com\/nicaragua\/en\/wp-json\/wp\/v2\/media?parent=2646"}],"curies":[{"name":"wp","href":"https:\/\/api.w.org\/{rel}","templated":true}]}}