{"id":2651,"date":"2023-07-12T17:34:13","date_gmt":"2023-07-12T17:34:13","guid":{"rendered":"https:\/\/aczalaw.com\/nicaragua\/?page_id=2651"},"modified":"2023-09-30T23:57:02","modified_gmt":"2023-09-30T23:57:02","slug":"tecnologia-y-telecomunicaciones","status":"publish","type":"page","link":"https:\/\/aczalaw.com\/nicaragua\/en\/tecnologia-y-telecomunicaciones\/","title":{"rendered":"TECHNOLOGY AND TELECOMMUNICATIONS"},"content":{"rendered":"<div data-elementor-type=\"wp-page\" data-elementor-id=\"2651\" class=\"elementor elementor-2651\">\n\t\t\t\t\t\t\t\t\t<section class=\"elementor-section elementor-top-section elementor-element elementor-element-4ef3e91 elementor-section-boxed elementor-section-height-default elementor-section-height-default exad-glass-effect-no exad-sticky-section-no\" data-id=\"4ef3e91\" data-element_type=\"section\" data-settings=\"{&quot;_ha_eqh_enable&quot;:false}\">\n\t\t\t\t\t\t<div class=\"elementor-container elementor-column-gap-default\">\n\t\t\t\t\t<div class=\"elementor-column elementor-col-66 elementor-top-column elementor-element elementor-element-d5b37f9 exad-glass-effect-no exad-sticky-section-no\" data-id=\"d5b37f9\" data-element_type=\"column\">\n\t\t\t<div class=\"elementor-widget-wrap elementor-element-populated\">\n\t\t\t\t\t\t\t\t<section class=\"elementor-section elementor-inner-section elementor-element elementor-element-e6324e3 elementor-section-boxed elementor-section-height-default elementor-section-height-default exad-glass-effect-no exad-sticky-section-no\" data-id=\"e6324e3\" data-element_type=\"section\" data-settings=\"{&quot;_ha_eqh_enable&quot;:false}\">\n\t\t\t\t\t\t<div class=\"elementor-container elementor-column-gap-default\">\n\t\t\t\t\t<div class=\"elementor-column elementor-col-100 elementor-inner-column elementor-element elementor-element-47e2d6e exad-glass-effect-no exad-sticky-section-no\" data-id=\"47e2d6e\" data-element_type=\"column\">\n\t\t\t<div class=\"elementor-widget-wrap elementor-element-populated\">\n\t\t\t\t\t\t\t\t<div class=\"elementor-element elementor-element-f2a1fea elementor-position-top exad-sticky-section-no exad-glass-effect-no elementor-widget elementor-widget-image-box\" data-id=\"f2a1fea\" data-element_type=\"widget\" data-settings=\"{&quot;ekit_we_effect_on&quot;:&quot;none&quot;}\" data-widget_type=\"image-box.default\">\n\t\t\t\t<div class=\"elementor-widget-container\">\n\t\t\t<style>\/*! elementor - v3.16.0 - 20-09-2023 *\/\n.elementor-widget-image-box .elementor-image-box-content{width:100%}@media (min-width:768px){.elementor-widget-image-box.elementor-position-left .elementor-image-box-wrapper,.elementor-widget-image-box.elementor-position-right .elementor-image-box-wrapper{display:flex}.elementor-widget-image-box.elementor-position-right .elementor-image-box-wrapper{text-align:right;flex-direction:row-reverse}.elementor-widget-image-box.elementor-position-left .elementor-image-box-wrapper{text-align:left;flex-direction:row}.elementor-widget-image-box.elementor-position-top .elementor-image-box-img{margin:auto}.elementor-widget-image-box.elementor-vertical-align-top .elementor-image-box-wrapper{align-items:flex-start}.elementor-widget-image-box.elementor-vertical-align-middle .elementor-image-box-wrapper{align-items:center}.elementor-widget-image-box.elementor-vertical-align-bottom .elementor-image-box-wrapper{align-items:flex-end}}@media (max-width:767px){.elementor-widget-image-box .elementor-image-box-img{margin-left:auto!important;margin-right:auto!important;margin-bottom:15px}}.elementor-widget-image-box .elementor-image-box-img{display:inline-block}.elementor-widget-image-box .elementor-image-box-title a{color:inherit}.elementor-widget-image-box .elementor-image-box-wrapper{text-align:center}.elementor-widget-image-box .elementor-image-box-description{margin:0}<\/style><div class=\"elementor-image-box-wrapper\"><figure class=\"elementor-image-box-img\"><img loading=\"lazy\" decoding=\"async\" width=\"1000\" height=\"650\" src=\"https:\/\/aczalaw.com\/nicaragua\/wp-content\/uploads\/2023\/07\/aczalaw-nicaragua-practice-area-Tecnologia-4.png\" class=\"attachment-full size-full wp-image-6174\" alt=\"\" srcset=\"https:\/\/aczalaw.com\/nicaragua\/wp-content\/uploads\/2023\/07\/aczalaw-nicaragua-practice-area-Tecnologia-4.png 1000w, https:\/\/aczalaw.com\/nicaragua\/wp-content\/uploads\/2023\/07\/aczalaw-nicaragua-practice-area-Tecnologia-4-300x195.png 300w, https:\/\/aczalaw.com\/nicaragua\/wp-content\/uploads\/2023\/07\/aczalaw-nicaragua-practice-area-Tecnologia-4-768x499.png 768w\" sizes=\"(max-width: 1000px) 100vw, 1000px\" \/><\/figure><div class=\"elementor-image-box-content\"><h3 class=\"elementor-image-box-title\">TECHNOLOGY AND TELECOMMUNICATIONS:<\/h3><p class=\"elementor-image-box-description\">The services offered by ACZALAW Nicaragua in the Technology and Telecommunications sector focus on comprehensive advice to foreign and local investors who wish to establish operations in this area, for the preparation of the required legal documentation and applicable requirements according to the Law of the matter and classification or category of the service. <br><br>Among others:\n<\/p><\/div><\/div>\t\t<\/div>\n\t\t\t\t<\/div>\n\t\t\t\t<div class=\"elementor-element elementor-element-49e5f1f elementor-icon-list--layout-traditional elementor-list-item-link-full_width exad-sticky-section-no exad-glass-effect-no elementor-widget elementor-widget-icon-list\" data-id=\"49e5f1f\" data-element_type=\"widget\" data-settings=\"{&quot;ekit_we_effect_on&quot;:&quot;none&quot;}\" data-widget_type=\"icon-list.default\">\n\t\t\t\t<div class=\"elementor-widget-container\">\n\t\t\t<link rel=\"stylesheet\" href=\"https:\/\/aczalaw.com\/nicaragua\/wp-content\/plugins\/elementor\/assets\/css\/widget-icon-list.min.css\">\t\t<ul class=\"elementor-icon-list-items\">\n\t\t\t\t\t\t\t<li class=\"elementor-icon-list-item\">\n\t\t\t\t\t\t\t\t\t\t\t<span class=\"elementor-icon-list-icon\">\n\t\t\t\t\t\t\t<i aria-hidden=\"true\" class=\"fas fa-check-circle\"><\/i>\t\t\t\t\t\t<\/span>\n\t\t\t\t\t\t\t\t\t\t<span class=\"elementor-icon-list-text\">Advice and accompaniment to companies for the establishment and domiciliation in the country, incorporation, registration, procedures of permits, licenses, registrations for the operation and provision of regulated and unregulated telecommunications services, value-added services, satellite operators, Internet service, Integrators among others.<\/span>\n\t\t\t\t\t\t\t\t\t<\/li>\n\t\t\t\t\t\t\t\t<li class=\"elementor-icon-list-item\">\n\t\t\t\t\t\t\t\t\t\t\t<span class=\"elementor-icon-list-icon\">\n\t\t\t\t\t\t\t<i aria-hidden=\"true\" class=\"fas fa-check-circle\"><\/i>\t\t\t\t\t\t<\/span>\n\t\t\t\t\t\t\t\t\t\t<span class=\"elementor-icon-list-text\">Advice and accompaniment to manage before the Regulator the homologation of telecommunications equipment, management and procedures of registration permits, for the import and commercialization of said equipment.<\/span>\n\t\t\t\t\t\t\t\t\t<\/li>\n\t\t\t\t\t\t\t\t<li class=\"elementor-icon-list-item\">\n\t\t\t\t\t\t\t\t\t\t\t<span class=\"elementor-icon-list-icon\">\n\t\t\t\t\t\t\t<i aria-hidden=\"true\" class=\"fas fa-check-circle\"><\/i>\t\t\t\t\t\t<\/span>\n\t\t\t\t\t\t\t\t\t\t<span class=\"elementor-icon-list-text\">Advice and accompaniment, representation and domicile service to satellite operators including the review and negotiation of Signal Landing contracts and commercial agreements with local operators complying with the requirements and regulatory and competition provisions.<\/span>\n\t\t\t\t\t\t\t\t\t<\/li>\n\t\t\t\t\t\t\t\t<li class=\"elementor-icon-list-item\">\n\t\t\t\t\t\t\t\t\t\t\t<span class=\"elementor-icon-list-icon\">\n\t\t\t\t\t\t\t<i aria-hidden=\"true\" class=\"fas fa-check-circle\"><\/i>\t\t\t\t\t\t<\/span>\n\t\t\t\t\t\t\t\t\t\t<span class=\"elementor-icon-list-text\">Advice on due diligence processes for the merger, sale or acquisition taking into account the regulatory aspects that affect.<\/span>\n\t\t\t\t\t\t\t\t\t<\/li>\n\t\t\t\t\t\t\t\t<li class=\"elementor-icon-list-item\">\n\t\t\t\t\t\t\t\t\t\t\t<span class=\"elementor-icon-list-icon\">\n\t\t\t\t\t\t\t<i aria-hidden=\"true\" class=\"fas fa-check-circle\"><\/i>\t\t\t\t\t\t<\/span>\n\t\t\t\t\t\t\t\t\t\t<span class=\"elementor-icon-list-text\">Experience in the management and advice in privatization processes, as well as public tenders, management, monitoring and obtaining licenses, authorizations and concession contracts before TELCOR, for the provision, operation and commercialization of regulated public telecommunications services.<\/span>\n\t\t\t\t\t\t\t\t\t<\/li>\n\t\t\t\t\t\t\t\t<li class=\"elementor-icon-list-item\">\n\t\t\t\t\t\t\t\t\t\t\t<span class=\"elementor-icon-list-icon\">\n\t\t\t\t\t\t\t<i aria-hidden=\"true\" class=\"fas fa-check-circle\"><\/i>\t\t\t\t\t\t<\/span>\n\t\t\t\t\t\t\t\t\t\t<span class=\"elementor-icon-list-text\">Advice and recommendations in relation to laws, regulations, reforms, administrative agreements that emanate from the Telecommunications regulatory entity and that in any way affect or affect the normal course of business of established operators or marketers.<\/span>\n\t\t\t\t\t\t\t\t\t<\/li>\n\t\t\t\t\t\t\t\t<li class=\"elementor-icon-list-item\">\n\t\t\t\t\t\t\t\t\t\t\t<span class=\"elementor-icon-list-icon\">\n\t\t\t\t\t\t\t<i aria-hidden=\"true\" class=\"fas fa-check-circle\"><\/i>\t\t\t\t\t\t<\/span>\n\t\t\t\t\t\t\t\t\t\t<span class=\"elementor-icon-list-text\">Advice, establishment, registration and procedures before the TELCOR Regulator, for installation of TORREROS for the construction, installation of telecommunications tower infrastructure<\/span>\n\t\t\t\t\t\t\t\t\t<\/li>\n\t\t\t\t\t\t\t\t<li class=\"elementor-icon-list-item\">\n\t\t\t\t\t\t\t\t\t\t\t<span class=\"elementor-icon-list-icon\">\n\t\t\t\t\t\t\t<i aria-hidden=\"true\" class=\"fas fa-check-circle\"><\/i>\t\t\t\t\t\t<\/span>\n\t\t\t\t\t\t\t\t\t\t<span class=\"elementor-icon-list-text\">Advice on the review of contracts and agreements for the supply of technological platforms and provision of services through said platform, virtual or physical as required, complying with the applicable legal, fiscal and regulatory requirements.<\/span>\n\t\t\t\t\t\t\t\t\t<\/li>\n\t\t\t\t\t\t\t\t<li class=\"elementor-icon-list-item\">\n\t\t\t\t\t\t\t\t\t\t\t<span class=\"elementor-icon-list-icon\">\n\t\t\t\t\t\t\t<i aria-hidden=\"true\" class=\"fas fa-check-circle\"><\/i>\t\t\t\t\t\t<\/span>\n\t\t\t\t\t\t\t\t\t\t<span class=\"elementor-icon-list-text\">Advice for the sale and transfer of rights of companies within the regulated economic sector.<\/span>\n\t\t\t\t\t\t\t\t\t<\/li>\n\t\t\t\t\t\t<\/ul>\n\t\t\t\t<\/div>\n\t\t\t\t<\/div>\n\t\t\t\t\t<\/div>\n\t\t<\/div>\n\t\t\t\t\t\t\t<\/div>\n\t\t<\/section>\n\t\t\t\t\t<\/div>\n\t\t<\/div>\n\t\t\t\t<div class=\"elementor-column elementor-col-33 elementor-top-column elementor-element elementor-element-075ba3d exad-glass-effect-no exad-sticky-section-no\" data-id=\"075ba3d\" data-element_type=\"column\">\n\t\t\t<div class=\"elementor-widget-wrap elementor-element-populated\">\n\t\t\t\t\t\t\t\t<div data-ha-element-link=\"{&quot;url&quot;:&quot;https:\\\/\\\/aczalaw.com\\\/nicaragua\\\/en\\\/contactanos\\\/&quot;,&quot;is_external&quot;:&quot;&quot;,&quot;nofollow&quot;:&quot;&quot;,&quot;custom_attributes&quot;:&quot;&quot;}\" style=\"cursor: pointer\" class=\"elementor-element elementor-element-342b5ef coaching-details__sidebar exad-sticky-section-no exad-glass-effect-no elementor-widget elementor-widget-global elementor-global-2844 elementor-widget-treck-sidebar\" data-id=\"342b5ef\" data-element_type=\"widget\" data-settings=\"{&quot;ekit_we_effect_on&quot;:&quot;none&quot;}\" data-widget_type=\"treck-sidebar.default\">\n\t\t\t\t<div class=\"elementor-widget-container\">\n\t\t\t    <div class=\"banner-one\">\r\n        <div class=\"banner-one__shape-1\">\r\n                    <\/div>\r\n        <div class=\"banner-one__bg\" style=\"background-image: url();\"><\/div>\r\n        <div class=\"banner-one__img\">\r\n            <img decoding=\"async\" src=\"https:\/\/aczalaw.com\/nicaragua\/wp-content\/uploads\/2023\/08\/Entendiendo-la-Esencia-de-tu-Negocio-1-1.png\" alt=\"\u00a1Cont\u00e1ctanos!\" title=\"\u00a1Cont\u00e1ctanos!\" >        <\/div>\r\n        <h5 class=\"banner-one__title\">Understanding Your Core Business<\/h5>        <div class=\"banner-one__btn-box\">\r\n            <a class=\"banner-one__btn\" href=\"https:\/\/aczalaw.com\/nicaragua\/contactanos\/\"  >Consult here<\/a>        <\/div>\r\n    <\/div>\r\n\t\t<\/div>\n\t\t\t\t<\/div>\n\t\t\t\t<div class=\"elementor-element elementor-element-610d57f coaching-details__sidebar exad-sticky-section-no exad-glass-effect-no elementor-widget elementor-widget-treck-sidebar\" data-id=\"610d57f\" data-element_type=\"widget\" data-settings=\"{&quot;ekit_we_effect_on&quot;:&quot;none&quot;}\" data-widget_type=\"treck-sidebar.default\">\n\t\t\t\t<div class=\"elementor-widget-container\">\n\t\t\t    <div class=\"coaching-details__services-list\">\r\n        <ul class=\"coaching-details__services list-unstyled ml-0\">\r\n                            <li class=\"\">\r\n                    <a class=\"\" href=\"https:\/\/aczalaw.com\/nicaragua\/bienes-raices-e-inmobiliario\/\"  >REAL ESTATE <\/a>                <\/li>\r\n                            <li class=\"\">\r\n                    <a class=\"\" href=\"https:\/\/aczalaw.com\/nicaragua\/comercio\/\"  >COMMERCE<\/a>                <\/li>\r\n                            <li class=\"\">\r\n                    <a class=\"\" href=\"https:\/\/aczalaw.com\/nicaragua\/contrataciones-publicas-administrativo-regulatorio\/\"  >PUBLIC, ADMINISTRATIVE AND REGULATORY PROCUREMENT<\/a>                <\/li>\r\n                            <li class=\"\">\r\n                    <a class=\"\" href=\"https:\/\/aczalaw.com\/nicaragua\/corporativo-mercantil\/\"  >CORPORATE AND COMMERCIAL<\/a>                <\/li>\r\n                            <li class=\"\">\r\n                    <a class=\"\" href=\"https:\/\/aczalaw.com\/nicaragua\/derecho-de-competencia-y-consumo\/\"  >COMPETITION AND CONSUMER LAW<\/a>                <\/li>\r\n                            <li class=\"\">\r\n                    <a class=\"\" href=\"https:\/\/aczalaw.com\/nicaragua\/farmaceutico-y-registro-sanitarios\/\"  >PHARMACEUTICAL AND SANITARY REGISTRATIONS<\/a>                <\/li>\r\n                            <li class=\"\">\r\n                    <a class=\"\" href=\"https:\/\/aczalaw.com\/nicaragua\/fusiones-y-adquisiciones\/\"  >MERGERS AND ACQUISITIONS<\/a>                <\/li>\r\n                            <li class=\"\">\r\n                    <a class=\"\" href=\"https:\/\/aczalaw.com\/nicaragua\/inversion-extrangera-y-zonas-francas\/\"  >FOREIGN INVESTMENT AND FREE TRADE ZONES<\/a>                <\/li>\r\n                            <li class=\"\">\r\n                    <a class=\"\" href=\"https:\/\/aczalaw.com\/nicaragua\/laboral\/\"  >LABOR<\/a>                <\/li>\r\n                            <li class=\"\">\r\n                    <a class=\"\" href=\"https:\/\/aczalaw.com\/nicaragua\/migratorio\/\"  >IMMIGRATION<\/a>                <\/li>\r\n                            <li class=\"\">\r\n                    <a class=\"\" href=\"https:\/\/aczalaw.com\/nicaragua\/propiedad-intelectual\/\"  >INTELLECTUAL PROPERTY <\/a>                <\/li>\r\n                            <li class=\"\">\r\n                    <a class=\"\" href=\"https:\/\/aczalaw.com\/nicaragua\/servicios-administrativos\/\"  >ADMINISTRATIVE SERVICES<\/a>                <\/li>\r\n                            <li class=\"\">\r\n                    <a class=\"\" href=\"https:\/\/aczalaw.com\/nicaragua\/tributario\/\"  >TAX<\/a>                <\/li>\r\n                            <li class=\"active\">\r\n                    <a class=\"\" href=\"https:\/\/aczalaw.com\/nicaragua\/tecnologia-y-telecomunicaciones\/\"  >TECHNOLOGY AND TELECOMMUNICATIONS<\/a>                <\/li>\r\n                    <\/ul>\r\n    <\/div>\r\n\t\t<\/div>\n\t\t\t\t<\/div>\n\t\t\t\t\t<\/div>\n\t\t<\/div>\n\t\t\t\t\t\t\t<\/div>\n\t\t<\/section>\n\t\t\t\t\t\t\t<\/div>","protected":false},"excerpt":{"rendered":"<p>TECNOLOG\u00cdA Y TELECOMUNICACIONES: Los servicios que ofrece ACZALAW Nicaragua en el sector Tecnolog\u00eda y Telecomunicaciones se enfocan en la asesor\u00eda integral a inversionistas extranjeros y locales que desean establecer operaciones en esta \u00e1rea, para la preparaci\u00f3n de la documentaci\u00f3n legal requerida y requisitos aplicables seg\u00fan la Ley de la materia y clasificaci\u00f3n o categor\u00eda del [&hellip;]<\/p>","protected":false},"author":3,"featured_media":0,"parent":0,"menu_order":0,"comment_status":"closed","ping_status":"closed","template":"elementor_header_footer","meta":{"_joinchat":[],"footnotes":""},"yoast_head":"<!-- This site is optimized with the Yoast SEO plugin v22.6 - https:\/\/yoast.com\/wordpress\/plugins\/seo\/ -->\n<title>TECNOLOGIA Y TELECOMUNICACIONES - ACZALAW Nicaragua<\/title>\n<meta name=\"robots\" content=\"index, follow, max-snippet:-1, max-image-preview:large, max-video-preview:-1\" \/>\n<link rel=\"canonical\" href=\"https:\/\/aczalaw.com\/nicaragua\/en\/tecnologia-y-telecomunicaciones\/\" \/>\n<meta property=\"og:locale\" content=\"en_US\" \/>\n<meta property=\"og:type\" content=\"article\" \/>\n<meta property=\"og:title\" content=\"TECNOLOGIA Y TELECOMUNICACIONES - ACZALAW Nicaragua\" \/>\n<meta property=\"og:description\" content=\"TECNOLOG\u00cdA Y TELECOMUNICACIONES: Los servicios que ofrece ACZALAW Nicaragua en el sector Tecnolog\u00eda y Telecomunicaciones se enfocan en la asesor\u00eda integral a inversionistas extranjeros y locales que desean establecer operaciones en esta \u00e1rea, para la preparaci\u00f3n de la documentaci\u00f3n legal requerida y requisitos aplicables seg\u00fan la Ley de la materia y clasificaci\u00f3n o categor\u00eda del [&hellip;]\" \/>\n<meta property=\"og:url\" content=\"https:\/\/aczalaw.com\/nicaragua\/en\/tecnologia-y-telecomunicaciones\/\" \/>\n<meta property=\"og:site_name\" content=\"ACZALAW Nicaragua\" \/>\n<meta property=\"article:publisher\" content=\"https:\/\/www.facebook.com\/aczalawnicaraguaabogados\/\" \/>\n<meta property=\"article:modified_time\" content=\"2023-09-30T23:57:02+00:00\" \/>\n<meta property=\"og:image\" content=\"https:\/\/aczalaw.com\/nicaragua\/wp-content\/uploads\/2023\/07\/aczalaw-nicaragua-practice-area-Tecnologia-4.png\" \/>\n<meta name=\"twitter:card\" content=\"summary_large_image\" \/>\n<meta name=\"twitter:label1\" content=\"Est. reading time\" \/>\n\t<meta name=\"twitter:data1\" content=\"2 minutes\" \/>\n<script type=\"application\/ld+json\" class=\"yoast-schema-graph\">{\"@context\":\"https:\/\/schema.org\",\"@graph\":[{\"@type\":\"WebPage\",\"@id\":\"https:\/\/aczalaw.com\/nicaragua\/tecnologia-y-telecomunicaciones\/\",\"url\":\"https:\/\/aczalaw.com\/nicaragua\/tecnologia-y-telecomunicaciones\/\",\"name\":\"TECNOLOGIA Y TELECOMUNICACIONES - ACZALAW Nicaragua\",\"isPartOf\":{\"@id\":\"https:\/\/aczalaw.com\/nicaragua\/#website\"},\"primaryImageOfPage\":{\"@id\":\"https:\/\/aczalaw.com\/nicaragua\/tecnologia-y-telecomunicaciones\/#primaryimage\"},\"image\":{\"@id\":\"https:\/\/aczalaw.com\/nicaragua\/tecnologia-y-telecomunicaciones\/#primaryimage\"},\"thumbnailUrl\":\"https:\/\/aczalaw.com\/nicaragua\/wp-content\/uploads\/2023\/07\/aczalaw-nicaragua-practice-area-Tecnologia-4.png\",\"datePublished\":\"2023-07-12T17:34:13+00:00\",\"dateModified\":\"2023-09-30T23:57:02+00:00\",\"breadcrumb\":{\"@id\":\"https:\/\/aczalaw.com\/nicaragua\/tecnologia-y-telecomunicaciones\/#breadcrumb\"},\"inLanguage\":\"en-US\",\"potentialAction\":[{\"@type\":\"ReadAction\",\"target\":[\"https:\/\/aczalaw.com\/nicaragua\/tecnologia-y-telecomunicaciones\/\"]}]},{\"@type\":\"ImageObject\",\"inLanguage\":\"en-US\",\"@id\":\"https:\/\/aczalaw.com\/nicaragua\/tecnologia-y-telecomunicaciones\/#primaryimage\",\"url\":\"https:\/\/aczalaw.com\/nicaragua\/wp-content\/uploads\/2023\/07\/aczalaw-nicaragua-practice-area-Tecnologia-4.png\",\"contentUrl\":\"https:\/\/aczalaw.com\/nicaragua\/wp-content\/uploads\/2023\/07\/aczalaw-nicaragua-practice-area-Tecnologia-4.png\"},{\"@type\":\"BreadcrumbList\",\"@id\":\"https:\/\/aczalaw.com\/nicaragua\/tecnologia-y-telecomunicaciones\/#breadcrumb\",\"itemListElement\":[{\"@type\":\"ListItem\",\"position\":1,\"name\":\"Portada\",\"item\":\"https:\/\/aczalaw.com\/nicaragua\/\"},{\"@type\":\"ListItem\",\"position\":2,\"name\":\"TECNOLOGIA Y TELECOMUNICACIONES\"}]},{\"@type\":\"WebSite\",\"@id\":\"https:\/\/aczalaw.com\/nicaragua\/#website\",\"url\":\"https:\/\/aczalaw.com\/nicaragua\/\",\"name\":\"ACZALAW Nicaragua\",\"description\":\"Abogados Centroamericanos Asociados\",\"publisher\":{\"@id\":\"https:\/\/aczalaw.com\/nicaragua\/#organization\"},\"potentialAction\":[{\"@type\":\"SearchAction\",\"target\":{\"@type\":\"EntryPoint\",\"urlTemplate\":\"https:\/\/aczalaw.com\/nicaragua\/?s={search_term_string}\"},\"query-input\":\"required name=search_term_string\"}],\"inLanguage\":\"en-US\"},{\"@type\":\"Organization\",\"@id\":\"https:\/\/aczalaw.com\/nicaragua\/#organization\",\"name\":\"ACZALAW Nicaragua\",\"url\":\"https:\/\/aczalaw.com\/nicaragua\/\",\"logo\":{\"@type\":\"ImageObject\",\"inLanguage\":\"en-US\",\"@id\":\"https:\/\/aczalaw.com\/nicaragua\/#\/schema\/logo\/image\/\",\"url\":\"https:\/\/aczalaw.com\/nicaragua\/wp-content\/uploads\/2023\/07\/aczalaw-nicaragua-home-menu-logo.png\",\"contentUrl\":\"https:\/\/aczalaw.com\/nicaragua\/wp-content\/uploads\/2023\/07\/aczalaw-nicaragua-home-menu-logo.png\",\"width\":1280,\"height\":487,\"caption\":\"ACZALAW Nicaragua\"},\"image\":{\"@id\":\"https:\/\/aczalaw.com\/nicaragua\/#\/schema\/logo\/image\/\"},\"sameAs\":[\"https:\/\/www.facebook.com\/aczalawnicaraguaabogados\/\",\"https:\/\/www.linkedin.com\/company\/aczalawnicaragua\/\"]}]}<\/script>\n<!-- \/ Yoast SEO plugin. -->","yoast_head_json":{"title":"TECNOLOGIA Y TELECOMUNICACIONES - ACZALAW Nicaragua","robots":{"index":"index","follow":"follow","max-snippet":"max-snippet:-1","max-image-preview":"max-image-preview:large","max-video-preview":"max-video-preview:-1"},"canonical":"https:\/\/aczalaw.com\/nicaragua\/en\/tecnologia-y-telecomunicaciones\/","og_locale":"en_US","og_type":"article","og_title":"TECNOLOGIA Y TELECOMUNICACIONES - ACZALAW Nicaragua","og_description":"TECNOLOG\u00cdA Y TELECOMUNICACIONES: Los servicios que ofrece ACZALAW Nicaragua en el sector Tecnolog\u00eda y Telecomunicaciones se enfocan en la asesor\u00eda integral a inversionistas extranjeros y locales que desean establecer operaciones en esta \u00e1rea, para la preparaci\u00f3n de la documentaci\u00f3n legal requerida y requisitos aplicables seg\u00fan la Ley de la materia y clasificaci\u00f3n o categor\u00eda del [&hellip;]","og_url":"https:\/\/aczalaw.com\/nicaragua\/en\/tecnologia-y-telecomunicaciones\/","og_site_name":"ACZALAW Nicaragua","article_publisher":"https:\/\/www.facebook.com\/aczalawnicaraguaabogados\/","article_modified_time":"2023-09-30T23:57:02+00:00","og_image":[{"url":"https:\/\/aczalaw.com\/nicaragua\/wp-content\/uploads\/2023\/07\/aczalaw-nicaragua-practice-area-Tecnologia-4.png"}],"twitter_card":"summary_large_image","twitter_misc":{"Est. reading time":"2 minutes"},"schema":{"@context":"https:\/\/schema.org","@graph":[{"@type":"WebPage","@id":"https:\/\/aczalaw.com\/nicaragua\/tecnologia-y-telecomunicaciones\/","url":"https:\/\/aczalaw.com\/nicaragua\/tecnologia-y-telecomunicaciones\/","name":"TECNOLOGIA Y TELECOMUNICACIONES - ACZALAW Nicaragua","isPartOf":{"@id":"https:\/\/aczalaw.com\/nicaragua\/#website"},"primaryImageOfPage":{"@id":"https:\/\/aczalaw.com\/nicaragua\/tecnologia-y-telecomunicaciones\/#primaryimage"},"image":{"@id":"https:\/\/aczalaw.com\/nicaragua\/tecnologia-y-telecomunicaciones\/#primaryimage"},"thumbnailUrl":"https:\/\/aczalaw.com\/nicaragua\/wp-content\/uploads\/2023\/07\/aczalaw-nicaragua-practice-area-Tecnologia-4.png","datePublished":"2023-07-12T17:34:13+00:00","dateModified":"2023-09-30T23:57:02+00:00","breadcrumb":{"@id":"https:\/\/aczalaw.com\/nicaragua\/tecnologia-y-telecomunicaciones\/#breadcrumb"},"inLanguage":"en-US","potentialAction":[{"@type":"ReadAction","target":["https:\/\/aczalaw.com\/nicaragua\/tecnologia-y-telecomunicaciones\/"]}]},{"@type":"ImageObject","inLanguage":"en-US","@id":"https:\/\/aczalaw.com\/nicaragua\/tecnologia-y-telecomunicaciones\/#primaryimage","url":"https:\/\/aczalaw.com\/nicaragua\/wp-content\/uploads\/2023\/07\/aczalaw-nicaragua-practice-area-Tecnologia-4.png","contentUrl":"https:\/\/aczalaw.com\/nicaragua\/wp-content\/uploads\/2023\/07\/aczalaw-nicaragua-practice-area-Tecnologia-4.png"},{"@type":"BreadcrumbList","@id":"https:\/\/aczalaw.com\/nicaragua\/tecnologia-y-telecomunicaciones\/#breadcrumb","itemListElement":[{"@type":"ListItem","position":1,"name":"Portada","item":"https:\/\/aczalaw.com\/nicaragua\/"},{"@type":"ListItem","position":2,"name":"TECNOLOGIA Y TELECOMUNICACIONES"}]},{"@type":"WebSite","@id":"https:\/\/aczalaw.com\/nicaragua\/#website","url":"https:\/\/aczalaw.com\/nicaragua\/","name":"ACZALAW Nicaragua","description":"Abogados Centroamericanos Asociados","publisher":{"@id":"https:\/\/aczalaw.com\/nicaragua\/#organization"},"potentialAction":[{"@type":"SearchAction","target":{"@type":"EntryPoint","urlTemplate":"https:\/\/aczalaw.com\/nicaragua\/?s={search_term_string}"},"query-input":"required name=search_term_string"}],"inLanguage":"en-US"},{"@type":"Organization","@id":"https:\/\/aczalaw.com\/nicaragua\/#organization","name":"ACZALAW Nicaragua","url":"https:\/\/aczalaw.com\/nicaragua\/","logo":{"@type":"ImageObject","inLanguage":"en-US","@id":"https:\/\/aczalaw.com\/nicaragua\/#\/schema\/logo\/image\/","url":"https:\/\/aczalaw.com\/nicaragua\/wp-content\/uploads\/2023\/07\/aczalaw-nicaragua-home-menu-logo.png","contentUrl":"https:\/\/aczalaw.com\/nicaragua\/wp-content\/uploads\/2023\/07\/aczalaw-nicaragua-home-menu-logo.png","width":1280,"height":487,"caption":"ACZALAW Nicaragua"},"image":{"@id":"https:\/\/aczalaw.com\/nicaragua\/#\/schema\/logo\/image\/"},"sameAs":["https:\/\/www.facebook.com\/aczalawnicaraguaabogados\/","https:\/\/www.linkedin.com\/company\/aczalawnicaragua\/"]}]}},"_links":{"self":[{"href":"https:\/\/aczalaw.com\/nicaragua\/en\/wp-json\/wp\/v2\/pages\/2651"}],"collection":[{"href":"https:\/\/aczalaw.com\/nicaragua\/en\/wp-json\/wp\/v2\/pages"}],"about":[{"href":"https:\/\/aczalaw.com\/nicaragua\/en\/wp-json\/wp\/v2\/types\/page"}],"author":[{"embeddable":true,"href":"https:\/\/aczalaw.com\/nicaragua\/en\/wp-json\/wp\/v2\/users\/3"}],"replies":[{"embeddable":true,"href":"https:\/\/aczalaw.com\/nicaragua\/en\/wp-json\/wp\/v2\/comments?post=2651"}],"version-history":[{"count":46,"href":"https:\/\/aczalaw.com\/nicaragua\/en\/wp-json\/wp\/v2\/pages\/2651\/revisions"}],"predecessor-version":[{"id":8580,"href":"https:\/\/aczalaw.com\/nicaragua\/en\/wp-json\/wp\/v2\/pages\/2651\/revisions\/8580"}],"wp:attachment":[{"href":"https:\/\/aczalaw.com\/nicaragua\/en\/wp-json\/wp\/v2\/media?parent=2651"}],"curies":[{"name":"wp","href":"https:\/\/api.w.org\/{rel}","templated":true}]}}