{"id":2656,"date":"2023-07-12T17:38:08","date_gmt":"2023-07-12T17:38:08","guid":{"rendered":"https:\/\/aczalaw.com\/nicaragua\/?page_id=2656"},"modified":"2023-09-30T23:56:28","modified_gmt":"2023-09-30T23:56:28","slug":"farmaceutico-y-registro-sanitarios","status":"publish","type":"page","link":"https:\/\/aczalaw.com\/nicaragua\/en\/farmaceutico-y-registro-sanitarios\/","title":{"rendered":"FARMACEUTICO Y REGISTRO SANITARIOS"},"content":{"rendered":"<div data-elementor-type=\"wp-page\" data-elementor-id=\"2656\" class=\"elementor elementor-2656\">\n\t\t\t\t\t\t\t\t\t<section class=\"elementor-section elementor-top-section elementor-element elementor-element-fa97b28 elementor-section-boxed elementor-section-height-default elementor-section-height-default exad-glass-effect-no exad-sticky-section-no\" data-id=\"fa97b28\" data-element_type=\"section\" data-settings=\"{&quot;_ha_eqh_enable&quot;:false}\">\n\t\t\t\t\t\t<div class=\"elementor-container elementor-column-gap-default\">\n\t\t\t\t\t<div class=\"elementor-column elementor-col-66 elementor-top-column elementor-element elementor-element-db52346 exad-glass-effect-no exad-sticky-section-no\" data-id=\"db52346\" data-element_type=\"column\">\n\t\t\t<div class=\"elementor-widget-wrap elementor-element-populated\">\n\t\t\t\t\t\t\t\t<section class=\"elementor-section elementor-inner-section elementor-element elementor-element-f8c8ab4 elementor-section-boxed elementor-section-height-default elementor-section-height-default exad-glass-effect-no exad-sticky-section-no\" data-id=\"f8c8ab4\" data-element_type=\"section\" data-settings=\"{&quot;_ha_eqh_enable&quot;:false}\">\n\t\t\t\t\t\t<div class=\"elementor-container elementor-column-gap-default\">\n\t\t\t\t\t<div class=\"elementor-column elementor-col-100 elementor-inner-column elementor-element elementor-element-7ad78eb exad-glass-effect-no exad-sticky-section-no\" data-id=\"7ad78eb\" data-element_type=\"column\">\n\t\t\t<div class=\"elementor-widget-wrap elementor-element-populated\">\n\t\t\t\t\t\t\t\t<div class=\"elementor-element elementor-element-3ee5977 elementor-position-top exad-sticky-section-no exad-glass-effect-no elementor-widget elementor-widget-image-box\" data-id=\"3ee5977\" data-element_type=\"widget\" data-settings=\"{&quot;ekit_we_effect_on&quot;:&quot;none&quot;}\" data-widget_type=\"image-box.default\">\n\t\t\t\t<div class=\"elementor-widget-container\">\n\t\t\t<style>\/*! elementor - v3.16.0 - 20-09-2023 *\/\n.elementor-widget-image-box .elementor-image-box-content{width:100%}@media (min-width:768px){.elementor-widget-image-box.elementor-position-left .elementor-image-box-wrapper,.elementor-widget-image-box.elementor-position-right .elementor-image-box-wrapper{display:flex}.elementor-widget-image-box.elementor-position-right .elementor-image-box-wrapper{text-align:right;flex-direction:row-reverse}.elementor-widget-image-box.elementor-position-left .elementor-image-box-wrapper{text-align:left;flex-direction:row}.elementor-widget-image-box.elementor-position-top .elementor-image-box-img{margin:auto}.elementor-widget-image-box.elementor-vertical-align-top .elementor-image-box-wrapper{align-items:flex-start}.elementor-widget-image-box.elementor-vertical-align-middle .elementor-image-box-wrapper{align-items:center}.elementor-widget-image-box.elementor-vertical-align-bottom .elementor-image-box-wrapper{align-items:flex-end}}@media (max-width:767px){.elementor-widget-image-box .elementor-image-box-img{margin-left:auto!important;margin-right:auto!important;margin-bottom:15px}}.elementor-widget-image-box .elementor-image-box-img{display:inline-block}.elementor-widget-image-box .elementor-image-box-title a{color:inherit}.elementor-widget-image-box .elementor-image-box-wrapper{text-align:center}.elementor-widget-image-box .elementor-image-box-description{margin:0}<\/style><div class=\"elementor-image-box-wrapper\"><figure class=\"elementor-image-box-img\"><img loading=\"lazy\" decoding=\"async\" width=\"1000\" height=\"665\" src=\"https:\/\/aczalaw.com\/nicaragua\/wp-content\/uploads\/2023\/07\/aczalaw-nicaragua-practice-area-pharmaceutical-2.jpg\" class=\"attachment-full size-full wp-image-3834\" alt=\"\" srcset=\"https:\/\/aczalaw.com\/nicaragua\/wp-content\/uploads\/2023\/07\/aczalaw-nicaragua-practice-area-pharmaceutical-2.jpg 1000w, https:\/\/aczalaw.com\/nicaragua\/wp-content\/uploads\/2023\/07\/aczalaw-nicaragua-practice-area-pharmaceutical-2-300x200.jpg 300w, https:\/\/aczalaw.com\/nicaragua\/wp-content\/uploads\/2023\/07\/aczalaw-nicaragua-practice-area-pharmaceutical-2-768x511.jpg 768w\" sizes=\"(max-width: 1000px) 100vw, 1000px\" \/><\/figure><div class=\"elementor-image-box-content\"><h3 class=\"elementor-image-box-title\">PHARMACEUTICAL AND HEALTH REGISTRATIONS:<\/h3><p class=\"elementor-image-box-description\">Nicaragua\u2019s ACZALAW lawyers have developed experience to advise and accompany our clients, companies in the pharmaceutical and related sectors, regulated by the Ministry of Health, in the processing and obtaining of permits, licenses and compliance with the regulations of the health sector.<br><br>\nWe support our clients in the procedures required to import, market, distribute and operate in the market, by obtaining sanitary and establishment licenses, sanitary registrations of pharmaceutical products, cosmetics, medical devices, hygiene products and home use, food and beverages and others.<br><br>\nThe services offered by our firm include:\n\n<\/p><\/div><\/div>\t\t<\/div>\n\t\t\t\t<\/div>\n\t\t\t\t<div class=\"elementor-element elementor-element-9b120db elementor-icon-list--layout-traditional elementor-list-item-link-full_width exad-sticky-section-no exad-glass-effect-no elementor-widget elementor-widget-icon-list\" data-id=\"9b120db\" data-element_type=\"widget\" data-settings=\"{&quot;ekit_we_effect_on&quot;:&quot;none&quot;}\" data-widget_type=\"icon-list.default\">\n\t\t\t\t<div class=\"elementor-widget-container\">\n\t\t\t<link rel=\"stylesheet\" href=\"https:\/\/aczalaw.com\/nicaragua\/wp-content\/plugins\/elementor\/assets\/css\/widget-icon-list.min.css\">\t\t<ul class=\"elementor-icon-list-items\">\n\t\t\t\t\t\t\t<li class=\"elementor-icon-list-item\">\n\t\t\t\t\t\t\t\t\t\t\t<span class=\"elementor-icon-list-icon\">\n\t\t\t\t\t\t\t<i aria-hidden=\"true\" class=\"fas fa-check-circle\"><\/i>\t\t\t\t\t\t<\/span>\n\t\t\t\t\t\t\t\t\t\t<span class=\"elementor-icon-list-text\">Advice on applicable regulatory aspects that must be complied with before the Ministry of Health, to carry out health registrations, depending on the issue.<\/span>\n\t\t\t\t\t\t\t\t\t<\/li>\n\t\t\t\t\t\t\t\t<li class=\"elementor-icon-list-item\">\n\t\t\t\t\t\t\t\t\t\t\t<span class=\"elementor-icon-list-icon\">\n\t\t\t\t\t\t\t<i aria-hidden=\"true\" class=\"fas fa-check-circle\"><\/i>\t\t\t\t\t\t<\/span>\n\t\t\t\t\t\t\t\t\t\t<span class=\"elementor-icon-list-text\">Review, preparation and completion of all applicable documents and requirements for submitting health license applications for health facilities and sanitary registrations of pharmaceuticals, cosmetic and household hygiene products, food and beverages, medical devices, controlled substances or others required for such registration including their renewals and modifications.<\/span>\n\t\t\t\t\t\t\t\t\t<\/li>\n\t\t\t\t\t\t\t\t<li class=\"elementor-icon-list-item\">\n\t\t\t\t\t\t\t\t\t\t\t<span class=\"elementor-icon-list-icon\">\n\t\t\t\t\t\t\t<i aria-hidden=\"true\" class=\"fas fa-check-circle\"><\/i>\t\t\t\t\t\t<\/span>\n\t\t\t\t\t\t\t\t\t\t<span class=\"elementor-icon-list-text\">Advice on the review of regulatory aspects in matters of advertising, defense of consumer rights, labeling, economic competition, or others that by their nature affect and must be taken into account, which apply to each product according to its own regulation.<\/span>\n\t\t\t\t\t\t\t\t\t<\/li>\n\t\t\t\t\t\t\t\t<li class=\"elementor-icon-list-item\">\n\t\t\t\t\t\t\t\t\t\t\t<span class=\"elementor-icon-list-icon\">\n\t\t\t\t\t\t\t<i aria-hidden=\"true\" class=\"fas fa-check-circle\"><\/i>\t\t\t\t\t\t<\/span>\n\t\t\t\t\t\t\t\t\t\t<span class=\"elementor-icon-list-text\">Defense of registrations and their trademarks related to intellectual property rights, economic competition or other regulatory issues that affect such registrations.<\/span>\n\t\t\t\t\t\t\t\t\t<\/li>\n\t\t\t\t\t\t\t\t<li class=\"elementor-icon-list-item\">\n\t\t\t\t\t\t\t\t\t\t\t<span class=\"elementor-icon-list-icon\">\n\t\t\t\t\t\t\t<i aria-hidden=\"true\" class=\"fas fa-check-circle\"><\/i>\t\t\t\t\t\t<\/span>\n\t\t\t\t\t\t\t\t\t\t<span class=\"elementor-icon-list-text\">Advice and support in the review, preparation and preparation of distribution and representation contracts for the import, distribution and marketing of products regulated by the Ministry of Health referred to here.<\/span>\n\t\t\t\t\t\t\t\t\t<\/li>\n\t\t\t\t\t\t\t\t<li class=\"elementor-icon-list-item\">\n\t\t\t\t\t\t\t\t\t\t\t<span class=\"elementor-icon-list-icon\">\n\t\t\t\t\t\t\t<i aria-hidden=\"true\" class=\"fas fa-check-circle\"><\/i>\t\t\t\t\t\t<\/span>\n\t\t\t\t\t\t\t\t\t\t<span class=\"elementor-icon-list-text\">Accompaniment, preparation, advice in paperwork processes to establish and request operating licenses of establishment, for the import, distribution and sale of products regulated by the Ministry of Health as applicable, according to the regulations of each product.<\/span>\n\t\t\t\t\t\t\t\t\t<\/li>\n\t\t\t\t\t\t\t\t<li class=\"elementor-icon-list-item\">\n\t\t\t\t\t\t\t\t\t\t\t<span class=\"elementor-icon-list-icon\">\n\t\t\t\t\t\t\t<i aria-hidden=\"true\" class=\"fas fa-check-circle\"><\/i>\t\t\t\t\t\t<\/span>\n\t\t\t\t\t\t\t\t\t\t<span class=\"elementor-icon-list-text\">Representation of manufacturing laboratories and accompaniment in compliance with regulations. <\/span>\n\t\t\t\t\t\t\t\t\t<\/li>\n\t\t\t\t\t\t<\/ul>\n\t\t\t\t<\/div>\n\t\t\t\t<\/div>\n\t\t\t\t\t<\/div>\n\t\t<\/div>\n\t\t\t\t\t\t\t<\/div>\n\t\t<\/section>\n\t\t\t\t\t<\/div>\n\t\t<\/div>\n\t\t\t\t<div class=\"elementor-column elementor-col-33 elementor-top-column elementor-element elementor-element-31572de exad-glass-effect-no exad-sticky-section-no\" data-id=\"31572de\" data-element_type=\"column\">\n\t\t\t<div class=\"elementor-widget-wrap elementor-element-populated\">\n\t\t\t\t\t\t\t\t<div data-ha-element-link=\"{&quot;url&quot;:&quot;https:\\\/\\\/aczalaw.com\\\/nicaragua\\\/en\\\/contactanos\\\/&quot;,&quot;is_external&quot;:&quot;&quot;,&quot;nofollow&quot;:&quot;&quot;,&quot;custom_attributes&quot;:&quot;&quot;}\" style=\"cursor: pointer\" class=\"elementor-element elementor-element-6ed5d34 coaching-details__sidebar exad-sticky-section-no exad-glass-effect-no elementor-widget elementor-widget-global elementor-global-2844 elementor-widget-treck-sidebar\" data-id=\"6ed5d34\" data-element_type=\"widget\" data-settings=\"{&quot;ekit_we_effect_on&quot;:&quot;none&quot;}\" data-widget_type=\"treck-sidebar.default\">\n\t\t\t\t<div class=\"elementor-widget-container\">\n\t\t\t    <div class=\"banner-one\">\r\n        <div class=\"banner-one__shape-1\">\r\n                    <\/div>\r\n        <div class=\"banner-one__bg\" style=\"background-image: url();\"><\/div>\r\n        <div class=\"banner-one__img\">\r\n            <img decoding=\"async\" src=\"https:\/\/aczalaw.com\/nicaragua\/wp-content\/uploads\/2023\/08\/Entendiendo-la-Esencia-de-tu-Negocio-1-1.png\" alt=\"\u00a1Cont\u00e1ctanos!\" title=\"\u00a1Cont\u00e1ctanos!\" >        <\/div>\r\n        <h5 class=\"banner-one__title\">Understanding Your Core Business<\/h5>        <div class=\"banner-one__btn-box\">\r\n            <a class=\"banner-one__btn\" href=\"https:\/\/aczalaw.com\/nicaragua\/contactanos\/\"  >Consult here<\/a>        <\/div>\r\n    <\/div>\r\n\t\t<\/div>\n\t\t\t\t<\/div>\n\t\t\t\t<div class=\"elementor-element elementor-element-4d3f16d coaching-details__sidebar exad-sticky-section-no exad-glass-effect-no elementor-widget elementor-widget-treck-sidebar\" data-id=\"4d3f16d\" data-element_type=\"widget\" data-settings=\"{&quot;ekit_we_effect_on&quot;:&quot;none&quot;}\" data-widget_type=\"treck-sidebar.default\">\n\t\t\t\t<div class=\"elementor-widget-container\">\n\t\t\t    <div class=\"coaching-details__services-list\">\r\n        <ul class=\"coaching-details__services list-unstyled ml-0\">\r\n                            <li class=\"\">\r\n                    <a class=\"\" href=\"https:\/\/aczalaw.com\/nicaragua\/bienes-raices-e-inmobiliario\/\"  >REAL ESTATE <\/a>                <\/li>\r\n                            <li class=\"\">\r\n                    <a class=\"\" href=\"https:\/\/aczalaw.com\/nicaragua\/comercio\/\"  >COMMERCE<\/a>                <\/li>\r\n                            <li class=\"\">\r\n                    <a class=\"\" href=\"https:\/\/aczalaw.com\/nicaragua\/contrataciones-publicas-administrativo-regulatorio\/\"  >PUBLIC, ADMINISTRATIVE AND REGULATORY PROCUREMENT<\/a>                <\/li>\r\n                            <li class=\"\">\r\n                    <a class=\"\" href=\"https:\/\/aczalaw.com\/nicaragua\/corporativo-mercantil\/\"  >CORPORATE AND COMMERCIAL<\/a>                <\/li>\r\n                            <li class=\"\">\r\n                    <a class=\"\" href=\"https:\/\/aczalaw.com\/nicaragua\/derecho-de-competencia-y-consumo\/\"  >COMPETITION AND CONSUMER LAW<\/a>                <\/li>\r\n                            <li class=\"active\">\r\n                    <a class=\"\" href=\"https:\/\/aczalaw.com\/nicaragua\/farmaceutico-y-registro-sanitarios\/\"  >PHARMACEUTICAL AND SANITARY REGISTRATIONS<\/a>                <\/li>\r\n                            <li class=\"\">\r\n                    <a class=\"\" href=\"https:\/\/aczalaw.com\/nicaragua\/fusiones-y-adquisiciones\/\"  >MERGERS AND ACQUISITIONS<\/a>                <\/li>\r\n                            <li class=\"\">\r\n                    <a class=\"\" href=\"https:\/\/aczalaw.com\/nicaragua\/inversion-extrangera-y-zonas-francas\/\"  >FOREIGN INVESTMENT AND FREE TRADE ZONES<\/a>                <\/li>\r\n                            <li class=\"\">\r\n                    <a class=\"\" href=\"https:\/\/aczalaw.com\/nicaragua\/laboral\/\"  >LABOR<\/a>                <\/li>\r\n                            <li class=\"\">\r\n                    <a class=\"\" href=\"https:\/\/aczalaw.com\/nicaragua\/migratorio\/\"  >IMMIGRATION<\/a>                <\/li>\r\n                            <li class=\"\">\r\n                    <a class=\"\" href=\"https:\/\/aczalaw.com\/nicaragua\/propiedad-intelectual\/\"  >INTELLECTUAL PROPERTY <\/a>                <\/li>\r\n                            <li class=\"\">\r\n                    <a class=\"\" href=\"https:\/\/aczalaw.com\/nicaragua\/servicios-administrativos\/\"  >ADMINISTRATIVE SERVICES<\/a>                <\/li>\r\n                            <li class=\"\">\r\n                    <a class=\"\" href=\"https:\/\/aczalaw.com\/nicaragua\/tributario\/\"  >TAX<\/a>                <\/li>\r\n                            <li class=\"\">\r\n                    <a class=\"\" href=\"https:\/\/aczalaw.com\/nicaragua\/tecnologia-y-telecomunicaciones\/\"  >TECHNOLOGY AND TELECOMMUNICATIONS<\/a>                <\/li>\r\n                    <\/ul>\r\n    <\/div>\r\n\t\t<\/div>\n\t\t\t\t<\/div>\n\t\t\t\t\t<\/div>\n\t\t<\/div>\n\t\t\t\t\t\t\t<\/div>\n\t\t<\/section>\n\t\t\t\t\t\t\t<\/div>","protected":false},"excerpt":{"rendered":"<p>FARMAC\u00c9UTICO Y REGISTROS SANITARIOS: Los abogados de ACZALAW Nicaragua han desarrollado experiencia para asesorar y acompa\u00f1ar a nuestros clientes, empresas del sector farmac\u00e9utico y conexos, regulados por el Ministerio de Salud, en la tramitaci\u00f3n y obtenci\u00f3n de permisos, licencias y cumplimiento de las regulaciones del sector salud. Apoyamos a nuestros clientes en los tr\u00e1mites requeridos [&hellip;]<\/p>","protected":false},"author":3,"featured_media":0,"parent":0,"menu_order":0,"comment_status":"closed","ping_status":"closed","template":"elementor_header_footer","meta":{"_joinchat":[],"footnotes":""},"yoast_head":"<!-- This site is optimized with the Yoast SEO plugin v22.6 - https:\/\/yoast.com\/wordpress\/plugins\/seo\/ -->\n<title>FARMACEUTICO Y REGISTRO SANITARIOS - ACZALAW Nicaragua<\/title>\n<meta name=\"robots\" content=\"index, follow, max-snippet:-1, max-image-preview:large, max-video-preview:-1\" \/>\n<link rel=\"canonical\" href=\"https:\/\/aczalaw.com\/nicaragua\/en\/farmaceutico-y-registro-sanitarios\/\" \/>\n<meta property=\"og:locale\" content=\"en_US\" \/>\n<meta property=\"og:type\" content=\"article\" \/>\n<meta property=\"og:title\" content=\"FARMACEUTICO Y REGISTRO SANITARIOS - ACZALAW Nicaragua\" \/>\n<meta property=\"og:description\" content=\"FARMAC\u00c9UTICO Y REGISTROS SANITARIOS: Los abogados de ACZALAW Nicaragua han desarrollado experiencia para asesorar y acompa\u00f1ar a nuestros clientes, empresas del sector farmac\u00e9utico y conexos, regulados por el Ministerio de Salud, en la tramitaci\u00f3n y obtenci\u00f3n de permisos, licencias y cumplimiento de las regulaciones del sector salud. Apoyamos a nuestros clientes en los tr\u00e1mites requeridos [&hellip;]\" \/>\n<meta property=\"og:url\" content=\"https:\/\/aczalaw.com\/nicaragua\/en\/farmaceutico-y-registro-sanitarios\/\" \/>\n<meta property=\"og:site_name\" content=\"ACZALAW Nicaragua\" \/>\n<meta property=\"article:publisher\" content=\"https:\/\/www.facebook.com\/aczalawnicaraguaabogados\/\" \/>\n<meta property=\"article:modified_time\" content=\"2023-09-30T23:56:28+00:00\" \/>\n<meta property=\"og:image\" content=\"https:\/\/aczalaw.com\/nicaragua\/wp-content\/uploads\/2023\/07\/aczalaw-nicaragua-practice-area-pharmaceutical-2.jpg\" \/>\n<meta name=\"twitter:card\" content=\"summary_large_image\" \/>\n<meta name=\"twitter:label1\" content=\"Est. reading time\" \/>\n\t<meta name=\"twitter:data1\" content=\"2 minutes\" \/>\n<script type=\"application\/ld+json\" class=\"yoast-schema-graph\">{\"@context\":\"https:\/\/schema.org\",\"@graph\":[{\"@type\":\"WebPage\",\"@id\":\"https:\/\/aczalaw.com\/nicaragua\/farmaceutico-y-registro-sanitarios\/\",\"url\":\"https:\/\/aczalaw.com\/nicaragua\/farmaceutico-y-registro-sanitarios\/\",\"name\":\"FARMACEUTICO Y REGISTRO SANITARIOS - ACZALAW Nicaragua\",\"isPartOf\":{\"@id\":\"https:\/\/aczalaw.com\/nicaragua\/#website\"},\"primaryImageOfPage\":{\"@id\":\"https:\/\/aczalaw.com\/nicaragua\/farmaceutico-y-registro-sanitarios\/#primaryimage\"},\"image\":{\"@id\":\"https:\/\/aczalaw.com\/nicaragua\/farmaceutico-y-registro-sanitarios\/#primaryimage\"},\"thumbnailUrl\":\"https:\/\/aczalaw.com\/nicaragua\/wp-content\/uploads\/2023\/07\/aczalaw-nicaragua-practice-area-pharmaceutical-2.jpg\",\"datePublished\":\"2023-07-12T17:38:08+00:00\",\"dateModified\":\"2023-09-30T23:56:28+00:00\",\"breadcrumb\":{\"@id\":\"https:\/\/aczalaw.com\/nicaragua\/farmaceutico-y-registro-sanitarios\/#breadcrumb\"},\"inLanguage\":\"en-US\",\"potentialAction\":[{\"@type\":\"ReadAction\",\"target\":[\"https:\/\/aczalaw.com\/nicaragua\/farmaceutico-y-registro-sanitarios\/\"]}]},{\"@type\":\"ImageObject\",\"inLanguage\":\"en-US\",\"@id\":\"https:\/\/aczalaw.com\/nicaragua\/farmaceutico-y-registro-sanitarios\/#primaryimage\",\"url\":\"https:\/\/aczalaw.com\/nicaragua\/wp-content\/uploads\/2023\/07\/aczalaw-nicaragua-practice-area-pharmaceutical-2.jpg\",\"contentUrl\":\"https:\/\/aczalaw.com\/nicaragua\/wp-content\/uploads\/2023\/07\/aczalaw-nicaragua-practice-area-pharmaceutical-2.jpg\"},{\"@type\":\"BreadcrumbList\",\"@id\":\"https:\/\/aczalaw.com\/nicaragua\/farmaceutico-y-registro-sanitarios\/#breadcrumb\",\"itemListElement\":[{\"@type\":\"ListItem\",\"position\":1,\"name\":\"Portada\",\"item\":\"https:\/\/aczalaw.com\/nicaragua\/\"},{\"@type\":\"ListItem\",\"position\":2,\"name\":\"FARMACEUTICO Y REGISTRO SANITARIOS\"}]},{\"@type\":\"WebSite\",\"@id\":\"https:\/\/aczalaw.com\/nicaragua\/#website\",\"url\":\"https:\/\/aczalaw.com\/nicaragua\/\",\"name\":\"ACZALAW Nicaragua\",\"description\":\"Abogados Centroamericanos Asociados\",\"publisher\":{\"@id\":\"https:\/\/aczalaw.com\/nicaragua\/#organization\"},\"potentialAction\":[{\"@type\":\"SearchAction\",\"target\":{\"@type\":\"EntryPoint\",\"urlTemplate\":\"https:\/\/aczalaw.com\/nicaragua\/?s={search_term_string}\"},\"query-input\":\"required name=search_term_string\"}],\"inLanguage\":\"en-US\"},{\"@type\":\"Organization\",\"@id\":\"https:\/\/aczalaw.com\/nicaragua\/#organization\",\"name\":\"ACZALAW Nicaragua\",\"url\":\"https:\/\/aczalaw.com\/nicaragua\/\",\"logo\":{\"@type\":\"ImageObject\",\"inLanguage\":\"en-US\",\"@id\":\"https:\/\/aczalaw.com\/nicaragua\/#\/schema\/logo\/image\/\",\"url\":\"https:\/\/aczalaw.com\/nicaragua\/wp-content\/uploads\/2023\/07\/aczalaw-nicaragua-home-menu-logo.png\",\"contentUrl\":\"https:\/\/aczalaw.com\/nicaragua\/wp-content\/uploads\/2023\/07\/aczalaw-nicaragua-home-menu-logo.png\",\"width\":1280,\"height\":487,\"caption\":\"ACZALAW Nicaragua\"},\"image\":{\"@id\":\"https:\/\/aczalaw.com\/nicaragua\/#\/schema\/logo\/image\/\"},\"sameAs\":[\"https:\/\/www.facebook.com\/aczalawnicaraguaabogados\/\",\"https:\/\/www.linkedin.com\/company\/aczalawnicaragua\/\"]}]}<\/script>\n<!-- \/ Yoast SEO plugin. -->","yoast_head_json":{"title":"FARMACEUTICO Y REGISTRO SANITARIOS - ACZALAW Nicaragua","robots":{"index":"index","follow":"follow","max-snippet":"max-snippet:-1","max-image-preview":"max-image-preview:large","max-video-preview":"max-video-preview:-1"},"canonical":"https:\/\/aczalaw.com\/nicaragua\/en\/farmaceutico-y-registro-sanitarios\/","og_locale":"en_US","og_type":"article","og_title":"FARMACEUTICO Y REGISTRO SANITARIOS - ACZALAW Nicaragua","og_description":"FARMAC\u00c9UTICO Y REGISTROS SANITARIOS: Los abogados de ACZALAW Nicaragua han desarrollado experiencia para asesorar y acompa\u00f1ar a nuestros clientes, empresas del sector farmac\u00e9utico y conexos, regulados por el Ministerio de Salud, en la tramitaci\u00f3n y obtenci\u00f3n de permisos, licencias y cumplimiento de las regulaciones del sector salud. Apoyamos a nuestros clientes en los tr\u00e1mites requeridos [&hellip;]","og_url":"https:\/\/aczalaw.com\/nicaragua\/en\/farmaceutico-y-registro-sanitarios\/","og_site_name":"ACZALAW Nicaragua","article_publisher":"https:\/\/www.facebook.com\/aczalawnicaraguaabogados\/","article_modified_time":"2023-09-30T23:56:28+00:00","og_image":[{"url":"https:\/\/aczalaw.com\/nicaragua\/wp-content\/uploads\/2023\/07\/aczalaw-nicaragua-practice-area-pharmaceutical-2.jpg"}],"twitter_card":"summary_large_image","twitter_misc":{"Est. reading time":"2 minutes"},"schema":{"@context":"https:\/\/schema.org","@graph":[{"@type":"WebPage","@id":"https:\/\/aczalaw.com\/nicaragua\/farmaceutico-y-registro-sanitarios\/","url":"https:\/\/aczalaw.com\/nicaragua\/farmaceutico-y-registro-sanitarios\/","name":"FARMACEUTICO Y REGISTRO SANITARIOS - ACZALAW Nicaragua","isPartOf":{"@id":"https:\/\/aczalaw.com\/nicaragua\/#website"},"primaryImageOfPage":{"@id":"https:\/\/aczalaw.com\/nicaragua\/farmaceutico-y-registro-sanitarios\/#primaryimage"},"image":{"@id":"https:\/\/aczalaw.com\/nicaragua\/farmaceutico-y-registro-sanitarios\/#primaryimage"},"thumbnailUrl":"https:\/\/aczalaw.com\/nicaragua\/wp-content\/uploads\/2023\/07\/aczalaw-nicaragua-practice-area-pharmaceutical-2.jpg","datePublished":"2023-07-12T17:38:08+00:00","dateModified":"2023-09-30T23:56:28+00:00","breadcrumb":{"@id":"https:\/\/aczalaw.com\/nicaragua\/farmaceutico-y-registro-sanitarios\/#breadcrumb"},"inLanguage":"en-US","potentialAction":[{"@type":"ReadAction","target":["https:\/\/aczalaw.com\/nicaragua\/farmaceutico-y-registro-sanitarios\/"]}]},{"@type":"ImageObject","inLanguage":"en-US","@id":"https:\/\/aczalaw.com\/nicaragua\/farmaceutico-y-registro-sanitarios\/#primaryimage","url":"https:\/\/aczalaw.com\/nicaragua\/wp-content\/uploads\/2023\/07\/aczalaw-nicaragua-practice-area-pharmaceutical-2.jpg","contentUrl":"https:\/\/aczalaw.com\/nicaragua\/wp-content\/uploads\/2023\/07\/aczalaw-nicaragua-practice-area-pharmaceutical-2.jpg"},{"@type":"BreadcrumbList","@id":"https:\/\/aczalaw.com\/nicaragua\/farmaceutico-y-registro-sanitarios\/#breadcrumb","itemListElement":[{"@type":"ListItem","position":1,"name":"Portada","item":"https:\/\/aczalaw.com\/nicaragua\/"},{"@type":"ListItem","position":2,"name":"FARMACEUTICO Y REGISTRO SANITARIOS"}]},{"@type":"WebSite","@id":"https:\/\/aczalaw.com\/nicaragua\/#website","url":"https:\/\/aczalaw.com\/nicaragua\/","name":"ACZALAW Nicaragua","description":"Abogados Centroamericanos Asociados","publisher":{"@id":"https:\/\/aczalaw.com\/nicaragua\/#organization"},"potentialAction":[{"@type":"SearchAction","target":{"@type":"EntryPoint","urlTemplate":"https:\/\/aczalaw.com\/nicaragua\/?s={search_term_string}"},"query-input":"required name=search_term_string"}],"inLanguage":"en-US"},{"@type":"Organization","@id":"https:\/\/aczalaw.com\/nicaragua\/#organization","name":"ACZALAW Nicaragua","url":"https:\/\/aczalaw.com\/nicaragua\/","logo":{"@type":"ImageObject","inLanguage":"en-US","@id":"https:\/\/aczalaw.com\/nicaragua\/#\/schema\/logo\/image\/","url":"https:\/\/aczalaw.com\/nicaragua\/wp-content\/uploads\/2023\/07\/aczalaw-nicaragua-home-menu-logo.png","contentUrl":"https:\/\/aczalaw.com\/nicaragua\/wp-content\/uploads\/2023\/07\/aczalaw-nicaragua-home-menu-logo.png","width":1280,"height":487,"caption":"ACZALAW Nicaragua"},"image":{"@id":"https:\/\/aczalaw.com\/nicaragua\/#\/schema\/logo\/image\/"},"sameAs":["https:\/\/www.facebook.com\/aczalawnicaraguaabogados\/","https:\/\/www.linkedin.com\/company\/aczalawnicaragua\/"]}]}},"_links":{"self":[{"href":"https:\/\/aczalaw.com\/nicaragua\/en\/wp-json\/wp\/v2\/pages\/2656"}],"collection":[{"href":"https:\/\/aczalaw.com\/nicaragua\/en\/wp-json\/wp\/v2\/pages"}],"about":[{"href":"https:\/\/aczalaw.com\/nicaragua\/en\/wp-json\/wp\/v2\/types\/page"}],"author":[{"embeddable":true,"href":"https:\/\/aczalaw.com\/nicaragua\/en\/wp-json\/wp\/v2\/users\/3"}],"replies":[{"embeddable":true,"href":"https:\/\/aczalaw.com\/nicaragua\/en\/wp-json\/wp\/v2\/comments?post=2656"}],"version-history":[{"count":39,"href":"https:\/\/aczalaw.com\/nicaragua\/en\/wp-json\/wp\/v2\/pages\/2656\/revisions"}],"predecessor-version":[{"id":8577,"href":"https:\/\/aczalaw.com\/nicaragua\/en\/wp-json\/wp\/v2\/pages\/2656\/revisions\/8577"}],"wp:attachment":[{"href":"https:\/\/aczalaw.com\/nicaragua\/en\/wp-json\/wp\/v2\/media?parent=2656"}],"curies":[{"name":"wp","href":"https:\/\/api.w.org\/{rel}","templated":true}]}}