{"id":3149,"date":"2023-07-20T01:14:44","date_gmt":"2023-07-20T01:14:44","guid":{"rendered":"https:\/\/aczalaw.com\/nicaragua\/?page_id=3149"},"modified":"2023-09-19T01:28:28","modified_gmt":"2023-09-19T01:28:28","slug":"dr-felipe-sanchez","status":"publish","type":"page","link":"https:\/\/aczalaw.com\/nicaragua\/en\/dr-felipe-sanchez\/","title":{"rendered":"Dr. Felipe S\u00e1nchez"},"content":{"rendered":"<div data-elementor-type=\"wp-page\" data-elementor-id=\"3149\" class=\"elementor elementor-3149\">\n\t\t\t\t\t\t\t\t\t<section class=\"elementor-section elementor-top-section elementor-element elementor-element-a75c520 elementor-section-boxed elementor-section-height-default elementor-section-height-default exad-glass-effect-no exad-sticky-section-no\" data-id=\"a75c520\" data-element_type=\"section\" data-settings=\"{&quot;background_background&quot;:&quot;classic&quot;,&quot;_ha_eqh_enable&quot;:false}\">\n\t\t\t\t\t\t\t<div class=\"elementor-background-overlay\"><\/div>\n\t\t\t\t\t\t\t<div class=\"elementor-container elementor-column-gap-default\">\n\t\t\t\t\t<div class=\"elementor-column elementor-col-50 elementor-top-column elementor-element elementor-element-4a57790 exad-glass-effect-no exad-sticky-section-no\" data-id=\"4a57790\" data-element_type=\"column\" data-settings=\"{&quot;background_background&quot;:&quot;classic&quot;}\">\n\t\t\t<div class=\"elementor-widget-wrap elementor-element-populated\">\n\t\t\t\t\t\t\t\t<div class=\"elementor-element elementor-element-6895170 exad-sticky-section-no exad-glass-effect-no elementor-widget elementor-widget-heading\" data-id=\"6895170\" data-element_type=\"widget\" data-settings=\"{&quot;ekit_we_effect_on&quot;:&quot;none&quot;}\" data-widget_type=\"heading.default\">\n\t\t\t\t<div class=\"elementor-widget-container\">\n\t\t\t<style>\/*! elementor - v3.16.0 - 20-09-2023 *\/\n.elementor-heading-title{padding:0;margin:0;line-height:1}.elementor-widget-heading .elementor-heading-title[class*=elementor-size-]>a{color:inherit;font-size:inherit;line-height:inherit}.elementor-widget-heading .elementor-heading-title.elementor-size-small{font-size:15px}.elementor-widget-heading .elementor-heading-title.elementor-size-medium{font-size:19px}.elementor-widget-heading .elementor-heading-title.elementor-size-large{font-size:29px}.elementor-widget-heading .elementor-heading-title.elementor-size-xl{font-size:39px}.elementor-widget-heading .elementor-heading-title.elementor-size-xxl{font-size:59px}<\/style><h2 class=\"elementor-heading-title elementor-size-default\">Dr. Felipe S\u00e1nchez<\/h2>\t\t<\/div>\n\t\t\t\t<\/div>\n\t\t\t\t<div class=\"elementor-element elementor-element-a41643c exad-sticky-section-no exad-glass-effect-no elementor-widget elementor-widget-text-editor\" data-id=\"a41643c\" data-element_type=\"widget\" data-settings=\"{&quot;ekit_we_effect_on&quot;:&quot;none&quot;}\" data-widget_type=\"text-editor.default\">\n\t\t\t\t<div class=\"elementor-widget-container\">\n\t\t\t<style>\/*! elementor - v3.16.0 - 20-09-2023 *\/\n.elementor-widget-text-editor.elementor-drop-cap-view-stacked .elementor-drop-cap{background-color:#69727d;color:#fff}.elementor-widget-text-editor.elementor-drop-cap-view-framed .elementor-drop-cap{color:#69727d;border:3px solid;background-color:transparent}.elementor-widget-text-editor:not(.elementor-drop-cap-view-default) .elementor-drop-cap{margin-top:8px}.elementor-widget-text-editor:not(.elementor-drop-cap-view-default) .elementor-drop-cap-letter{width:1em;height:1em}.elementor-widget-text-editor .elementor-drop-cap{float:left;text-align:center;line-height:1;font-size:50px}.elementor-widget-text-editor .elementor-drop-cap-letter{display:inline-block}<\/style>\t\t\t\t<p style=\"text-align: center;\"><span style=\"font-weight: 400;\">\"Don't find fault, find a solution.\" <\/span><\/p><p style=\"text-align: center;\"><span style=\"font-weight: 400;\">&#8211; Henry Ford<\/span><\/p>\t\t\t\t\t\t<\/div>\n\t\t\t\t<\/div>\n\t\t\t\t\t<\/div>\n\t\t<\/div>\n\t\t\t\t<div class=\"elementor-column elementor-col-50 elementor-top-column elementor-element elementor-element-5c4ee76 exad-glass-effect-no exad-sticky-section-no\" data-id=\"5c4ee76\" data-element_type=\"column\" data-settings=\"{&quot;background_background&quot;:&quot;classic&quot;}\">\n\t\t\t<div class=\"elementor-widget-wrap\">\n\t\t\t\t\t\t\t\t\t<\/div>\n\t\t<\/div>\n\t\t\t\t\t\t\t<\/div>\n\t\t<\/section>\n\t\t\t\t<section class=\"elementor-section elementor-top-section elementor-element elementor-element-575f262 elementor-section-height-min-height elementor-section-boxed elementor-section-height-default elementor-section-items-middle exad-glass-effect-no exad-sticky-section-no elementor-invisible\" data-id=\"575f262\" data-element_type=\"section\" data-settings=\"{&quot;animation&quot;:&quot;fadeIn&quot;,&quot;_ha_eqh_enable&quot;:false}\">\n\t\t\t\t\t\t<div class=\"elementor-container elementor-column-gap-default\">\n\t\t\t\t\t<div class=\"elementor-column elementor-col-100 elementor-top-column elementor-element elementor-element-1c77543 exad-glass-effect-no exad-sticky-section-no\" data-id=\"1c77543\" data-element_type=\"column\">\n\t\t\t<div class=\"elementor-widget-wrap elementor-element-populated\">\n\t\t\t\t\t\t\t\t<section class=\"elementor-section elementor-inner-section elementor-element elementor-element-2e22afc elementor-section-boxed elementor-section-height-default elementor-section-height-default exad-glass-effect-no exad-sticky-section-no\" data-id=\"2e22afc\" data-element_type=\"section\" data-settings=\"{&quot;_ha_eqh_enable&quot;:false}\">\n\t\t\t\t\t\t<div class=\"elementor-container elementor-column-gap-default\">\n\t\t\t\t\t<div class=\"elementor-column elementor-col-50 elementor-inner-column elementor-element elementor-element-e4bc7a3 exad-glass-effect-no exad-sticky-section-no\" data-id=\"e4bc7a3\" data-element_type=\"column\">\n\t\t\t<div class=\"elementor-widget-wrap elementor-element-populated\">\n\t\t\t\t\t\t\t\t<div class=\"elementor-element elementor-element-5a07e92 exad-sticky-section-no exad-glass-effect-no elementor-widget elementor-widget-image\" data-id=\"5a07e92\" data-element_type=\"widget\" data-settings=\"{&quot;ekit_we_effect_on&quot;:&quot;none&quot;}\" data-widget_type=\"image.default\">\n\t\t\t\t<div class=\"elementor-widget-container\">\n\t\t\t<style>\/*! elementor - v3.16.0 - 20-09-2023 *\/\n.elementor-widget-image{text-align:center}.elementor-widget-image a{display:inline-block}.elementor-widget-image a img[src$=\".svg\"]{width:48px}.elementor-widget-image img{vertical-align:middle;display:inline-block}<\/style>\t\t\t\t\t\t\t\t\t\t\t\t<img loading=\"lazy\" decoding=\"async\" width=\"690\" height=\"690\" src=\"https:\/\/aczalaw.com\/nicaragua\/wp-content\/uploads\/2023\/07\/aczalaw-nicaragua-know-us-dr-felipe-nb.png\" class=\"attachment-full size-full wp-image-6127\" alt=\"\" srcset=\"https:\/\/aczalaw.com\/nicaragua\/wp-content\/uploads\/2023\/07\/aczalaw-nicaragua-know-us-dr-felipe-nb.png 690w, https:\/\/aczalaw.com\/nicaragua\/wp-content\/uploads\/2023\/07\/aczalaw-nicaragua-know-us-dr-felipe-nb-300x300.png 300w, https:\/\/aczalaw.com\/nicaragua\/wp-content\/uploads\/2023\/07\/aczalaw-nicaragua-know-us-dr-felipe-nb-150x150.png 150w\" sizes=\"(max-width: 690px) 100vw, 690px\" \/>\t\t\t\t\t\t\t\t\t\t\t\t\t\t\t<\/div>\n\t\t\t\t<\/div>\n\t\t\t\t\t<\/div>\n\t\t<\/div>\n\t\t\t\t<div class=\"elementor-column elementor-col-50 elementor-inner-column elementor-element elementor-element-d3e092d exad-glass-effect-no exad-sticky-section-no\" data-id=\"d3e092d\" data-element_type=\"column\">\n\t\t\t<div class=\"elementor-widget-wrap elementor-element-populated\">\n\t\t\t\t\t\t\t\t<div class=\"elementor-element elementor-element-318f257 elementor-widget__width-initial exad-sticky-section-no exad-glass-effect-no elementor-widget elementor-widget-text-editor\" data-id=\"318f257\" data-element_type=\"widget\" data-settings=\"{&quot;ekit_we_effect_on&quot;:&quot;none&quot;}\" data-widget_type=\"text-editor.default\">\n\t\t\t\t<div class=\"elementor-widget-container\">\n\t\t\t\t\t\t\t<p><span style=\"font-weight: 400;\">Dr. Sanchez has forty-seven years of professional practice, and specializes in the areas of Civil, Commercial and Constitutional Law, the last twenty years practicing from ACZALAW NICARAGUA and being at the same time Dean of the Law School of the Universidad Cat\u00f3lica Redemptoris M\u00e1ter (UNICA).<\/span><\/p><p>\u00a0<\/p><p><span style=\"font-weight: 400;\">Mr. Sanchez is a recognized civil and constitutional lawyer, specialized in family law, property law, registry law and inheritance law,<\/span><span style=\"font-weight: 400;\">\u00a0contracts <\/span><\/p><p><span style=\"font-weight: 400;\">and obligations.<\/span><\/p><p>\u00a0<\/p><p><span style=\"font-weight: 400;\">Before joining ACZALAW, he was part of the law firms Mart\u00ednez Cuenca and Servicios Profesionales Especializados, S.A., has been a consultant to companies; member of human rights commissions with extensive participation in the peace process in Nicaragua, and of investigation commissions.\u00a0<\/span><\/p><p>\u00a0<\/p><p><span style=\"font-weight: 400;\">Dr. Sanchez has worked in various public, private and academic institutions as an official or consultant.<\/span><\/p>\t\t\t\t\t\t<\/div>\n\t\t\t\t<\/div>\n\t\t\t\t\t<\/div>\n\t\t<\/div>\n\t\t\t\t\t\t\t<\/div>\n\t\t<\/section>\n\t\t\t\t<div class=\"elementor-element elementor-element-a3e4c28 elementor-widget__width-initial exad-sticky-section-no exad-glass-effect-no elementor-widget elementor-widget-text-editor\" data-id=\"a3e4c28\" data-element_type=\"widget\" data-settings=\"{&quot;ekit_we_effect_on&quot;:&quot;none&quot;}\" data-widget_type=\"text-editor.default\">\n\t\t\t\t<div class=\"elementor-widget-container\">\n\t\t\t\t\t\t\t<p><span style=\"font-weight: 400;\">He has participated in national and international conferences on conflicts and mediation. Completed studies and training seminars in the areas of family law, juvenile law, human rights, international humanitarian law, both in Nicaragua and abroad: Costa Rica, Panama, Colombia, Peru, Chile, Mexico, Spain, Germany.<\/span><\/p><p>\u00a0<\/p><p><strong>Dr. Sanchez has been Dean of the Law School of the Universidad Cat\u00f3lica Redemptoris M\u00e1ter (UNICA) and Professor of:\u00a0<\/strong><\/p><p>\u00a0<\/p><p><span style=\"font-weight: 400;\">Introduction to Law; Civil Law I (Family Law); Commercial Law; Constitutional Law; International Human Rights Law; and Social Doctrine of the Church in the Schools of Law, International Relations and International Trade and the School of Business Administration.\u00a0<\/span><\/p><p>\u00a0<\/p><p><span style=\"font-weight: 400;\">Currently at <\/span><span style=\"font-weight: 400;\">the same university, Dr. Sanchez is a member of the Superior Council (he has been since the founding of the University) and is an Institutional Advisor, with emphasis on the Faculty of Legal and Social Sciences and the Directorate of Registration and Academic Control.\u00a0<\/span><\/p>\t\t\t\t\t\t<\/div>\n\t\t\t\t<\/div>\n\t\t\t\t<div class=\"elementor-element elementor-element-3f40535 exad-sticky-section-no exad-glass-effect-no elementor-widget elementor-widget-text-editor\" data-id=\"3f40535\" data-element_type=\"widget\" data-settings=\"{&quot;ekit_we_effect_on&quot;:&quot;none&quot;}\" data-widget_type=\"text-editor.default\">\n\t\t\t\t<div class=\"elementor-widget-container\">\n\t\t\t\t\t\t\t<ul>\n \t<li><span style=\"font-weight: 400;\">Dr. Sanchez graduated from the School of Juridical Sciences, School of Law, Universidad Centroamericana, Managua, Nicaragua, in 1975. He received the degrees of Attorney at Law and Notary Public from the Supreme Court of Justice.<\/span><\/li>\n \t<li><span style=\"font-weight: 400;\">He has been a partner of ACZALAW since 2003.<\/span><\/li>\n \t<li><span style=\"font-weight: 400;\">She has participated in national and international conferences on conflicts and mediation. Completed studies and training seminars in the areas of family law, juvenile law, human rights, international humanitarian law, both in Nicaragua and abroad: <\/span><span style=\"font-weight: 400;\">Costa Rica, Panama, Colombia, Peru, Chile, <\/span><span style=\"font-weight: 400;\">Mexico, Spain, Germany.<\/span><\/li>\n \t<li><span style=\"font-weight: 400;\">Dr. Sanchez is the author of several works on civil law and literary analysis.\u00a0\u00a0<\/span><\/li>\n<\/ul>\t\t\t\t\t\t<\/div>\n\t\t\t\t<\/div>\n\t\t\t\t\t<\/div>\n\t\t<\/div>\n\t\t\t\t\t\t\t<\/div>\n\t\t<\/section>\n\t\t\t\t\t\t\t<\/div>","protected":false},"excerpt":{"rendered":"<p>Dr. Felipe S\u00e1nchez &#8220;No encuentres fallas, encuentra una soluci\u00f3n.&#8221; &#8211; Henry Ford El Dr. S\u00e1nchez tiene cuarenta y siete a\u00f1os de ejercicio profesional, y se especializa en las \u00e1reas de Derecho Civil, Mercantil y Derecho Constitucional, los \u00faltimos veinte a\u00f1os ejerciendo desde ACZALAW NICARAGUA y siendo a la vez Decano de la Facultad de Derecho [&hellip;]<\/p>","protected":false},"author":3,"featured_media":0,"parent":0,"menu_order":0,"comment_status":"closed","ping_status":"closed","template":"elementor_header_footer","meta":{"_joinchat":[],"footnotes":""},"yoast_head":"<!-- This site is optimized with the Yoast SEO plugin v22.6 - https:\/\/yoast.com\/wordpress\/plugins\/seo\/ -->\n<title>Dr. Felipe S\u00e1nchez - ACZALAW Nicaragua<\/title>\n<meta name=\"robots\" content=\"index, follow, max-snippet:-1, max-image-preview:large, max-video-preview:-1\" \/>\n<link rel=\"canonical\" href=\"https:\/\/aczalaw.com\/nicaragua\/en\/dr-felipe-sanchez\/\" \/>\n<meta property=\"og:locale\" content=\"en_US\" \/>\n<meta property=\"og:type\" content=\"article\" \/>\n<meta property=\"og:title\" content=\"Dr. Felipe S\u00e1nchez - ACZALAW Nicaragua\" \/>\n<meta property=\"og:description\" content=\"Dr. Felipe S\u00e1nchez &#8220;No encuentres fallas, encuentra una soluci\u00f3n.&#8221; &#8211; Henry Ford El Dr. S\u00e1nchez tiene cuarenta y siete a\u00f1os de ejercicio profesional, y se especializa en las \u00e1reas de Derecho Civil, Mercantil y Derecho Constitucional, los \u00faltimos veinte a\u00f1os ejerciendo desde ACZALAW NICARAGUA y siendo a la vez Decano de la Facultad de Derecho [&hellip;]\" \/>\n<meta property=\"og:url\" content=\"https:\/\/aczalaw.com\/nicaragua\/en\/dr-felipe-sanchez\/\" \/>\n<meta property=\"og:site_name\" content=\"ACZALAW Nicaragua\" \/>\n<meta property=\"article:publisher\" content=\"https:\/\/www.facebook.com\/aczalawnicaraguaabogados\/\" \/>\n<meta property=\"article:modified_time\" content=\"2023-09-19T01:28:28+00:00\" \/>\n<meta property=\"og:image\" content=\"https:\/\/aczalaw.com\/nicaragua\/wp-content\/uploads\/2023\/07\/aczalaw-nicaragua-know-us-dr-felipe-nb.png\" \/>\n<meta name=\"twitter:card\" content=\"summary_large_image\" \/>\n<meta name=\"twitter:label1\" content=\"Est. reading time\" \/>\n\t<meta name=\"twitter:data1\" content=\"3 minutes\" \/>\n<script type=\"application\/ld+json\" class=\"yoast-schema-graph\">{\"@context\":\"https:\/\/schema.org\",\"@graph\":[{\"@type\":\"WebPage\",\"@id\":\"https:\/\/aczalaw.com\/nicaragua\/dr-felipe-sanchez\/\",\"url\":\"https:\/\/aczalaw.com\/nicaragua\/dr-felipe-sanchez\/\",\"name\":\"Dr. Felipe S\u00e1nchez - ACZALAW Nicaragua\",\"isPartOf\":{\"@id\":\"https:\/\/aczalaw.com\/nicaragua\/#website\"},\"primaryImageOfPage\":{\"@id\":\"https:\/\/aczalaw.com\/nicaragua\/dr-felipe-sanchez\/#primaryimage\"},\"image\":{\"@id\":\"https:\/\/aczalaw.com\/nicaragua\/dr-felipe-sanchez\/#primaryimage\"},\"thumbnailUrl\":\"https:\/\/aczalaw.com\/nicaragua\/wp-content\/uploads\/2023\/07\/aczalaw-nicaragua-know-us-dr-felipe-nb.png\",\"datePublished\":\"2023-07-20T01:14:44+00:00\",\"dateModified\":\"2023-09-19T01:28:28+00:00\",\"breadcrumb\":{\"@id\":\"https:\/\/aczalaw.com\/nicaragua\/dr-felipe-sanchez\/#breadcrumb\"},\"inLanguage\":\"en-US\",\"potentialAction\":[{\"@type\":\"ReadAction\",\"target\":[\"https:\/\/aczalaw.com\/nicaragua\/dr-felipe-sanchez\/\"]}]},{\"@type\":\"ImageObject\",\"inLanguage\":\"en-US\",\"@id\":\"https:\/\/aczalaw.com\/nicaragua\/dr-felipe-sanchez\/#primaryimage\",\"url\":\"https:\/\/aczalaw.com\/nicaragua\/wp-content\/uploads\/2023\/07\/aczalaw-nicaragua-know-us-dr-felipe-nb.png\",\"contentUrl\":\"https:\/\/aczalaw.com\/nicaragua\/wp-content\/uploads\/2023\/07\/aczalaw-nicaragua-know-us-dr-felipe-nb.png\"},{\"@type\":\"BreadcrumbList\",\"@id\":\"https:\/\/aczalaw.com\/nicaragua\/dr-felipe-sanchez\/#breadcrumb\",\"itemListElement\":[{\"@type\":\"ListItem\",\"position\":1,\"name\":\"Portada\",\"item\":\"https:\/\/aczalaw.com\/nicaragua\/\"},{\"@type\":\"ListItem\",\"position\":2,\"name\":\"Dr. Felipe S\u00e1nchez\"}]},{\"@type\":\"WebSite\",\"@id\":\"https:\/\/aczalaw.com\/nicaragua\/#website\",\"url\":\"https:\/\/aczalaw.com\/nicaragua\/\",\"name\":\"ACZALAW Nicaragua\",\"description\":\"Abogados Centroamericanos Asociados\",\"publisher\":{\"@id\":\"https:\/\/aczalaw.com\/nicaragua\/#organization\"},\"potentialAction\":[{\"@type\":\"SearchAction\",\"target\":{\"@type\":\"EntryPoint\",\"urlTemplate\":\"https:\/\/aczalaw.com\/nicaragua\/?s={search_term_string}\"},\"query-input\":\"required name=search_term_string\"}],\"inLanguage\":\"en-US\"},{\"@type\":\"Organization\",\"@id\":\"https:\/\/aczalaw.com\/nicaragua\/#organization\",\"name\":\"ACZALAW Nicaragua\",\"url\":\"https:\/\/aczalaw.com\/nicaragua\/\",\"logo\":{\"@type\":\"ImageObject\",\"inLanguage\":\"en-US\",\"@id\":\"https:\/\/aczalaw.com\/nicaragua\/#\/schema\/logo\/image\/\",\"url\":\"https:\/\/aczalaw.com\/nicaragua\/wp-content\/uploads\/2023\/07\/aczalaw-nicaragua-home-menu-logo.png\",\"contentUrl\":\"https:\/\/aczalaw.com\/nicaragua\/wp-content\/uploads\/2023\/07\/aczalaw-nicaragua-home-menu-logo.png\",\"width\":1280,\"height\":487,\"caption\":\"ACZALAW Nicaragua\"},\"image\":{\"@id\":\"https:\/\/aczalaw.com\/nicaragua\/#\/schema\/logo\/image\/\"},\"sameAs\":[\"https:\/\/www.facebook.com\/aczalawnicaraguaabogados\/\",\"https:\/\/www.linkedin.com\/company\/aczalawnicaragua\/\"]}]}<\/script>\n<!-- \/ Yoast SEO plugin. -->","yoast_head_json":{"title":"Dr. Felipe S\u00e1nchez - ACZALAW Nicaragua","robots":{"index":"index","follow":"follow","max-snippet":"max-snippet:-1","max-image-preview":"max-image-preview:large","max-video-preview":"max-video-preview:-1"},"canonical":"https:\/\/aczalaw.com\/nicaragua\/en\/dr-felipe-sanchez\/","og_locale":"en_US","og_type":"article","og_title":"Dr. Felipe S\u00e1nchez - ACZALAW Nicaragua","og_description":"Dr. Felipe S\u00e1nchez &#8220;No encuentres fallas, encuentra una soluci\u00f3n.&#8221; &#8211; Henry Ford El Dr. S\u00e1nchez tiene cuarenta y siete a\u00f1os de ejercicio profesional, y se especializa en las \u00e1reas de Derecho Civil, Mercantil y Derecho Constitucional, los \u00faltimos veinte a\u00f1os ejerciendo desde ACZALAW NICARAGUA y siendo a la vez Decano de la Facultad de Derecho [&hellip;]","og_url":"https:\/\/aczalaw.com\/nicaragua\/en\/dr-felipe-sanchez\/","og_site_name":"ACZALAW Nicaragua","article_publisher":"https:\/\/www.facebook.com\/aczalawnicaraguaabogados\/","article_modified_time":"2023-09-19T01:28:28+00:00","og_image":[{"url":"https:\/\/aczalaw.com\/nicaragua\/wp-content\/uploads\/2023\/07\/aczalaw-nicaragua-know-us-dr-felipe-nb.png"}],"twitter_card":"summary_large_image","twitter_misc":{"Est. reading time":"3 minutes"},"schema":{"@context":"https:\/\/schema.org","@graph":[{"@type":"WebPage","@id":"https:\/\/aczalaw.com\/nicaragua\/dr-felipe-sanchez\/","url":"https:\/\/aczalaw.com\/nicaragua\/dr-felipe-sanchez\/","name":"Dr. Felipe S\u00e1nchez - ACZALAW Nicaragua","isPartOf":{"@id":"https:\/\/aczalaw.com\/nicaragua\/#website"},"primaryImageOfPage":{"@id":"https:\/\/aczalaw.com\/nicaragua\/dr-felipe-sanchez\/#primaryimage"},"image":{"@id":"https:\/\/aczalaw.com\/nicaragua\/dr-felipe-sanchez\/#primaryimage"},"thumbnailUrl":"https:\/\/aczalaw.com\/nicaragua\/wp-content\/uploads\/2023\/07\/aczalaw-nicaragua-know-us-dr-felipe-nb.png","datePublished":"2023-07-20T01:14:44+00:00","dateModified":"2023-09-19T01:28:28+00:00","breadcrumb":{"@id":"https:\/\/aczalaw.com\/nicaragua\/dr-felipe-sanchez\/#breadcrumb"},"inLanguage":"en-US","potentialAction":[{"@type":"ReadAction","target":["https:\/\/aczalaw.com\/nicaragua\/dr-felipe-sanchez\/"]}]},{"@type":"ImageObject","inLanguage":"en-US","@id":"https:\/\/aczalaw.com\/nicaragua\/dr-felipe-sanchez\/#primaryimage","url":"https:\/\/aczalaw.com\/nicaragua\/wp-content\/uploads\/2023\/07\/aczalaw-nicaragua-know-us-dr-felipe-nb.png","contentUrl":"https:\/\/aczalaw.com\/nicaragua\/wp-content\/uploads\/2023\/07\/aczalaw-nicaragua-know-us-dr-felipe-nb.png"},{"@type":"BreadcrumbList","@id":"https:\/\/aczalaw.com\/nicaragua\/dr-felipe-sanchez\/#breadcrumb","itemListElement":[{"@type":"ListItem","position":1,"name":"Portada","item":"https:\/\/aczalaw.com\/nicaragua\/"},{"@type":"ListItem","position":2,"name":"Dr. Felipe S\u00e1nchez"}]},{"@type":"WebSite","@id":"https:\/\/aczalaw.com\/nicaragua\/#website","url":"https:\/\/aczalaw.com\/nicaragua\/","name":"ACZALAW Nicaragua","description":"Abogados Centroamericanos Asociados","publisher":{"@id":"https:\/\/aczalaw.com\/nicaragua\/#organization"},"potentialAction":[{"@type":"SearchAction","target":{"@type":"EntryPoint","urlTemplate":"https:\/\/aczalaw.com\/nicaragua\/?s={search_term_string}"},"query-input":"required name=search_term_string"}],"inLanguage":"en-US"},{"@type":"Organization","@id":"https:\/\/aczalaw.com\/nicaragua\/#organization","name":"ACZALAW Nicaragua","url":"https:\/\/aczalaw.com\/nicaragua\/","logo":{"@type":"ImageObject","inLanguage":"en-US","@id":"https:\/\/aczalaw.com\/nicaragua\/#\/schema\/logo\/image\/","url":"https:\/\/aczalaw.com\/nicaragua\/wp-content\/uploads\/2023\/07\/aczalaw-nicaragua-home-menu-logo.png","contentUrl":"https:\/\/aczalaw.com\/nicaragua\/wp-content\/uploads\/2023\/07\/aczalaw-nicaragua-home-menu-logo.png","width":1280,"height":487,"caption":"ACZALAW Nicaragua"},"image":{"@id":"https:\/\/aczalaw.com\/nicaragua\/#\/schema\/logo\/image\/"},"sameAs":["https:\/\/www.facebook.com\/aczalawnicaraguaabogados\/","https:\/\/www.linkedin.com\/company\/aczalawnicaragua\/"]}]}},"_links":{"self":[{"href":"https:\/\/aczalaw.com\/nicaragua\/en\/wp-json\/wp\/v2\/pages\/3149"}],"collection":[{"href":"https:\/\/aczalaw.com\/nicaragua\/en\/wp-json\/wp\/v2\/pages"}],"about":[{"href":"https:\/\/aczalaw.com\/nicaragua\/en\/wp-json\/wp\/v2\/types\/page"}],"author":[{"embeddable":true,"href":"https:\/\/aczalaw.com\/nicaragua\/en\/wp-json\/wp\/v2\/users\/3"}],"replies":[{"embeddable":true,"href":"https:\/\/aczalaw.com\/nicaragua\/en\/wp-json\/wp\/v2\/comments?post=3149"}],"version-history":[{"count":126,"href":"https:\/\/aczalaw.com\/nicaragua\/en\/wp-json\/wp\/v2\/pages\/3149\/revisions"}],"predecessor-version":[{"id":8494,"href":"https:\/\/aczalaw.com\/nicaragua\/en\/wp-json\/wp\/v2\/pages\/3149\/revisions\/8494"}],"wp:attachment":[{"href":"https:\/\/aczalaw.com\/nicaragua\/en\/wp-json\/wp\/v2\/media?parent=3149"}],"curies":[{"name":"wp","href":"https:\/\/api.w.org\/{rel}","templated":true}]}}