{"id":3149,"date":"2023-07-20T01:14:44","date_gmt":"2023-07-20T01:14:44","guid":{"rendered":"https:\/\/aczalaw.com\/nicaragua\/?page_id=3149"},"modified":"2023-09-19T01:28:28","modified_gmt":"2023-09-19T01:28:28","slug":"dr-felipe-sanchez","status":"publish","type":"page","link":"https:\/\/aczalaw.com\/nicaragua\/dr-felipe-sanchez\/","title":{"rendered":"Dr. Felipe S\u00e1nchez"},"content":{"rendered":"\t\t<div data-elementor-type=\"wp-page\" data-elementor-id=\"3149\" class=\"elementor elementor-3149\">\n\t\t\t\t\t\t\t\t\t<section class=\"elementor-section elementor-top-section elementor-element elementor-element-a75c520 elementor-section-boxed elementor-section-height-default elementor-section-height-default exad-glass-effect-no exad-sticky-section-no\" data-id=\"a75c520\" data-element_type=\"section\" data-settings=\"{&quot;background_background&quot;:&quot;classic&quot;,&quot;_ha_eqh_enable&quot;:false}\">\n\t\t\t\t\t\t\t<div class=\"elementor-background-overlay\"><\/div>\n\t\t\t\t\t\t\t<div class=\"elementor-container elementor-column-gap-default\">\n\t\t\t\t\t<div class=\"elementor-column elementor-col-50 elementor-top-column elementor-element elementor-element-4a57790 exad-glass-effect-no exad-sticky-section-no\" data-id=\"4a57790\" data-element_type=\"column\" data-settings=\"{&quot;background_background&quot;:&quot;classic&quot;}\">\n\t\t\t<div class=\"elementor-widget-wrap elementor-element-populated\">\n\t\t\t\t\t\t\t\t<div class=\"elementor-element elementor-element-6895170 exad-sticky-section-no exad-glass-effect-no elementor-widget elementor-widget-heading\" data-id=\"6895170\" data-element_type=\"widget\" data-settings=\"{&quot;ekit_we_effect_on&quot;:&quot;none&quot;}\" data-widget_type=\"heading.default\">\n\t\t\t\t<div class=\"elementor-widget-container\">\n\t\t\t<style>\/*! elementor - v3.16.0 - 20-09-2023 *\/\n.elementor-heading-title{padding:0;margin:0;line-height:1}.elementor-widget-heading .elementor-heading-title[class*=elementor-size-]>a{color:inherit;font-size:inherit;line-height:inherit}.elementor-widget-heading .elementor-heading-title.elementor-size-small{font-size:15px}.elementor-widget-heading .elementor-heading-title.elementor-size-medium{font-size:19px}.elementor-widget-heading .elementor-heading-title.elementor-size-large{font-size:29px}.elementor-widget-heading .elementor-heading-title.elementor-size-xl{font-size:39px}.elementor-widget-heading .elementor-heading-title.elementor-size-xxl{font-size:59px}<\/style><h2 class=\"elementor-heading-title elementor-size-default\">Dr. Felipe S\u00e1nchez<\/h2>\t\t<\/div>\n\t\t\t\t<\/div>\n\t\t\t\t<div class=\"elementor-element elementor-element-a41643c exad-sticky-section-no exad-glass-effect-no elementor-widget elementor-widget-text-editor\" data-id=\"a41643c\" data-element_type=\"widget\" data-settings=\"{&quot;ekit_we_effect_on&quot;:&quot;none&quot;}\" data-widget_type=\"text-editor.default\">\n\t\t\t\t<div class=\"elementor-widget-container\">\n\t\t\t<style>\/*! elementor - v3.16.0 - 20-09-2023 *\/\n.elementor-widget-text-editor.elementor-drop-cap-view-stacked .elementor-drop-cap{background-color:#69727d;color:#fff}.elementor-widget-text-editor.elementor-drop-cap-view-framed .elementor-drop-cap{color:#69727d;border:3px solid;background-color:transparent}.elementor-widget-text-editor:not(.elementor-drop-cap-view-default) .elementor-drop-cap{margin-top:8px}.elementor-widget-text-editor:not(.elementor-drop-cap-view-default) .elementor-drop-cap-letter{width:1em;height:1em}.elementor-widget-text-editor .elementor-drop-cap{float:left;text-align:center;line-height:1;font-size:50px}.elementor-widget-text-editor .elementor-drop-cap-letter{display:inline-block}<\/style>\t\t\t\t<p style=\"text-align: center;\"><span style=\"font-weight: 400;\">&#8220;No encuentres fallas, encuentra una soluci\u00f3n.&#8221; <\/span><\/p><p style=\"text-align: center;\"><span style=\"font-weight: 400;\">&#8211; Henry Ford<\/span><\/p>\t\t\t\t\t\t<\/div>\n\t\t\t\t<\/div>\n\t\t\t\t\t<\/div>\n\t\t<\/div>\n\t\t\t\t<div class=\"elementor-column elementor-col-50 elementor-top-column elementor-element elementor-element-5c4ee76 exad-glass-effect-no exad-sticky-section-no\" data-id=\"5c4ee76\" data-element_type=\"column\" data-settings=\"{&quot;background_background&quot;:&quot;classic&quot;}\">\n\t\t\t<div class=\"elementor-widget-wrap\">\n\t\t\t\t\t\t\t\t\t<\/div>\n\t\t<\/div>\n\t\t\t\t\t\t\t<\/div>\n\t\t<\/section>\n\t\t\t\t<section class=\"elementor-section elementor-top-section elementor-element elementor-element-575f262 elementor-section-height-min-height elementor-section-boxed elementor-section-height-default elementor-section-items-middle exad-glass-effect-no exad-sticky-section-no elementor-invisible\" data-id=\"575f262\" data-element_type=\"section\" data-settings=\"{&quot;animation&quot;:&quot;fadeIn&quot;,&quot;_ha_eqh_enable&quot;:false}\">\n\t\t\t\t\t\t<div class=\"elementor-container elementor-column-gap-default\">\n\t\t\t\t\t<div class=\"elementor-column elementor-col-100 elementor-top-column elementor-element elementor-element-1c77543 exad-glass-effect-no exad-sticky-section-no\" data-id=\"1c77543\" data-element_type=\"column\">\n\t\t\t<div class=\"elementor-widget-wrap elementor-element-populated\">\n\t\t\t\t\t\t\t\t<section class=\"elementor-section elementor-inner-section elementor-element elementor-element-2e22afc elementor-section-boxed elementor-section-height-default elementor-section-height-default exad-glass-effect-no exad-sticky-section-no\" data-id=\"2e22afc\" data-element_type=\"section\" data-settings=\"{&quot;_ha_eqh_enable&quot;:false}\">\n\t\t\t\t\t\t<div class=\"elementor-container elementor-column-gap-default\">\n\t\t\t\t\t<div class=\"elementor-column elementor-col-50 elementor-inner-column elementor-element elementor-element-e4bc7a3 exad-glass-effect-no exad-sticky-section-no\" data-id=\"e4bc7a3\" data-element_type=\"column\">\n\t\t\t<div class=\"elementor-widget-wrap elementor-element-populated\">\n\t\t\t\t\t\t\t\t<div class=\"elementor-element elementor-element-5a07e92 exad-sticky-section-no exad-glass-effect-no elementor-widget elementor-widget-image\" data-id=\"5a07e92\" data-element_type=\"widget\" data-settings=\"{&quot;ekit_we_effect_on&quot;:&quot;none&quot;}\" data-widget_type=\"image.default\">\n\t\t\t\t<div class=\"elementor-widget-container\">\n\t\t\t<style>\/*! elementor - v3.16.0 - 20-09-2023 *\/\n.elementor-widget-image{text-align:center}.elementor-widget-image a{display:inline-block}.elementor-widget-image a img[src$=\".svg\"]{width:48px}.elementor-widget-image img{vertical-align:middle;display:inline-block}<\/style>\t\t\t\t\t\t\t\t\t\t\t\t<img loading=\"lazy\" decoding=\"async\" width=\"690\" height=\"690\" src=\"https:\/\/aczalaw.com\/nicaragua\/wp-content\/uploads\/2023\/07\/aczalaw-nicaragua-know-us-dr-felipe-nb.png\" class=\"attachment-full size-full wp-image-6127\" alt=\"\" srcset=\"https:\/\/aczalaw.com\/nicaragua\/wp-content\/uploads\/2023\/07\/aczalaw-nicaragua-know-us-dr-felipe-nb.png 690w, https:\/\/aczalaw.com\/nicaragua\/wp-content\/uploads\/2023\/07\/aczalaw-nicaragua-know-us-dr-felipe-nb-300x300.png 300w, https:\/\/aczalaw.com\/nicaragua\/wp-content\/uploads\/2023\/07\/aczalaw-nicaragua-know-us-dr-felipe-nb-150x150.png 150w\" sizes=\"(max-width: 690px) 100vw, 690px\" \/>\t\t\t\t\t\t\t\t\t\t\t\t\t\t\t<\/div>\n\t\t\t\t<\/div>\n\t\t\t\t\t<\/div>\n\t\t<\/div>\n\t\t\t\t<div class=\"elementor-column elementor-col-50 elementor-inner-column elementor-element elementor-element-d3e092d exad-glass-effect-no exad-sticky-section-no\" data-id=\"d3e092d\" data-element_type=\"column\">\n\t\t\t<div class=\"elementor-widget-wrap elementor-element-populated\">\n\t\t\t\t\t\t\t\t<div class=\"elementor-element elementor-element-318f257 elementor-widget__width-initial exad-sticky-section-no exad-glass-effect-no elementor-widget elementor-widget-text-editor\" data-id=\"318f257\" data-element_type=\"widget\" data-settings=\"{&quot;ekit_we_effect_on&quot;:&quot;none&quot;}\" data-widget_type=\"text-editor.default\">\n\t\t\t\t<div class=\"elementor-widget-container\">\n\t\t\t\t\t\t\t<p><span style=\"font-weight: 400;\">El Dr. S\u00e1nchez tiene cuarenta y siete a\u00f1os de ejercicio profesional, y se especializa en las \u00e1reas de Derecho Civil, Mercantil y Derecho Constitucional, los \u00faltimos veinte a\u00f1os ejerciendo desde ACZALAW NICARAGUA y siendo a la vez Decano de la Facultad de Derecho de la Universidad Cat\u00f3lica Redemptoris M\u00e1ter (UNICA).<\/span><\/p><p>\u00a0<\/p><p><span style=\"font-weight: 400;\">El Dr. S\u00e1nchez es un reconocido abogado civilista y constitucionalista, especializado en derecho de familia, derecho de propiedad, derecho registral, sucesiones,<\/span><span style=\"font-weight: 400;\">\u00a0contratos <\/span><\/p><p><span style=\"font-weight: 400;\">y obligaciones.<\/span><\/p><p>\u00a0<\/p><p><span style=\"font-weight: 400;\">Antes de ser parte de ACZALAW, fue parte de los despachos jur\u00eddicos Mart\u00ednez Cuenca y Servicios Profesionales Especializados, S.A., ha sido asesor de empresas; miembro de comisiones de derechos humanos con amplia participaci\u00f3n en el proceso de pacificaci\u00f3n de Nicaragua, y de comisiones de investigaci\u00f3n.\u00a0<\/span><\/p><p>\u00a0<\/p><p><span style=\"font-weight: 400;\">El Dr. S\u00e1nchez ha trabajado en distintas instituciones p\u00fablicas, privadas y acad\u00e9micas como funcionario o asesor.<\/span><\/p>\t\t\t\t\t\t<\/div>\n\t\t\t\t<\/div>\n\t\t\t\t\t<\/div>\n\t\t<\/div>\n\t\t\t\t\t\t\t<\/div>\n\t\t<\/section>\n\t\t\t\t<div class=\"elementor-element elementor-element-a3e4c28 elementor-widget__width-initial exad-sticky-section-no exad-glass-effect-no elementor-widget elementor-widget-text-editor\" data-id=\"a3e4c28\" data-element_type=\"widget\" data-settings=\"{&quot;ekit_we_effect_on&quot;:&quot;none&quot;}\" data-widget_type=\"text-editor.default\">\n\t\t\t\t<div class=\"elementor-widget-container\">\n\t\t\t\t\t\t\t<p><span style=\"font-weight: 400;\">Ha participado en conferencias nacionales e internacionales sobre conflictos y mediaci\u00f3n. Complet\u00f3 estudios y seminarios de capacitaci\u00f3n en \u00e1reas de derecho de familia, derecho de menores, derechos humanos, derecho internacional humanitario, tanto en Nicaragua como en el extranjero: Costa Rica, Panam\u00e1, Colombia, Per\u00fa, Chile, M\u00e9xico, Espa\u00f1a, Alemania.<\/span><\/p><p>\u00a0<\/p><p><strong>El Dr. S\u00e1nchez, ha sido Decano de la Facultad de Derecho de la Universidad Cat\u00f3lica Redemptoris M\u00e1ter (UNICA) y Catedr\u00e1tico de:\u00a0<\/strong><\/p><p>\u00a0<\/p><p><span style=\"font-weight: 400;\">Introducci\u00f3n al Derecho; Derecho Civil I (Derecho de Familia); Derecho Mercantil; Derecho Constitucional; Derecho Internacional de los Derechos Humanos, y Doctrina Social de la Iglesia en las Escuelas de Derecho, Relaciones Internacionales y Comercio Internacional y, Escuela de Administraci\u00f3n de Empresas.\u00a0<\/span><\/p><p>\u00a0<\/p><p><span style=\"font-weight: 400;\">Actualmente en <\/span><span style=\"font-weight: 400;\">la misma universidad el Dr. S\u00e1nchez es miembro del Consejo Superior, (lo ha sido desde la fundaci\u00f3n de la Universidad) y es Asesor Institucional, con \u00e9nfasis en la Facultad de Ciencias Jur\u00eddicas y Sociales y de la Direcci\u00f3n de Registro y Control Acad\u00e9mico.\u00a0<\/span><\/p>\t\t\t\t\t\t<\/div>\n\t\t\t\t<\/div>\n\t\t\t\t<div class=\"elementor-element elementor-element-3f40535 exad-sticky-section-no exad-glass-effect-no elementor-widget elementor-widget-text-editor\" data-id=\"3f40535\" data-element_type=\"widget\" data-settings=\"{&quot;ekit_we_effect_on&quot;:&quot;none&quot;}\" data-widget_type=\"text-editor.default\">\n\t\t\t\t<div class=\"elementor-widget-container\">\n\t\t\t\t\t\t\t<ul>\n \t<li><span style=\"font-weight: 400;\">El Dr. S\u00e1nchez se gradu\u00f3 en la Facultad de Ciencias Jur\u00eddicas, Escuela de Derecho, de la Universidad Centroamericana de Managua (Nicaragua) en 1975. Recibi\u00f3 los t\u00edtulos de Abogado y Notario P\u00fablico de la Corte Suprema de Justicia.<\/span><\/li>\n \t<li><span style=\"font-weight: 400;\">Es socio de ACZALAW desde el a\u00f1o 2003.<\/span><\/li>\n \t<li><span style=\"font-weight: 400;\">Ha participado en conferencias nacionales e internacionales sobre conflictos y mediaci\u00f3n. Complet\u00f3 estudios y seminarios de capacitaci\u00f3n en \u00e1reas de derecho de familia, derecho de menores, derechos humanos, derecho internacional humanitario, tanto en Nicaragua como en el extranjero: <\/span><span style=\"font-weight: 400;\">Costa Rica, Panam\u00e1, Colombia, Per\u00fa, Chile, <\/span><span style=\"font-weight: 400;\">M\u00e9xico, Espa\u00f1a, Alemania.<\/span><\/li>\n \t<li><span style=\"font-weight: 400;\">El Dr. S\u00e1nchez es autor de varias obras de derecho civil y de an\u00e1lisis literario.\u00a0\u00a0<\/span><\/li>\n<\/ul>\t\t\t\t\t\t<\/div>\n\t\t\t\t<\/div>\n\t\t\t\t\t<\/div>\n\t\t<\/div>\n\t\t\t\t\t\t\t<\/div>\n\t\t<\/section>\n\t\t\t\t\t\t\t<\/div>\n\t\t","protected":false},"excerpt":{"rendered":"<p>Dr. Felipe S\u00e1nchez &#8220;No encuentres fallas, encuentra una soluci\u00f3n.&#8221; &#8211; Henry Ford El Dr. S\u00e1nchez tiene cuarenta y siete a\u00f1os de ejercicio profesional, y se especializa en las \u00e1reas de Derecho Civil, Mercantil y Derecho Constitucional, los \u00faltimos veinte a\u00f1os ejerciendo desde ACZALAW NICARAGUA y siendo a la vez Decano de la Facultad de Derecho [&hellip;]<\/p>\n","protected":false},"author":3,"featured_media":0,"parent":0,"menu_order":0,"comment_status":"closed","ping_status":"closed","template":"elementor_header_footer","meta":{"_joinchat":[],"footnotes":""},"yoast_head":"<!-- This site is optimized with the Yoast SEO plugin v22.6 - https:\/\/yoast.com\/wordpress\/plugins\/seo\/ -->\n<title>Dr. Felipe S\u00e1nchez - ACZALAW Nicaragua<\/title>\n<meta name=\"robots\" content=\"index, follow, max-snippet:-1, max-image-preview:large, max-video-preview:-1\" \/>\n<link rel=\"canonical\" href=\"https:\/\/aczalaw.com\/nicaragua\/dr-felipe-sanchez\/\" \/>\n<meta property=\"og:locale\" content=\"es_ES\" \/>\n<meta property=\"og:type\" content=\"article\" \/>\n<meta property=\"og:title\" content=\"Dr. Felipe S\u00e1nchez - ACZALAW Nicaragua\" \/>\n<meta property=\"og:description\" content=\"Dr. Felipe S\u00e1nchez &#8220;No encuentres fallas, encuentra una soluci\u00f3n.&#8221; &#8211; Henry Ford El Dr. S\u00e1nchez tiene cuarenta y siete a\u00f1os de ejercicio profesional, y se especializa en las \u00e1reas de Derecho Civil, Mercantil y Derecho Constitucional, los \u00faltimos veinte a\u00f1os ejerciendo desde ACZALAW NICARAGUA y siendo a la vez Decano de la Facultad de Derecho [&hellip;]\" \/>\n<meta property=\"og:url\" content=\"https:\/\/aczalaw.com\/nicaragua\/dr-felipe-sanchez\/\" \/>\n<meta property=\"og:site_name\" content=\"ACZALAW Nicaragua\" \/>\n<meta property=\"article:publisher\" content=\"https:\/\/www.facebook.com\/aczalawnicaraguaabogados\/\" \/>\n<meta property=\"article:modified_time\" content=\"2023-09-19T01:28:28+00:00\" \/>\n<meta property=\"og:image\" content=\"https:\/\/aczalaw.com\/nicaragua\/wp-content\/uploads\/2023\/07\/aczalaw-nicaragua-know-us-dr-felipe-nb.png\" \/>\n<meta name=\"twitter:card\" content=\"summary_large_image\" \/>\n<meta name=\"twitter:label1\" content=\"Tiempo de lectura\" \/>\n\t<meta name=\"twitter:data1\" content=\"3 minutos\" \/>\n<script type=\"application\/ld+json\" class=\"yoast-schema-graph\">{\"@context\":\"https:\/\/schema.org\",\"@graph\":[{\"@type\":\"WebPage\",\"@id\":\"https:\/\/aczalaw.com\/nicaragua\/dr-felipe-sanchez\/\",\"url\":\"https:\/\/aczalaw.com\/nicaragua\/dr-felipe-sanchez\/\",\"name\":\"Dr. Felipe S\u00e1nchez - ACZALAW Nicaragua\",\"isPartOf\":{\"@id\":\"https:\/\/aczalaw.com\/nicaragua\/#website\"},\"primaryImageOfPage\":{\"@id\":\"https:\/\/aczalaw.com\/nicaragua\/dr-felipe-sanchez\/#primaryimage\"},\"image\":{\"@id\":\"https:\/\/aczalaw.com\/nicaragua\/dr-felipe-sanchez\/#primaryimage\"},\"thumbnailUrl\":\"https:\/\/aczalaw.com\/nicaragua\/wp-content\/uploads\/2023\/07\/aczalaw-nicaragua-know-us-dr-felipe-nb.png\",\"datePublished\":\"2023-07-20T01:14:44+00:00\",\"dateModified\":\"2023-09-19T01:28:28+00:00\",\"breadcrumb\":{\"@id\":\"https:\/\/aczalaw.com\/nicaragua\/dr-felipe-sanchez\/#breadcrumb\"},\"inLanguage\":\"es\",\"potentialAction\":[{\"@type\":\"ReadAction\",\"target\":[\"https:\/\/aczalaw.com\/nicaragua\/dr-felipe-sanchez\/\"]}]},{\"@type\":\"ImageObject\",\"inLanguage\":\"es\",\"@id\":\"https:\/\/aczalaw.com\/nicaragua\/dr-felipe-sanchez\/#primaryimage\",\"url\":\"https:\/\/aczalaw.com\/nicaragua\/wp-content\/uploads\/2023\/07\/aczalaw-nicaragua-know-us-dr-felipe-nb.png\",\"contentUrl\":\"https:\/\/aczalaw.com\/nicaragua\/wp-content\/uploads\/2023\/07\/aczalaw-nicaragua-know-us-dr-felipe-nb.png\",\"width\":690,\"height\":690},{\"@type\":\"BreadcrumbList\",\"@id\":\"https:\/\/aczalaw.com\/nicaragua\/dr-felipe-sanchez\/#breadcrumb\",\"itemListElement\":[{\"@type\":\"ListItem\",\"position\":1,\"name\":\"Portada\",\"item\":\"https:\/\/aczalaw.com\/nicaragua\/\"},{\"@type\":\"ListItem\",\"position\":2,\"name\":\"Dr. Felipe S\u00e1nchez\"}]},{\"@type\":\"WebSite\",\"@id\":\"https:\/\/aczalaw.com\/nicaragua\/#website\",\"url\":\"https:\/\/aczalaw.com\/nicaragua\/\",\"name\":\"ACZALAW Nicaragua\",\"description\":\"Abogados Centroamericanos Asociados\",\"publisher\":{\"@id\":\"https:\/\/aczalaw.com\/nicaragua\/#organization\"},\"potentialAction\":[{\"@type\":\"SearchAction\",\"target\":{\"@type\":\"EntryPoint\",\"urlTemplate\":\"https:\/\/aczalaw.com\/nicaragua\/?s={search_term_string}\"},\"query-input\":\"required name=search_term_string\"}],\"inLanguage\":\"es\"},{\"@type\":\"Organization\",\"@id\":\"https:\/\/aczalaw.com\/nicaragua\/#organization\",\"name\":\"ACZALAW Nicaragua\",\"url\":\"https:\/\/aczalaw.com\/nicaragua\/\",\"logo\":{\"@type\":\"ImageObject\",\"inLanguage\":\"es\",\"@id\":\"https:\/\/aczalaw.com\/nicaragua\/#\/schema\/logo\/image\/\",\"url\":\"https:\/\/aczalaw.com\/nicaragua\/wp-content\/uploads\/2023\/07\/aczalaw-nicaragua-home-menu-logo.png\",\"contentUrl\":\"https:\/\/aczalaw.com\/nicaragua\/wp-content\/uploads\/2023\/07\/aczalaw-nicaragua-home-menu-logo.png\",\"width\":1280,\"height\":487,\"caption\":\"ACZALAW Nicaragua\"},\"image\":{\"@id\":\"https:\/\/aczalaw.com\/nicaragua\/#\/schema\/logo\/image\/\"},\"sameAs\":[\"https:\/\/www.facebook.com\/aczalawnicaraguaabogados\/\",\"https:\/\/www.linkedin.com\/company\/aczalawnicaragua\/\"]}]}<\/script>\n<!-- \/ Yoast SEO plugin. -->","yoast_head_json":{"title":"Dr. Felipe S\u00e1nchez - ACZALAW Nicaragua","robots":{"index":"index","follow":"follow","max-snippet":"max-snippet:-1","max-image-preview":"max-image-preview:large","max-video-preview":"max-video-preview:-1"},"canonical":"https:\/\/aczalaw.com\/nicaragua\/dr-felipe-sanchez\/","og_locale":"es_ES","og_type":"article","og_title":"Dr. Felipe S\u00e1nchez - ACZALAW Nicaragua","og_description":"Dr. Felipe S\u00e1nchez &#8220;No encuentres fallas, encuentra una soluci\u00f3n.&#8221; &#8211; Henry Ford El Dr. S\u00e1nchez tiene cuarenta y siete a\u00f1os de ejercicio profesional, y se especializa en las \u00e1reas de Derecho Civil, Mercantil y Derecho Constitucional, los \u00faltimos veinte a\u00f1os ejerciendo desde ACZALAW NICARAGUA y siendo a la vez Decano de la Facultad de Derecho [&hellip;]","og_url":"https:\/\/aczalaw.com\/nicaragua\/dr-felipe-sanchez\/","og_site_name":"ACZALAW Nicaragua","article_publisher":"https:\/\/www.facebook.com\/aczalawnicaraguaabogados\/","article_modified_time":"2023-09-19T01:28:28+00:00","og_image":[{"url":"https:\/\/aczalaw.com\/nicaragua\/wp-content\/uploads\/2023\/07\/aczalaw-nicaragua-know-us-dr-felipe-nb.png"}],"twitter_card":"summary_large_image","twitter_misc":{"Tiempo de lectura":"3 minutos"},"schema":{"@context":"https:\/\/schema.org","@graph":[{"@type":"WebPage","@id":"https:\/\/aczalaw.com\/nicaragua\/dr-felipe-sanchez\/","url":"https:\/\/aczalaw.com\/nicaragua\/dr-felipe-sanchez\/","name":"Dr. Felipe S\u00e1nchez - ACZALAW Nicaragua","isPartOf":{"@id":"https:\/\/aczalaw.com\/nicaragua\/#website"},"primaryImageOfPage":{"@id":"https:\/\/aczalaw.com\/nicaragua\/dr-felipe-sanchez\/#primaryimage"},"image":{"@id":"https:\/\/aczalaw.com\/nicaragua\/dr-felipe-sanchez\/#primaryimage"},"thumbnailUrl":"https:\/\/aczalaw.com\/nicaragua\/wp-content\/uploads\/2023\/07\/aczalaw-nicaragua-know-us-dr-felipe-nb.png","datePublished":"2023-07-20T01:14:44+00:00","dateModified":"2023-09-19T01:28:28+00:00","breadcrumb":{"@id":"https:\/\/aczalaw.com\/nicaragua\/dr-felipe-sanchez\/#breadcrumb"},"inLanguage":"es","potentialAction":[{"@type":"ReadAction","target":["https:\/\/aczalaw.com\/nicaragua\/dr-felipe-sanchez\/"]}]},{"@type":"ImageObject","inLanguage":"es","@id":"https:\/\/aczalaw.com\/nicaragua\/dr-felipe-sanchez\/#primaryimage","url":"https:\/\/aczalaw.com\/nicaragua\/wp-content\/uploads\/2023\/07\/aczalaw-nicaragua-know-us-dr-felipe-nb.png","contentUrl":"https:\/\/aczalaw.com\/nicaragua\/wp-content\/uploads\/2023\/07\/aczalaw-nicaragua-know-us-dr-felipe-nb.png","width":690,"height":690},{"@type":"BreadcrumbList","@id":"https:\/\/aczalaw.com\/nicaragua\/dr-felipe-sanchez\/#breadcrumb","itemListElement":[{"@type":"ListItem","position":1,"name":"Portada","item":"https:\/\/aczalaw.com\/nicaragua\/"},{"@type":"ListItem","position":2,"name":"Dr. Felipe S\u00e1nchez"}]},{"@type":"WebSite","@id":"https:\/\/aczalaw.com\/nicaragua\/#website","url":"https:\/\/aczalaw.com\/nicaragua\/","name":"ACZALAW Nicaragua","description":"Abogados Centroamericanos Asociados","publisher":{"@id":"https:\/\/aczalaw.com\/nicaragua\/#organization"},"potentialAction":[{"@type":"SearchAction","target":{"@type":"EntryPoint","urlTemplate":"https:\/\/aczalaw.com\/nicaragua\/?s={search_term_string}"},"query-input":"required name=search_term_string"}],"inLanguage":"es"},{"@type":"Organization","@id":"https:\/\/aczalaw.com\/nicaragua\/#organization","name":"ACZALAW Nicaragua","url":"https:\/\/aczalaw.com\/nicaragua\/","logo":{"@type":"ImageObject","inLanguage":"es","@id":"https:\/\/aczalaw.com\/nicaragua\/#\/schema\/logo\/image\/","url":"https:\/\/aczalaw.com\/nicaragua\/wp-content\/uploads\/2023\/07\/aczalaw-nicaragua-home-menu-logo.png","contentUrl":"https:\/\/aczalaw.com\/nicaragua\/wp-content\/uploads\/2023\/07\/aczalaw-nicaragua-home-menu-logo.png","width":1280,"height":487,"caption":"ACZALAW Nicaragua"},"image":{"@id":"https:\/\/aczalaw.com\/nicaragua\/#\/schema\/logo\/image\/"},"sameAs":["https:\/\/www.facebook.com\/aczalawnicaraguaabogados\/","https:\/\/www.linkedin.com\/company\/aczalawnicaragua\/"]}]}},"_links":{"self":[{"href":"https:\/\/aczalaw.com\/nicaragua\/wp-json\/wp\/v2\/pages\/3149"}],"collection":[{"href":"https:\/\/aczalaw.com\/nicaragua\/wp-json\/wp\/v2\/pages"}],"about":[{"href":"https:\/\/aczalaw.com\/nicaragua\/wp-json\/wp\/v2\/types\/page"}],"author":[{"embeddable":true,"href":"https:\/\/aczalaw.com\/nicaragua\/wp-json\/wp\/v2\/users\/3"}],"replies":[{"embeddable":true,"href":"https:\/\/aczalaw.com\/nicaragua\/wp-json\/wp\/v2\/comments?post=3149"}],"version-history":[{"count":126,"href":"https:\/\/aczalaw.com\/nicaragua\/wp-json\/wp\/v2\/pages\/3149\/revisions"}],"predecessor-version":[{"id":8494,"href":"https:\/\/aczalaw.com\/nicaragua\/wp-json\/wp\/v2\/pages\/3149\/revisions\/8494"}],"wp:attachment":[{"href":"https:\/\/aczalaw.com\/nicaragua\/wp-json\/wp\/v2\/media?parent=3149"}],"curies":[{"name":"wp","href":"https:\/\/api.w.org\/{rel}","templated":true}]}}