{"id":3152,"date":"2023-07-20T01:13:10","date_gmt":"2023-07-20T01:13:10","guid":{"rendered":"https:\/\/aczalaw.com\/nicaragua\/?page_id=3152"},"modified":"2023-07-31T20:18:16","modified_gmt":"2023-07-31T20:18:16","slug":"jorge-prado","status":"publish","type":"page","link":"https:\/\/aczalaw.com\/nicaragua\/jorge-prado\/","title":{"rendered":"Jorge Prado"},"content":{"rendered":"\t\t<div data-elementor-type=\"wp-page\" data-elementor-id=\"3152\" class=\"elementor elementor-3152\">\n\t\t\t\t\t\t\t\t\t<section class=\"elementor-section elementor-top-section elementor-element elementor-element-3718616 elementor-section-boxed elementor-section-height-default elementor-section-height-default exad-glass-effect-no exad-sticky-section-no\" data-id=\"3718616\" data-element_type=\"section\" data-settings=\"{&quot;background_background&quot;:&quot;classic&quot;,&quot;_ha_eqh_enable&quot;:false}\">\n\t\t\t\t\t\t\t<div class=\"elementor-background-overlay\"><\/div>\n\t\t\t\t\t\t\t<div class=\"elementor-container elementor-column-gap-default\">\n\t\t\t\t\t<div class=\"elementor-column elementor-col-50 elementor-top-column elementor-element elementor-element-e11cad5 exad-glass-effect-no exad-sticky-section-no\" data-id=\"e11cad5\" data-element_type=\"column\" data-settings=\"{&quot;background_background&quot;:&quot;classic&quot;}\">\n\t\t\t<div class=\"elementor-widget-wrap elementor-element-populated\">\n\t\t\t\t\t\t\t\t<div class=\"elementor-element elementor-element-81d798a exad-sticky-section-no exad-glass-effect-no elementor-widget elementor-widget-heading\" data-id=\"81d798a\" data-element_type=\"widget\" data-settings=\"{&quot;ekit_we_effect_on&quot;:&quot;none&quot;}\" data-widget_type=\"heading.default\">\n\t\t\t\t<div class=\"elementor-widget-container\">\n\t\t\t<style>\/*! elementor - v3.16.0 - 20-09-2023 *\/\n.elementor-heading-title{padding:0;margin:0;line-height:1}.elementor-widget-heading .elementor-heading-title[class*=elementor-size-]>a{color:inherit;font-size:inherit;line-height:inherit}.elementor-widget-heading .elementor-heading-title.elementor-size-small{font-size:15px}.elementor-widget-heading .elementor-heading-title.elementor-size-medium{font-size:19px}.elementor-widget-heading .elementor-heading-title.elementor-size-large{font-size:29px}.elementor-widget-heading .elementor-heading-title.elementor-size-xl{font-size:39px}.elementor-widget-heading .elementor-heading-title.elementor-size-xxl{font-size:59px}<\/style><h2 class=\"elementor-heading-title elementor-size-default\">Jorge Prado<\/h2>\t\t<\/div>\n\t\t\t\t<\/div>\n\t\t\t\t<div class=\"elementor-element elementor-element-3fc90b4 exad-sticky-section-no exad-glass-effect-no elementor-widget elementor-widget-text-editor\" data-id=\"3fc90b4\" data-element_type=\"widget\" data-settings=\"{&quot;ekit_we_effect_on&quot;:&quot;none&quot;}\" data-widget_type=\"text-editor.default\">\n\t\t\t\t<div class=\"elementor-widget-container\">\n\t\t\t<style>\/*! elementor - v3.16.0 - 20-09-2023 *\/\n.elementor-widget-text-editor.elementor-drop-cap-view-stacked .elementor-drop-cap{background-color:#69727d;color:#fff}.elementor-widget-text-editor.elementor-drop-cap-view-framed .elementor-drop-cap{color:#69727d;border:3px solid;background-color:transparent}.elementor-widget-text-editor:not(.elementor-drop-cap-view-default) .elementor-drop-cap{margin-top:8px}.elementor-widget-text-editor:not(.elementor-drop-cap-view-default) .elementor-drop-cap-letter{width:1em;height:1em}.elementor-widget-text-editor .elementor-drop-cap{float:left;text-align:center;line-height:1;font-size:50px}.elementor-widget-text-editor .elementor-drop-cap-letter{display:inline-block}<\/style>\t\t\t\t<p><span style=\"font-weight: 400;\">&#8220;La \u00fanica manera de hacer un gran trabajo es amar lo que haces.&#8221;<\/span><\/p><p style=\"text-align: center;\">&#8211; Steve Jobs<\/p>\t\t\t\t\t\t<\/div>\n\t\t\t\t<\/div>\n\t\t\t\t\t<\/div>\n\t\t<\/div>\n\t\t\t\t<div class=\"elementor-column elementor-col-50 elementor-top-column elementor-element elementor-element-444e410 exad-glass-effect-no exad-sticky-section-no\" data-id=\"444e410\" data-element_type=\"column\" data-settings=\"{&quot;background_background&quot;:&quot;classic&quot;}\">\n\t\t\t<div class=\"elementor-widget-wrap\">\n\t\t\t\t\t\t\t\t\t<\/div>\n\t\t<\/div>\n\t\t\t\t\t\t\t<\/div>\n\t\t<\/section>\n\t\t\t\t<section class=\"elementor-section elementor-top-section elementor-element elementor-element-9a30960 elementor-section-height-min-height elementor-section-boxed elementor-section-height-default elementor-section-items-middle exad-glass-effect-no exad-sticky-section-no elementor-invisible\" data-id=\"9a30960\" data-element_type=\"section\" data-settings=\"{&quot;animation&quot;:&quot;fadeIn&quot;,&quot;_ha_eqh_enable&quot;:false}\">\n\t\t\t\t\t\t<div class=\"elementor-container elementor-column-gap-default\">\n\t\t\t\t\t<div class=\"elementor-column elementor-col-100 elementor-top-column elementor-element elementor-element-d631371 exad-glass-effect-no exad-sticky-section-no\" data-id=\"d631371\" data-element_type=\"column\">\n\t\t\t<div class=\"elementor-widget-wrap elementor-element-populated\">\n\t\t\t\t\t\t\t\t<section class=\"elementor-section elementor-inner-section elementor-element elementor-element-60570e6 elementor-section-boxed elementor-section-height-default elementor-section-height-default exad-glass-effect-no exad-sticky-section-no\" data-id=\"60570e6\" data-element_type=\"section\" data-settings=\"{&quot;_ha_eqh_enable&quot;:false}\">\n\t\t\t\t\t\t<div class=\"elementor-container elementor-column-gap-default\">\n\t\t\t\t\t<div class=\"elementor-column elementor-col-50 elementor-inner-column elementor-element elementor-element-e78bec0 exad-glass-effect-no exad-sticky-section-no\" data-id=\"e78bec0\" data-element_type=\"column\">\n\t\t\t<div class=\"elementor-widget-wrap elementor-element-populated\">\n\t\t\t\t\t\t\t\t<div class=\"elementor-element elementor-element-0e3df11 exad-sticky-section-no exad-glass-effect-no elementor-widget elementor-widget-image\" data-id=\"0e3df11\" data-element_type=\"widget\" data-settings=\"{&quot;ekit_we_effect_on&quot;:&quot;none&quot;}\" data-widget_type=\"image.default\">\n\t\t\t\t<div class=\"elementor-widget-container\">\n\t\t\t<style>\/*! elementor - v3.16.0 - 20-09-2023 *\/\n.elementor-widget-image{text-align:center}.elementor-widget-image a{display:inline-block}.elementor-widget-image a img[src$=\".svg\"]{width:48px}.elementor-widget-image img{vertical-align:middle;display:inline-block}<\/style>\t\t\t\t\t\t\t\t\t\t\t\t<img loading=\"lazy\" decoding=\"async\" width=\"690\" height=\"690\" src=\"https:\/\/aczalaw.com\/nicaragua\/wp-content\/uploads\/2023\/07\/aczalaw-nicaragua-know-us-jorge-nb-.png\" class=\"attachment-full size-full wp-image-6135\" alt=\"\" srcset=\"https:\/\/aczalaw.com\/nicaragua\/wp-content\/uploads\/2023\/07\/aczalaw-nicaragua-know-us-jorge-nb-.png 690w, https:\/\/aczalaw.com\/nicaragua\/wp-content\/uploads\/2023\/07\/aczalaw-nicaragua-know-us-jorge-nb--300x300.png 300w, https:\/\/aczalaw.com\/nicaragua\/wp-content\/uploads\/2023\/07\/aczalaw-nicaragua-know-us-jorge-nb--150x150.png 150w\" sizes=\"(max-width: 690px) 100vw, 690px\" \/>\t\t\t\t\t\t\t\t\t\t\t\t\t\t\t<\/div>\n\t\t\t\t<\/div>\n\t\t\t\t\t<\/div>\n\t\t<\/div>\n\t\t\t\t<div class=\"elementor-column elementor-col-50 elementor-inner-column elementor-element elementor-element-3505abb exad-glass-effect-no exad-sticky-section-no\" data-id=\"3505abb\" data-element_type=\"column\">\n\t\t\t<div class=\"elementor-widget-wrap elementor-element-populated\">\n\t\t\t\t\t\t\t\t<div class=\"elementor-element elementor-element-08232e6 elementor-widget__width-initial exad-sticky-section-no exad-glass-effect-no elementor-widget elementor-widget-text-editor\" data-id=\"08232e6\" data-element_type=\"widget\" data-settings=\"{&quot;ekit_we_effect_on&quot;:&quot;none&quot;}\" data-widget_type=\"text-editor.default\">\n\t\t\t\t<div class=\"elementor-widget-container\">\n\t\t\t\t\t\t\t<p><span style=\"font-weight: 400;\">El Lic. Prado cuenta con 22 a\u00f1os de experiencia en asesor\u00eda laboral, integrando la visi\u00f3n del servicio p\u00fablico en el Ministerio del Trabajo, con la perspectiva de 17 a\u00f1os de asesor de la empresa privada, 9 a\u00f1os como docente en la c\u00e1tedra de derecho laboral de la Universidad Cat\u00f3lica Redemptoris M\u00e1ter (UNICA) y fungiendo como socio director de la pr\u00e1ctica laboral en ACZALAW NICARAGUA.<\/span><\/p><p>\u00a0<\/p><p><span style=\"font-weight: 400;\">Posee una amplia experiencia en revisi\u00f3n y\/o elaboraci\u00f3n de Reglamentos Internos, contratos individuales de trabajo, a nivel gerencial y de colaboradores, contratos especiales y de servicios profesionales, as\u00ed como la negociaci\u00f3n de contratos individuales <\/span><span style=\"font-weight: 400;\">y colectivos.<\/span><\/p><p>\u00a0<\/p><p><span style=\"font-weight: 400;\">Una vasta experiencia en juicios y conciliaciones laborales en todas las instancias. Experiencia en negociaci\u00f3n de convenios colectivos y <\/span><span style=\"font-weight: 400;\">negociaci\u00f3n <\/span><span style=\"font-weight: 400;\">con<\/span> organizaciones sindicales.<\/p><p>\u00a0<\/p><p><span style=\"font-weight: 400;\">Due Diligence de cumplimiento de la legislaci\u00f3n laboral en operaciones de fusiones y\/o adquisiciones o para prevenir contingencias contra la empresa.\u00a0<\/span><\/p>\t\t\t\t\t\t<\/div>\n\t\t\t\t<\/div>\n\t\t\t\t\t<\/div>\n\t\t<\/div>\n\t\t\t\t\t\t\t<\/div>\n\t\t<\/section>\n\t\t\t\t<div class=\"elementor-element elementor-element-2e26462 elementor-widget__width-initial exad-sticky-section-no exad-glass-effect-no elementor-widget elementor-widget-text-editor\" data-id=\"2e26462\" data-element_type=\"widget\" data-settings=\"{&quot;ekit_we_effect_on&quot;:&quot;none&quot;}\" data-widget_type=\"text-editor.default\">\n\t\t\t\t<div class=\"elementor-widget-container\">\n\t\t\t\t\t\t\t<p><span style=\"font-weight: 400;\">Asesor\u00eda en las pol\u00edticas de Recursos Humanos de la empresa. Capacitaci\u00f3n a la gerencia y liderazgo de la empresa, orientada al conocimiento de las regulaciones que aplican en el d\u00eda a d\u00eda, acorde al giro del negocio, as\u00ed como en las nuevas tendencias y culturas de desarrollo de personal, manejo de equipos de alto rendimiento y mejora continua desde el punto de vista laboral.<\/span><\/p><p>\u00a0<\/p><p><span style=\"font-weight: 400;\">Jorge ha sido asesor jur\u00eddico de la Direcci\u00f3n General de Inspecci\u00f3n del Trabajo del Ministerio del Trabajo por un periodo de cuatro a\u00f1os, involucr\u00e1ndose en todos los aspectos de la funci\u00f3n regulatoria de la instituci\u00f3n en materia de legislaci\u00f3n laboral, lo que, sumado a 17 a\u00f1os de abogado laboralista de empresas, le han creado un dominio de la materia, en lo pr\u00e1ctico, procedimental y doctrinario.\u00a0\u00a0<\/span><\/p><p>\u00a0<\/p><p><span style=\"font-weight: 400;\">Desde su cargo como Asesor jur\u00eddico de la Direcci\u00f3n General de Inspecci\u00f3n del Trabajo ha participado en procesos de auditor\u00edas de cumplimiento para varias empresas, entre ellas, CEMEX, CASTLEWALK, Pl\u00e1sticos Modernos e INCAE.<\/span><\/p>\t\t\t\t\t\t<\/div>\n\t\t\t\t<\/div>\n\t\t\t\t<div class=\"elementor-element elementor-element-da7d15f exad-sticky-section-no exad-glass-effect-no elementor-widget elementor-widget-text-editor\" data-id=\"da7d15f\" data-element_type=\"widget\" data-settings=\"{&quot;ekit_we_effect_on&quot;:&quot;none&quot;}\" data-widget_type=\"text-editor.default\">\n\t\t\t\t<div class=\"elementor-widget-container\">\n\t\t\t\t\t\t\t<p><strong>Sectores de Experiencia:<\/strong><\/p><ul><li>Industria.<\/li><li>Sector Servicios-Comercio.<\/li><li>Zonas Francas.<\/li><li>Minas y Canteras.<\/li><li>Call Centers.<\/li><li>Textil Vestuario.<\/li><li>Financieras y Seguros.<\/li><li>Sector Energ\u00eda.<\/li><\/ul><p><strong>Su formaci\u00f3n acad\u00e9mica incluye:<\/strong><\/p><ul><li><span style=\"font-weight: 400;\">Egresado de la facultad de Ciencias Jur\u00eddica y Sociales de la Universidad Cat\u00f3lica \u201cRedemtoris Mater\u201d (UNICA) en el a\u00f1o 1999, obteniendo la Licenciatura en Derecho.<\/span><\/li><li><span style=\"font-weight: 400;\">Especializaci\u00f3n en Derecho Laboral con Menci\u00f3n en Oralidad y el Debido Proceso desarrollando en el marco del PROGRAMA DE USAID PARA EL FORTALECIMIENTO DE LA JUSTICIA LABORAL PARA CAFTA-DR, ejecutado en la regi\u00f3n por MSD (Management Science for Development).<\/span><\/li><li style=\"font-weight: 400;\" aria-level=\"1\"><span style=\"font-weight: 400;\">Curso en Derecho Laboral-Universidad Nacional Aut\u00f3noma de M\u00e9xico (UNAM M\u00c9XICO)-Escuela Nacional de Trabajo Social.\u00a0<\/span><\/li><li><span style=\"font-weight: 400;\">Curso: Pr\u00e1ctica del C\u00f3digo Laboral, impartido por el Centro de Capacitaci\u00f3n y Productividad CECAP y la Universidad Nacional Aut\u00f3noma de M\u00e9xico (UNAM-M\u00c9XICO).<\/span><\/li><li><span style=\"font-weight: 400;\">Curso de formaci\u00f3n como Gestor y Auditor Interno de Calidad bajo los principios b\u00e1sicos de la Norma Internacional ISO 9001 desde el proceso de Gesti\u00f3n Humana. Impartido por ASTEQ-Colombia. (Asistencia T\u00e9cnica para la Calidad y la Competitividad para la Formaci\u00f3n Empresarial.<\/span> <span style=\"font-weight: 400;\">\u00a0<\/span><\/li><\/ul>\t\t\t\t\t\t<\/div>\n\t\t\t\t<\/div>\n\t\t\t\t\t<\/div>\n\t\t<\/div>\n\t\t\t\t\t\t\t<\/div>\n\t\t<\/section>\n\t\t\t\t\t\t\t<\/div>\n\t\t","protected":false},"excerpt":{"rendered":"<p>Jorge Prado &#8220;La \u00fanica manera de hacer un gran trabajo es amar lo que haces.&#8221; &#8211; Steve Jobs El Lic. Prado cuenta con 22 a\u00f1os de experiencia en asesor\u00eda laboral, integrando la visi\u00f3n del servicio p\u00fablico en el Ministerio del Trabajo, con la perspectiva de 17 a\u00f1os de asesor de la empresa privada, 9 a\u00f1os [&hellip;]<\/p>\n","protected":false},"author":3,"featured_media":0,"parent":0,"menu_order":0,"comment_status":"closed","ping_status":"closed","template":"elementor_header_footer","meta":{"_joinchat":[],"footnotes":""},"yoast_head":"<!-- This site is optimized with the Yoast SEO plugin v22.6 - https:\/\/yoast.com\/wordpress\/plugins\/seo\/ -->\n<title>Jorge Prado - ACZALAW Nicaragua<\/title>\n<meta name=\"robots\" content=\"index, follow, max-snippet:-1, max-image-preview:large, max-video-preview:-1\" \/>\n<link rel=\"canonical\" href=\"https:\/\/aczalaw.com\/nicaragua\/jorge-prado\/\" \/>\n<meta property=\"og:locale\" content=\"es_ES\" \/>\n<meta property=\"og:type\" content=\"article\" \/>\n<meta property=\"og:title\" content=\"Jorge Prado - ACZALAW Nicaragua\" \/>\n<meta property=\"og:description\" content=\"Jorge Prado &#8220;La \u00fanica manera de hacer un gran trabajo es amar lo que haces.&#8221; &#8211; Steve Jobs El Lic. Prado cuenta con 22 a\u00f1os de experiencia en asesor\u00eda laboral, integrando la visi\u00f3n del servicio p\u00fablico en el Ministerio del Trabajo, con la perspectiva de 17 a\u00f1os de asesor de la empresa privada, 9 a\u00f1os [&hellip;]\" \/>\n<meta property=\"og:url\" content=\"https:\/\/aczalaw.com\/nicaragua\/jorge-prado\/\" \/>\n<meta property=\"og:site_name\" content=\"ACZALAW Nicaragua\" \/>\n<meta property=\"article:publisher\" content=\"https:\/\/www.facebook.com\/aczalawnicaraguaabogados\/\" \/>\n<meta property=\"article:modified_time\" content=\"2023-07-31T20:18:16+00:00\" \/>\n<meta property=\"og:image\" content=\"https:\/\/aczalaw.com\/nicaragua\/wp-content\/uploads\/2023\/07\/aczalaw-nicaragua-know-us-jorge-nb-.png\" \/>\n<meta name=\"twitter:card\" content=\"summary_large_image\" \/>\n<meta name=\"twitter:label1\" content=\"Tiempo de lectura\" \/>\n\t<meta name=\"twitter:data1\" content=\"3 minutos\" \/>\n<script type=\"application\/ld+json\" class=\"yoast-schema-graph\">{\"@context\":\"https:\/\/schema.org\",\"@graph\":[{\"@type\":\"WebPage\",\"@id\":\"https:\/\/aczalaw.com\/nicaragua\/jorge-prado\/\",\"url\":\"https:\/\/aczalaw.com\/nicaragua\/jorge-prado\/\",\"name\":\"Jorge Prado - ACZALAW Nicaragua\",\"isPartOf\":{\"@id\":\"https:\/\/aczalaw.com\/nicaragua\/#website\"},\"primaryImageOfPage\":{\"@id\":\"https:\/\/aczalaw.com\/nicaragua\/jorge-prado\/#primaryimage\"},\"image\":{\"@id\":\"https:\/\/aczalaw.com\/nicaragua\/jorge-prado\/#primaryimage\"},\"thumbnailUrl\":\"https:\/\/aczalaw.com\/nicaragua\/wp-content\/uploads\/2023\/07\/aczalaw-nicaragua-know-us-jorge-nb-.png\",\"datePublished\":\"2023-07-20T01:13:10+00:00\",\"dateModified\":\"2023-07-31T20:18:16+00:00\",\"breadcrumb\":{\"@id\":\"https:\/\/aczalaw.com\/nicaragua\/jorge-prado\/#breadcrumb\"},\"inLanguage\":\"es\",\"potentialAction\":[{\"@type\":\"ReadAction\",\"target\":[\"https:\/\/aczalaw.com\/nicaragua\/jorge-prado\/\"]}]},{\"@type\":\"ImageObject\",\"inLanguage\":\"es\",\"@id\":\"https:\/\/aczalaw.com\/nicaragua\/jorge-prado\/#primaryimage\",\"url\":\"https:\/\/aczalaw.com\/nicaragua\/wp-content\/uploads\/2023\/07\/aczalaw-nicaragua-know-us-jorge-nb-.png\",\"contentUrl\":\"https:\/\/aczalaw.com\/nicaragua\/wp-content\/uploads\/2023\/07\/aczalaw-nicaragua-know-us-jorge-nb-.png\",\"width\":690,\"height\":690},{\"@type\":\"BreadcrumbList\",\"@id\":\"https:\/\/aczalaw.com\/nicaragua\/jorge-prado\/#breadcrumb\",\"itemListElement\":[{\"@type\":\"ListItem\",\"position\":1,\"name\":\"Portada\",\"item\":\"https:\/\/aczalaw.com\/nicaragua\/\"},{\"@type\":\"ListItem\",\"position\":2,\"name\":\"Jorge Prado\"}]},{\"@type\":\"WebSite\",\"@id\":\"https:\/\/aczalaw.com\/nicaragua\/#website\",\"url\":\"https:\/\/aczalaw.com\/nicaragua\/\",\"name\":\"ACZALAW Nicaragua\",\"description\":\"Abogados Centroamericanos Asociados\",\"publisher\":{\"@id\":\"https:\/\/aczalaw.com\/nicaragua\/#organization\"},\"potentialAction\":[{\"@type\":\"SearchAction\",\"target\":{\"@type\":\"EntryPoint\",\"urlTemplate\":\"https:\/\/aczalaw.com\/nicaragua\/?s={search_term_string}\"},\"query-input\":\"required name=search_term_string\"}],\"inLanguage\":\"es\"},{\"@type\":\"Organization\",\"@id\":\"https:\/\/aczalaw.com\/nicaragua\/#organization\",\"name\":\"ACZALAW Nicaragua\",\"url\":\"https:\/\/aczalaw.com\/nicaragua\/\",\"logo\":{\"@type\":\"ImageObject\",\"inLanguage\":\"es\",\"@id\":\"https:\/\/aczalaw.com\/nicaragua\/#\/schema\/logo\/image\/\",\"url\":\"https:\/\/aczalaw.com\/nicaragua\/wp-content\/uploads\/2023\/07\/aczalaw-nicaragua-home-menu-logo.png\",\"contentUrl\":\"https:\/\/aczalaw.com\/nicaragua\/wp-content\/uploads\/2023\/07\/aczalaw-nicaragua-home-menu-logo.png\",\"width\":1280,\"height\":487,\"caption\":\"ACZALAW Nicaragua\"},\"image\":{\"@id\":\"https:\/\/aczalaw.com\/nicaragua\/#\/schema\/logo\/image\/\"},\"sameAs\":[\"https:\/\/www.facebook.com\/aczalawnicaraguaabogados\/\",\"https:\/\/www.linkedin.com\/company\/aczalawnicaragua\/\"]}]}<\/script>\n<!-- \/ Yoast SEO plugin. -->","yoast_head_json":{"title":"Jorge Prado - ACZALAW Nicaragua","robots":{"index":"index","follow":"follow","max-snippet":"max-snippet:-1","max-image-preview":"max-image-preview:large","max-video-preview":"max-video-preview:-1"},"canonical":"https:\/\/aczalaw.com\/nicaragua\/jorge-prado\/","og_locale":"es_ES","og_type":"article","og_title":"Jorge Prado - ACZALAW Nicaragua","og_description":"Jorge Prado &#8220;La \u00fanica manera de hacer un gran trabajo es amar lo que haces.&#8221; &#8211; Steve Jobs El Lic. Prado cuenta con 22 a\u00f1os de experiencia en asesor\u00eda laboral, integrando la visi\u00f3n del servicio p\u00fablico en el Ministerio del Trabajo, con la perspectiva de 17 a\u00f1os de asesor de la empresa privada, 9 a\u00f1os [&hellip;]","og_url":"https:\/\/aczalaw.com\/nicaragua\/jorge-prado\/","og_site_name":"ACZALAW Nicaragua","article_publisher":"https:\/\/www.facebook.com\/aczalawnicaraguaabogados\/","article_modified_time":"2023-07-31T20:18:16+00:00","og_image":[{"url":"https:\/\/aczalaw.com\/nicaragua\/wp-content\/uploads\/2023\/07\/aczalaw-nicaragua-know-us-jorge-nb-.png"}],"twitter_card":"summary_large_image","twitter_misc":{"Tiempo de lectura":"3 minutos"},"schema":{"@context":"https:\/\/schema.org","@graph":[{"@type":"WebPage","@id":"https:\/\/aczalaw.com\/nicaragua\/jorge-prado\/","url":"https:\/\/aczalaw.com\/nicaragua\/jorge-prado\/","name":"Jorge Prado - ACZALAW Nicaragua","isPartOf":{"@id":"https:\/\/aczalaw.com\/nicaragua\/#website"},"primaryImageOfPage":{"@id":"https:\/\/aczalaw.com\/nicaragua\/jorge-prado\/#primaryimage"},"image":{"@id":"https:\/\/aczalaw.com\/nicaragua\/jorge-prado\/#primaryimage"},"thumbnailUrl":"https:\/\/aczalaw.com\/nicaragua\/wp-content\/uploads\/2023\/07\/aczalaw-nicaragua-know-us-jorge-nb-.png","datePublished":"2023-07-20T01:13:10+00:00","dateModified":"2023-07-31T20:18:16+00:00","breadcrumb":{"@id":"https:\/\/aczalaw.com\/nicaragua\/jorge-prado\/#breadcrumb"},"inLanguage":"es","potentialAction":[{"@type":"ReadAction","target":["https:\/\/aczalaw.com\/nicaragua\/jorge-prado\/"]}]},{"@type":"ImageObject","inLanguage":"es","@id":"https:\/\/aczalaw.com\/nicaragua\/jorge-prado\/#primaryimage","url":"https:\/\/aczalaw.com\/nicaragua\/wp-content\/uploads\/2023\/07\/aczalaw-nicaragua-know-us-jorge-nb-.png","contentUrl":"https:\/\/aczalaw.com\/nicaragua\/wp-content\/uploads\/2023\/07\/aczalaw-nicaragua-know-us-jorge-nb-.png","width":690,"height":690},{"@type":"BreadcrumbList","@id":"https:\/\/aczalaw.com\/nicaragua\/jorge-prado\/#breadcrumb","itemListElement":[{"@type":"ListItem","position":1,"name":"Portada","item":"https:\/\/aczalaw.com\/nicaragua\/"},{"@type":"ListItem","position":2,"name":"Jorge Prado"}]},{"@type":"WebSite","@id":"https:\/\/aczalaw.com\/nicaragua\/#website","url":"https:\/\/aczalaw.com\/nicaragua\/","name":"ACZALAW Nicaragua","description":"Abogados Centroamericanos Asociados","publisher":{"@id":"https:\/\/aczalaw.com\/nicaragua\/#organization"},"potentialAction":[{"@type":"SearchAction","target":{"@type":"EntryPoint","urlTemplate":"https:\/\/aczalaw.com\/nicaragua\/?s={search_term_string}"},"query-input":"required name=search_term_string"}],"inLanguage":"es"},{"@type":"Organization","@id":"https:\/\/aczalaw.com\/nicaragua\/#organization","name":"ACZALAW Nicaragua","url":"https:\/\/aczalaw.com\/nicaragua\/","logo":{"@type":"ImageObject","inLanguage":"es","@id":"https:\/\/aczalaw.com\/nicaragua\/#\/schema\/logo\/image\/","url":"https:\/\/aczalaw.com\/nicaragua\/wp-content\/uploads\/2023\/07\/aczalaw-nicaragua-home-menu-logo.png","contentUrl":"https:\/\/aczalaw.com\/nicaragua\/wp-content\/uploads\/2023\/07\/aczalaw-nicaragua-home-menu-logo.png","width":1280,"height":487,"caption":"ACZALAW Nicaragua"},"image":{"@id":"https:\/\/aczalaw.com\/nicaragua\/#\/schema\/logo\/image\/"},"sameAs":["https:\/\/www.facebook.com\/aczalawnicaraguaabogados\/","https:\/\/www.linkedin.com\/company\/aczalawnicaragua\/"]}]}},"_links":{"self":[{"href":"https:\/\/aczalaw.com\/nicaragua\/wp-json\/wp\/v2\/pages\/3152"}],"collection":[{"href":"https:\/\/aczalaw.com\/nicaragua\/wp-json\/wp\/v2\/pages"}],"about":[{"href":"https:\/\/aczalaw.com\/nicaragua\/wp-json\/wp\/v2\/types\/page"}],"author":[{"embeddable":true,"href":"https:\/\/aczalaw.com\/nicaragua\/wp-json\/wp\/v2\/users\/3"}],"replies":[{"embeddable":true,"href":"https:\/\/aczalaw.com\/nicaragua\/wp-json\/wp\/v2\/comments?post=3152"}],"version-history":[{"count":170,"href":"https:\/\/aczalaw.com\/nicaragua\/wp-json\/wp\/v2\/pages\/3152\/revisions"}],"predecessor-version":[{"id":6374,"href":"https:\/\/aczalaw.com\/nicaragua\/wp-json\/wp\/v2\/pages\/3152\/revisions\/6374"}],"wp:attachment":[{"href":"https:\/\/aczalaw.com\/nicaragua\/wp-json\/wp\/v2\/media?parent=3152"}],"curies":[{"name":"wp","href":"https:\/\/api.w.org\/{rel}","templated":true}]}}