{"id":3154,"date":"2023-07-20T01:12:51","date_gmt":"2023-07-20T01:12:51","guid":{"rendered":"https:\/\/aczalaw.com\/nicaragua\/?page_id=3154"},"modified":"2023-10-05T03:25:21","modified_gmt":"2023-10-05T03:25:21","slug":"miriam-espinosa","status":"publish","type":"page","link":"https:\/\/aczalaw.com\/nicaragua\/miriam-espinosa\/","title":{"rendered":"Miriam Espinosa"},"content":{"rendered":"\t\t<div data-elementor-type=\"wp-page\" data-elementor-id=\"3154\" class=\"elementor elementor-3154\">\n\t\t\t\t\t\t\t\t\t<section class=\"elementor-section elementor-top-section elementor-element elementor-element-7a1bb4b elementor-section-boxed elementor-section-height-default elementor-section-height-default exad-glass-effect-no exad-sticky-section-no\" data-id=\"7a1bb4b\" data-element_type=\"section\" data-settings=\"{&quot;background_background&quot;:&quot;classic&quot;,&quot;_ha_eqh_enable&quot;:false}\">\n\t\t\t\t\t\t\t<div class=\"elementor-background-overlay\"><\/div>\n\t\t\t\t\t\t\t<div class=\"elementor-container elementor-column-gap-default\">\n\t\t\t\t\t<div class=\"elementor-column elementor-col-50 elementor-top-column elementor-element elementor-element-20f1f70 exad-glass-effect-no exad-sticky-section-no\" data-id=\"20f1f70\" data-element_type=\"column\" data-settings=\"{&quot;background_background&quot;:&quot;classic&quot;}\">\n\t\t\t<div class=\"elementor-widget-wrap elementor-element-populated\">\n\t\t\t\t\t\t\t\t<div class=\"elementor-element elementor-element-fe30174 exad-sticky-section-no exad-glass-effect-no elementor-widget elementor-widget-heading\" data-id=\"fe30174\" data-element_type=\"widget\" data-settings=\"{&quot;ekit_we_effect_on&quot;:&quot;none&quot;}\" data-widget_type=\"heading.default\">\n\t\t\t\t<div class=\"elementor-widget-container\">\n\t\t\t<style>\/*! elementor - v3.16.0 - 20-09-2023 *\/\n.elementor-heading-title{padding:0;margin:0;line-height:1}.elementor-widget-heading .elementor-heading-title[class*=elementor-size-]>a{color:inherit;font-size:inherit;line-height:inherit}.elementor-widget-heading .elementor-heading-title.elementor-size-small{font-size:15px}.elementor-widget-heading .elementor-heading-title.elementor-size-medium{font-size:19px}.elementor-widget-heading .elementor-heading-title.elementor-size-large{font-size:29px}.elementor-widget-heading .elementor-heading-title.elementor-size-xl{font-size:39px}.elementor-widget-heading .elementor-heading-title.elementor-size-xxl{font-size:59px}<\/style><h2 class=\"elementor-heading-title elementor-size-default\">Miriam Espinosa<\/h2>\t\t<\/div>\n\t\t\t\t<\/div>\n\t\t\t\t<div class=\"elementor-element elementor-element-4c710f9 exad-sticky-section-no exad-glass-effect-no elementor-widget elementor-widget-text-editor\" data-id=\"4c710f9\" data-element_type=\"widget\" data-settings=\"{&quot;ekit_we_effect_on&quot;:&quot;none&quot;}\" data-widget_type=\"text-editor.default\">\n\t\t\t\t<div class=\"elementor-widget-container\">\n\t\t\t<style>\/*! elementor - v3.16.0 - 20-09-2023 *\/\n.elementor-widget-text-editor.elementor-drop-cap-view-stacked .elementor-drop-cap{background-color:#69727d;color:#fff}.elementor-widget-text-editor.elementor-drop-cap-view-framed .elementor-drop-cap{color:#69727d;border:3px solid;background-color:transparent}.elementor-widget-text-editor:not(.elementor-drop-cap-view-default) .elementor-drop-cap{margin-top:8px}.elementor-widget-text-editor:not(.elementor-drop-cap-view-default) .elementor-drop-cap-letter{width:1em;height:1em}.elementor-widget-text-editor .elementor-drop-cap{float:left;text-align:center;line-height:1;font-size:50px}.elementor-widget-text-editor .elementor-drop-cap-letter{display:inline-block}<\/style>\t\t\t\t<p style=\"text-align: center;\"><span style=\"font-weight: 400;\">&#8220;El talento gana partidos, pero el trabajo en equipo <\/span><\/p><p style=\"text-align: center;\"><span style=\"font-weight: 400;\">y la inteligencia ganan campeonatos.&#8221; <\/span><\/p><p style=\"text-align: center;\"><span style=\"font-weight: 400;\">&#8211; Michael Jordan<\/span><\/p>\t\t\t\t\t\t<\/div>\n\t\t\t\t<\/div>\n\t\t\t\t\t<\/div>\n\t\t<\/div>\n\t\t\t\t<div class=\"elementor-column elementor-col-50 elementor-top-column elementor-element elementor-element-eb45147 exad-glass-effect-no exad-sticky-section-no\" data-id=\"eb45147\" data-element_type=\"column\" data-settings=\"{&quot;background_background&quot;:&quot;classic&quot;}\">\n\t\t\t<div class=\"elementor-widget-wrap\">\n\t\t\t\t\t\t\t\t\t<\/div>\n\t\t<\/div>\n\t\t\t\t\t\t\t<\/div>\n\t\t<\/section>\n\t\t\t\t<section class=\"elementor-section elementor-top-section elementor-element elementor-element-588a2e8 elementor-section-height-min-height elementor-section-boxed elementor-section-height-default elementor-section-items-middle exad-glass-effect-no exad-sticky-section-no elementor-invisible\" data-id=\"588a2e8\" data-element_type=\"section\" data-settings=\"{&quot;animation&quot;:&quot;fadeIn&quot;,&quot;_ha_eqh_enable&quot;:false}\">\n\t\t\t\t\t\t<div class=\"elementor-container elementor-column-gap-default\">\n\t\t\t\t\t<div class=\"elementor-column elementor-col-100 elementor-top-column elementor-element elementor-element-6f77d42 exad-glass-effect-no exad-sticky-section-no\" data-id=\"6f77d42\" data-element_type=\"column\">\n\t\t\t<div class=\"elementor-widget-wrap elementor-element-populated\">\n\t\t\t\t\t\t\t\t<section class=\"elementor-section elementor-inner-section elementor-element elementor-element-eacb744 elementor-section-boxed elementor-section-height-default elementor-section-height-default exad-glass-effect-no exad-sticky-section-no\" data-id=\"eacb744\" data-element_type=\"section\" data-settings=\"{&quot;_ha_eqh_enable&quot;:false}\">\n\t\t\t\t\t\t<div class=\"elementor-container elementor-column-gap-default\">\n\t\t\t\t\t<div class=\"elementor-column elementor-col-50 elementor-inner-column elementor-element elementor-element-81bc159 exad-glass-effect-no exad-sticky-section-no\" data-id=\"81bc159\" data-element_type=\"column\">\n\t\t\t<div class=\"elementor-widget-wrap elementor-element-populated\">\n\t\t\t\t\t\t\t\t<div class=\"elementor-element elementor-element-6037441 exad-sticky-section-no exad-glass-effect-no elementor-widget elementor-widget-image\" data-id=\"6037441\" data-element_type=\"widget\" data-settings=\"{&quot;ekit_we_effect_on&quot;:&quot;none&quot;}\" data-widget_type=\"image.default\">\n\t\t\t\t<div class=\"elementor-widget-container\">\n\t\t\t<style>\/*! elementor - v3.16.0 - 20-09-2023 *\/\n.elementor-widget-image{text-align:center}.elementor-widget-image a{display:inline-block}.elementor-widget-image a img[src$=\".svg\"]{width:48px}.elementor-widget-image img{vertical-align:middle;display:inline-block}<\/style>\t\t\t\t\t\t\t\t\t\t\t\t<img loading=\"lazy\" decoding=\"async\" width=\"690\" height=\"690\" src=\"https:\/\/aczalaw.com\/nicaragua\/wp-content\/uploads\/2023\/07\/aczalaw-nicaragua-know-us-miriam-nb-.png\" class=\"attachment-full size-full wp-image-6138\" alt=\"\" srcset=\"https:\/\/aczalaw.com\/nicaragua\/wp-content\/uploads\/2023\/07\/aczalaw-nicaragua-know-us-miriam-nb-.png 690w, https:\/\/aczalaw.com\/nicaragua\/wp-content\/uploads\/2023\/07\/aczalaw-nicaragua-know-us-miriam-nb--300x300.png 300w, https:\/\/aczalaw.com\/nicaragua\/wp-content\/uploads\/2023\/07\/aczalaw-nicaragua-know-us-miriam-nb--150x150.png 150w\" sizes=\"(max-width: 690px) 100vw, 690px\" \/>\t\t\t\t\t\t\t\t\t\t\t\t\t\t\t<\/div>\n\t\t\t\t<\/div>\n\t\t\t\t\t<\/div>\n\t\t<\/div>\n\t\t\t\t<div class=\"elementor-column elementor-col-50 elementor-inner-column elementor-element elementor-element-4eb2b95 exad-glass-effect-no exad-sticky-section-no\" data-id=\"4eb2b95\" data-element_type=\"column\">\n\t\t\t<div class=\"elementor-widget-wrap elementor-element-populated\">\n\t\t\t\t\t\t\t\t<div class=\"elementor-element elementor-element-acc3330 elementor-widget__width-initial exad-sticky-section-no exad-glass-effect-no elementor-widget elementor-widget-text-editor\" data-id=\"acc3330\" data-element_type=\"widget\" data-settings=\"{&quot;ekit_we_effect_on&quot;:&quot;none&quot;}\" data-widget_type=\"text-editor.default\">\n\t\t\t\t<div class=\"elementor-widget-container\">\n\t\t\t\t\t\t\t<p><span style=\"font-weight: 400;\">La Licenciada Miriam Espinoza, abogada y notaria p\u00fablica, ha adquirido una\u00a0 gran experiencia y se ha especializado en la coordinaci\u00f3n de los tr\u00e1mites y gestiones administrativas de la Firma ante diferentes instituciones del Estado, conociendo a fondo el funcionamiento, la din\u00e1mica y procedimientos de trabajo de cada una de ellas, tales como Direcci\u00f3n General de Ingresos, Alcald\u00edas Municipales, Seguridad Social, Registros P\u00fablicos de la Propiedad Inmueble y Mercantil, Catastro, Cancilleria, Cortes Suprema de Justicia, Direcci\u00f3n General de Aduanas, entre otras. <\/span><\/p><p>\u00a0<\/p><p><span style=\"font-weight: 400;\">Su tenacidad, capacidad de relaciones y empat\u00eda le permiten facilitar y agilizar los tr\u00e1mites que los clientes necesitan para su funcionamiento y operaciones del d\u00eda a d\u00eda, siendo un activo muy valioso para los servicios de la Firma y la soluci\u00f3n a las necesidades de los clientes.\u00a0<\/span><\/p><p>\u00a0<\/p><p><span style=\"font-weight: 400;\">Miriam es la primera l\u00ednea para destrabar problemas de los clientes ante las instituciones\u00a0 y tambi\u00e9n est\u00e1 a cargo, en los procesos de auditorias legales, de investigar la informaci\u00f3n del estatus de las empresas ante las instituciones.\u00a0<\/span><\/p><p>\u00a0<\/p><p><span style=\"font-weight: 400;\">Un rol importante que desempe\u00f1a es el apoyo a las las sociedades en su funcionamiento del\u00a0 d\u00eda a d\u00eda: Actas, Poderes, Certificaciones notariales, Registro de accionistas, Registro de Beneficiario Final, inscripciones y certificaciones registrales, entre otras.\u00a0<\/span><\/p>\t\t\t\t\t\t<\/div>\n\t\t\t\t<\/div>\n\t\t\t\t\t<\/div>\n\t\t<\/div>\n\t\t\t\t\t\t\t<\/div>\n\t\t<\/section>\n\t\t\t\t<div class=\"elementor-element elementor-element-d805ce7 elementor-widget__width-initial exad-sticky-section-no exad-glass-effect-no elementor-widget elementor-widget-text-editor\" data-id=\"d805ce7\" data-element_type=\"widget\" data-settings=\"{&quot;ekit_we_effect_on&quot;:&quot;none&quot;}\" data-widget_type=\"text-editor.default\">\n\t\t\t\t<div class=\"elementor-widget-container\">\n\t\t\t\t\t\t\t<p><span style=\"font-weight: 400;\">Miriam, ha sido parte del equipo corporativo de Aczalaw desde el 2012, ejerciendo su labor con profesionalismo, \u00e9tica y responsabilidad, lo que se refleja en su s\u00f3lida formaci\u00f3n jur\u00eddica que le permite comprender la organizaci\u00f3n de las sociedades nicarag\u00fcenses, las normas legales que regulan la administraci\u00f3n p\u00fablica, la historia del derecho nicarag\u00fcense y de sus instituciones jur\u00eddicas. Adem\u00e1s, es capaz de aplicar todo este conocimiento en la satisfacci\u00f3n de necesidades de su entorno y asumir una actitud cr\u00edtica y creativa en el marco del Estado de Derecho, con responsabilidad social y \u00e9tica profesional. <\/span><\/p>\t\t\t\t\t\t<\/div>\n\t\t\t\t<\/div>\n\t\t\t\t<div class=\"elementor-element elementor-element-b1929b8 exad-sticky-section-no exad-glass-effect-no elementor-widget elementor-widget-text-editor\" data-id=\"b1929b8\" data-element_type=\"widget\" data-settings=\"{&quot;ekit_we_effect_on&quot;:&quot;none&quot;}\" data-widget_type=\"text-editor.default\">\n\t\t\t\t<div class=\"elementor-widget-container\">\n\t\t\t\t\t\t\t<p><strong>Experiencia Laboral:<\/strong><\/p><ul><li><p><span style=\"font-weight: 400;\">Junio 2012-Presente: Abogado y Notario p\u00fablico despacho jur\u00eddico Aczalaw<\/span><\/p><\/li><li><p><span style=\"font-weight: 400;\">Febrero 2010-septiembre 2011: Asistente Legal en despacho jur\u00eddico Barberena &amp; Asociados\u00a0\u00a0<\/span><\/p><\/li><li><p><span style=\"font-weight: 400;\">2005-2009: Asesora Legal CPDH (comisi\u00f3n permanente de derechos humanos de Nicaragua)<\/span><\/p><\/li><\/ul><p><strong>Su formaci\u00f3n acad\u00e9mica incluye:<\/strong><\/p><ul><li aria-level=\"1\"><p><span style=\"font-weight: 400;\">2005-2008 Universidad Paulo Freire, Managua Licenciatura en Derecho<\/span><\/p><\/li><li aria-level=\"1\"><p><span style=\"font-weight: 400;\">1975-1979 Colegio Rigoberto L\u00f3pez P\u00e9rez, Managua Bachiller en Ciencias y Letras<\/span><\/p><\/li><\/ul>\t\t\t\t\t\t<\/div>\n\t\t\t\t<\/div>\n\t\t\t\t\t<\/div>\n\t\t<\/div>\n\t\t\t\t\t\t\t<\/div>\n\t\t<\/section>\n\t\t\t\t\t\t\t<\/div>\n\t\t","protected":false},"excerpt":{"rendered":"<p>Miriam Espinosa &#8220;El talento gana partidos, pero el trabajo en equipo y la inteligencia ganan campeonatos.&#8221; &#8211; Michael Jordan La Licenciada Miriam Espinoza, abogada y notaria p\u00fablica, ha adquirido una\u00a0 gran experiencia y se ha especializado en la coordinaci\u00f3n de los tr\u00e1mites y gestiones administrativas de la Firma ante diferentes instituciones del Estado, conociendo a [&hellip;]<\/p>\n","protected":false},"author":3,"featured_media":0,"parent":0,"menu_order":0,"comment_status":"closed","ping_status":"closed","template":"elementor_header_footer","meta":{"_joinchat":[],"footnotes":""},"yoast_head":"<!-- This site is optimized with the Yoast SEO plugin v22.6 - https:\/\/yoast.com\/wordpress\/plugins\/seo\/ -->\n<title>Miriam Espinosa - ACZALAW Nicaragua<\/title>\n<meta name=\"robots\" content=\"index, follow, max-snippet:-1, max-image-preview:large, max-video-preview:-1\" \/>\n<link rel=\"canonical\" href=\"https:\/\/aczalaw.com\/nicaragua\/miriam-espinosa\/\" \/>\n<meta property=\"og:locale\" content=\"es_ES\" \/>\n<meta property=\"og:type\" content=\"article\" \/>\n<meta property=\"og:title\" content=\"Miriam Espinosa - ACZALAW Nicaragua\" \/>\n<meta property=\"og:description\" content=\"Miriam Espinosa &#8220;El talento gana partidos, pero el trabajo en equipo y la inteligencia ganan campeonatos.&#8221; &#8211; Michael Jordan La Licenciada Miriam Espinoza, abogada y notaria p\u00fablica, ha adquirido una\u00a0 gran experiencia y se ha especializado en la coordinaci\u00f3n de los tr\u00e1mites y gestiones administrativas de la Firma ante diferentes instituciones del Estado, conociendo a [&hellip;]\" \/>\n<meta property=\"og:url\" content=\"https:\/\/aczalaw.com\/nicaragua\/miriam-espinosa\/\" \/>\n<meta property=\"og:site_name\" content=\"ACZALAW Nicaragua\" \/>\n<meta property=\"article:publisher\" content=\"https:\/\/www.facebook.com\/aczalawnicaraguaabogados\/\" \/>\n<meta property=\"article:modified_time\" content=\"2023-10-05T03:25:21+00:00\" \/>\n<meta property=\"og:image\" content=\"https:\/\/aczalaw.com\/nicaragua\/wp-content\/uploads\/2023\/07\/aczalaw-nicaragua-know-us-miriam-nb-.png\" \/>\n<meta name=\"twitter:card\" content=\"summary_large_image\" \/>\n<meta name=\"twitter:label1\" content=\"Tiempo de lectura\" \/>\n\t<meta name=\"twitter:data1\" content=\"2 minutos\" \/>\n<script type=\"application\/ld+json\" class=\"yoast-schema-graph\">{\"@context\":\"https:\/\/schema.org\",\"@graph\":[{\"@type\":\"WebPage\",\"@id\":\"https:\/\/aczalaw.com\/nicaragua\/miriam-espinosa\/\",\"url\":\"https:\/\/aczalaw.com\/nicaragua\/miriam-espinosa\/\",\"name\":\"Miriam Espinosa - ACZALAW Nicaragua\",\"isPartOf\":{\"@id\":\"https:\/\/aczalaw.com\/nicaragua\/#website\"},\"primaryImageOfPage\":{\"@id\":\"https:\/\/aczalaw.com\/nicaragua\/miriam-espinosa\/#primaryimage\"},\"image\":{\"@id\":\"https:\/\/aczalaw.com\/nicaragua\/miriam-espinosa\/#primaryimage\"},\"thumbnailUrl\":\"https:\/\/aczalaw.com\/nicaragua\/wp-content\/uploads\/2023\/07\/aczalaw-nicaragua-know-us-miriam-nb-.png\",\"datePublished\":\"2023-07-20T01:12:51+00:00\",\"dateModified\":\"2023-10-05T03:25:21+00:00\",\"breadcrumb\":{\"@id\":\"https:\/\/aczalaw.com\/nicaragua\/miriam-espinosa\/#breadcrumb\"},\"inLanguage\":\"es\",\"potentialAction\":[{\"@type\":\"ReadAction\",\"target\":[\"https:\/\/aczalaw.com\/nicaragua\/miriam-espinosa\/\"]}]},{\"@type\":\"ImageObject\",\"inLanguage\":\"es\",\"@id\":\"https:\/\/aczalaw.com\/nicaragua\/miriam-espinosa\/#primaryimage\",\"url\":\"https:\/\/aczalaw.com\/nicaragua\/wp-content\/uploads\/2023\/07\/aczalaw-nicaragua-know-us-miriam-nb-.png\",\"contentUrl\":\"https:\/\/aczalaw.com\/nicaragua\/wp-content\/uploads\/2023\/07\/aczalaw-nicaragua-know-us-miriam-nb-.png\",\"width\":690,\"height\":690},{\"@type\":\"BreadcrumbList\",\"@id\":\"https:\/\/aczalaw.com\/nicaragua\/miriam-espinosa\/#breadcrumb\",\"itemListElement\":[{\"@type\":\"ListItem\",\"position\":1,\"name\":\"Portada\",\"item\":\"https:\/\/aczalaw.com\/nicaragua\/\"},{\"@type\":\"ListItem\",\"position\":2,\"name\":\"Miriam Espinosa\"}]},{\"@type\":\"WebSite\",\"@id\":\"https:\/\/aczalaw.com\/nicaragua\/#website\",\"url\":\"https:\/\/aczalaw.com\/nicaragua\/\",\"name\":\"ACZALAW Nicaragua\",\"description\":\"Abogados Centroamericanos Asociados\",\"publisher\":{\"@id\":\"https:\/\/aczalaw.com\/nicaragua\/#organization\"},\"potentialAction\":[{\"@type\":\"SearchAction\",\"target\":{\"@type\":\"EntryPoint\",\"urlTemplate\":\"https:\/\/aczalaw.com\/nicaragua\/?s={search_term_string}\"},\"query-input\":\"required name=search_term_string\"}],\"inLanguage\":\"es\"},{\"@type\":\"Organization\",\"@id\":\"https:\/\/aczalaw.com\/nicaragua\/#organization\",\"name\":\"ACZALAW Nicaragua\",\"url\":\"https:\/\/aczalaw.com\/nicaragua\/\",\"logo\":{\"@type\":\"ImageObject\",\"inLanguage\":\"es\",\"@id\":\"https:\/\/aczalaw.com\/nicaragua\/#\/schema\/logo\/image\/\",\"url\":\"https:\/\/aczalaw.com\/nicaragua\/wp-content\/uploads\/2023\/07\/aczalaw-nicaragua-home-menu-logo.png\",\"contentUrl\":\"https:\/\/aczalaw.com\/nicaragua\/wp-content\/uploads\/2023\/07\/aczalaw-nicaragua-home-menu-logo.png\",\"width\":1280,\"height\":487,\"caption\":\"ACZALAW Nicaragua\"},\"image\":{\"@id\":\"https:\/\/aczalaw.com\/nicaragua\/#\/schema\/logo\/image\/\"},\"sameAs\":[\"https:\/\/www.facebook.com\/aczalawnicaraguaabogados\/\",\"https:\/\/www.linkedin.com\/company\/aczalawnicaragua\/\"]}]}<\/script>\n<!-- \/ Yoast SEO plugin. -->","yoast_head_json":{"title":"Miriam Espinosa - ACZALAW Nicaragua","robots":{"index":"index","follow":"follow","max-snippet":"max-snippet:-1","max-image-preview":"max-image-preview:large","max-video-preview":"max-video-preview:-1"},"canonical":"https:\/\/aczalaw.com\/nicaragua\/miriam-espinosa\/","og_locale":"es_ES","og_type":"article","og_title":"Miriam Espinosa - ACZALAW Nicaragua","og_description":"Miriam Espinosa &#8220;El talento gana partidos, pero el trabajo en equipo y la inteligencia ganan campeonatos.&#8221; &#8211; Michael Jordan La Licenciada Miriam Espinoza, abogada y notaria p\u00fablica, ha adquirido una\u00a0 gran experiencia y se ha especializado en la coordinaci\u00f3n de los tr\u00e1mites y gestiones administrativas de la Firma ante diferentes instituciones del Estado, conociendo a [&hellip;]","og_url":"https:\/\/aczalaw.com\/nicaragua\/miriam-espinosa\/","og_site_name":"ACZALAW Nicaragua","article_publisher":"https:\/\/www.facebook.com\/aczalawnicaraguaabogados\/","article_modified_time":"2023-10-05T03:25:21+00:00","og_image":[{"url":"https:\/\/aczalaw.com\/nicaragua\/wp-content\/uploads\/2023\/07\/aczalaw-nicaragua-know-us-miriam-nb-.png"}],"twitter_card":"summary_large_image","twitter_misc":{"Tiempo de lectura":"2 minutos"},"schema":{"@context":"https:\/\/schema.org","@graph":[{"@type":"WebPage","@id":"https:\/\/aczalaw.com\/nicaragua\/miriam-espinosa\/","url":"https:\/\/aczalaw.com\/nicaragua\/miriam-espinosa\/","name":"Miriam Espinosa - ACZALAW Nicaragua","isPartOf":{"@id":"https:\/\/aczalaw.com\/nicaragua\/#website"},"primaryImageOfPage":{"@id":"https:\/\/aczalaw.com\/nicaragua\/miriam-espinosa\/#primaryimage"},"image":{"@id":"https:\/\/aczalaw.com\/nicaragua\/miriam-espinosa\/#primaryimage"},"thumbnailUrl":"https:\/\/aczalaw.com\/nicaragua\/wp-content\/uploads\/2023\/07\/aczalaw-nicaragua-know-us-miriam-nb-.png","datePublished":"2023-07-20T01:12:51+00:00","dateModified":"2023-10-05T03:25:21+00:00","breadcrumb":{"@id":"https:\/\/aczalaw.com\/nicaragua\/miriam-espinosa\/#breadcrumb"},"inLanguage":"es","potentialAction":[{"@type":"ReadAction","target":["https:\/\/aczalaw.com\/nicaragua\/miriam-espinosa\/"]}]},{"@type":"ImageObject","inLanguage":"es","@id":"https:\/\/aczalaw.com\/nicaragua\/miriam-espinosa\/#primaryimage","url":"https:\/\/aczalaw.com\/nicaragua\/wp-content\/uploads\/2023\/07\/aczalaw-nicaragua-know-us-miriam-nb-.png","contentUrl":"https:\/\/aczalaw.com\/nicaragua\/wp-content\/uploads\/2023\/07\/aczalaw-nicaragua-know-us-miriam-nb-.png","width":690,"height":690},{"@type":"BreadcrumbList","@id":"https:\/\/aczalaw.com\/nicaragua\/miriam-espinosa\/#breadcrumb","itemListElement":[{"@type":"ListItem","position":1,"name":"Portada","item":"https:\/\/aczalaw.com\/nicaragua\/"},{"@type":"ListItem","position":2,"name":"Miriam Espinosa"}]},{"@type":"WebSite","@id":"https:\/\/aczalaw.com\/nicaragua\/#website","url":"https:\/\/aczalaw.com\/nicaragua\/","name":"ACZALAW Nicaragua","description":"Abogados Centroamericanos Asociados","publisher":{"@id":"https:\/\/aczalaw.com\/nicaragua\/#organization"},"potentialAction":[{"@type":"SearchAction","target":{"@type":"EntryPoint","urlTemplate":"https:\/\/aczalaw.com\/nicaragua\/?s={search_term_string}"},"query-input":"required name=search_term_string"}],"inLanguage":"es"},{"@type":"Organization","@id":"https:\/\/aczalaw.com\/nicaragua\/#organization","name":"ACZALAW Nicaragua","url":"https:\/\/aczalaw.com\/nicaragua\/","logo":{"@type":"ImageObject","inLanguage":"es","@id":"https:\/\/aczalaw.com\/nicaragua\/#\/schema\/logo\/image\/","url":"https:\/\/aczalaw.com\/nicaragua\/wp-content\/uploads\/2023\/07\/aczalaw-nicaragua-home-menu-logo.png","contentUrl":"https:\/\/aczalaw.com\/nicaragua\/wp-content\/uploads\/2023\/07\/aczalaw-nicaragua-home-menu-logo.png","width":1280,"height":487,"caption":"ACZALAW Nicaragua"},"image":{"@id":"https:\/\/aczalaw.com\/nicaragua\/#\/schema\/logo\/image\/"},"sameAs":["https:\/\/www.facebook.com\/aczalawnicaraguaabogados\/","https:\/\/www.linkedin.com\/company\/aczalawnicaragua\/"]}]}},"_links":{"self":[{"href":"https:\/\/aczalaw.com\/nicaragua\/wp-json\/wp\/v2\/pages\/3154"}],"collection":[{"href":"https:\/\/aczalaw.com\/nicaragua\/wp-json\/wp\/v2\/pages"}],"about":[{"href":"https:\/\/aczalaw.com\/nicaragua\/wp-json\/wp\/v2\/types\/page"}],"author":[{"embeddable":true,"href":"https:\/\/aczalaw.com\/nicaragua\/wp-json\/wp\/v2\/users\/3"}],"replies":[{"embeddable":true,"href":"https:\/\/aczalaw.com\/nicaragua\/wp-json\/wp\/v2\/comments?post=3154"}],"version-history":[{"count":113,"href":"https:\/\/aczalaw.com\/nicaragua\/wp-json\/wp\/v2\/pages\/3154\/revisions"}],"predecessor-version":[{"id":8791,"href":"https:\/\/aczalaw.com\/nicaragua\/wp-json\/wp\/v2\/pages\/3154\/revisions\/8791"}],"wp:attachment":[{"href":"https:\/\/aczalaw.com\/nicaragua\/wp-json\/wp\/v2\/media?parent=3154"}],"curies":[{"name":"wp","href":"https:\/\/api.w.org\/{rel}","templated":true}]}}