{"id":8478,"date":"2023-09-19T01:18:29","date_gmt":"2023-09-19T01:18:29","guid":{"rendered":"https:\/\/aczalaw.com\/nicaragua\/?page_id=8478"},"modified":"2023-09-30T23:55:00","modified_gmt":"2023-09-30T23:55:00","slug":"inversion-extrangera-y-zonas-francas","status":"publish","type":"page","link":"https:\/\/aczalaw.com\/nicaragua\/inversion-extrangera-y-zonas-francas\/","title":{"rendered":"INVERSI\u00d3N EXTRANJERA Y ZONAS FRANCAS"},"content":{"rendered":"\t\t<div data-elementor-type=\"wp-page\" data-elementor-id=\"8478\" class=\"elementor elementor-8478\">\n\t\t\t\t\t\t\t\t\t<section class=\"elementor-section elementor-top-section elementor-element elementor-element-4bc9518 elementor-section-boxed elementor-section-height-default elementor-section-height-default exad-glass-effect-no exad-sticky-section-no\" data-id=\"4bc9518\" data-element_type=\"section\" data-settings=\"{&quot;_ha_eqh_enable&quot;:false}\">\n\t\t\t\t\t\t<div class=\"elementor-container elementor-column-gap-default\">\n\t\t\t\t\t<div class=\"elementor-column elementor-col-66 elementor-top-column elementor-element elementor-element-00cd045 exad-glass-effect-no exad-sticky-section-no\" data-id=\"00cd045\" data-element_type=\"column\">\n\t\t\t<div class=\"elementor-widget-wrap elementor-element-populated\">\n\t\t\t\t\t\t\t\t<section class=\"elementor-section elementor-inner-section elementor-element elementor-element-2357c37 elementor-section-boxed elementor-section-height-default elementor-section-height-default exad-glass-effect-no exad-sticky-section-no\" data-id=\"2357c37\" data-element_type=\"section\" data-settings=\"{&quot;_ha_eqh_enable&quot;:false}\">\n\t\t\t\t\t\t<div class=\"elementor-container elementor-column-gap-default\">\n\t\t\t\t\t<div class=\"elementor-column elementor-col-100 elementor-inner-column elementor-element elementor-element-3269aa2 exad-glass-effect-no exad-sticky-section-no\" data-id=\"3269aa2\" data-element_type=\"column\">\n\t\t\t<div class=\"elementor-widget-wrap elementor-element-populated\">\n\t\t\t\t\t\t\t\t<div class=\"elementor-element elementor-element-02c6da2 elementor-position-top exad-sticky-section-no exad-glass-effect-no elementor-widget elementor-widget-image-box\" data-id=\"02c6da2\" data-element_type=\"widget\" data-settings=\"{&quot;ekit_we_effect_on&quot;:&quot;none&quot;}\" data-widget_type=\"image-box.default\">\n\t\t\t\t<div class=\"elementor-widget-container\">\n\t\t\t<style>\/*! elementor - v3.16.0 - 20-09-2023 *\/\n.elementor-widget-image-box .elementor-image-box-content{width:100%}@media (min-width:768px){.elementor-widget-image-box.elementor-position-left .elementor-image-box-wrapper,.elementor-widget-image-box.elementor-position-right .elementor-image-box-wrapper{display:flex}.elementor-widget-image-box.elementor-position-right .elementor-image-box-wrapper{text-align:right;flex-direction:row-reverse}.elementor-widget-image-box.elementor-position-left .elementor-image-box-wrapper{text-align:left;flex-direction:row}.elementor-widget-image-box.elementor-position-top .elementor-image-box-img{margin:auto}.elementor-widget-image-box.elementor-vertical-align-top .elementor-image-box-wrapper{align-items:flex-start}.elementor-widget-image-box.elementor-vertical-align-middle .elementor-image-box-wrapper{align-items:center}.elementor-widget-image-box.elementor-vertical-align-bottom .elementor-image-box-wrapper{align-items:flex-end}}@media (max-width:767px){.elementor-widget-image-box .elementor-image-box-img{margin-left:auto!important;margin-right:auto!important;margin-bottom:15px}}.elementor-widget-image-box .elementor-image-box-img{display:inline-block}.elementor-widget-image-box .elementor-image-box-title a{color:inherit}.elementor-widget-image-box .elementor-image-box-wrapper{text-align:center}.elementor-widget-image-box .elementor-image-box-description{margin:0}<\/style><div class=\"elementor-image-box-wrapper\"><figure class=\"elementor-image-box-img\"><img loading=\"lazy\" decoding=\"async\" width=\"1000\" height=\"650\" src=\"https:\/\/aczalaw.com\/nicaragua\/wp-content\/uploads\/2023\/07\/aczalaw-nicaragua-practice-area-foreign-investment-4.png\" class=\"attachment-full size-full wp-image-6336\" alt=\"\" srcset=\"https:\/\/aczalaw.com\/nicaragua\/wp-content\/uploads\/2023\/07\/aczalaw-nicaragua-practice-area-foreign-investment-4.png 1000w, https:\/\/aczalaw.com\/nicaragua\/wp-content\/uploads\/2023\/07\/aczalaw-nicaragua-practice-area-foreign-investment-4-300x195.png 300w, https:\/\/aczalaw.com\/nicaragua\/wp-content\/uploads\/2023\/07\/aczalaw-nicaragua-practice-area-foreign-investment-4-768x499.png 768w\" sizes=\"(max-width: 1000px) 100vw, 1000px\" \/><\/figure><div class=\"elementor-image-box-content\"><h3 class=\"elementor-image-box-title\">INVERSI\u00d3N EXTRANJERA Y ZONAS FRANCAS:<\/h3><p class=\"elementor-image-box-description\">ACZALAW fue originalmente fundada en el a\u00f1o 2001 con el prop\u00f3sito de brindar la asesor\u00eda legal a la creciente inversi\u00f3n extranjera en Centroam\u00e9rica, convirti\u00e9ndose en una opci\u00f3n confiable y eficaz para facilitar al inversionista su instalaci\u00f3n, operaci\u00f3n y desarrollo de sus negocios en el pa\u00eds. <br><br>Brindamos:\n<\/p><\/div><\/div>\t\t<\/div>\n\t\t\t\t<\/div>\n\t\t\t\t<div class=\"elementor-element elementor-element-4936e0f elementor-icon-list--layout-traditional elementor-list-item-link-full_width exad-sticky-section-no exad-glass-effect-no elementor-widget elementor-widget-icon-list\" data-id=\"4936e0f\" data-element_type=\"widget\" data-settings=\"{&quot;ekit_we_effect_on&quot;:&quot;none&quot;}\" data-widget_type=\"icon-list.default\">\n\t\t\t\t<div class=\"elementor-widget-container\">\n\t\t\t<link rel=\"stylesheet\" href=\"https:\/\/aczalaw.com\/nicaragua\/wp-content\/plugins\/elementor\/assets\/css\/widget-icon-list.min.css\">\t\t<ul class=\"elementor-icon-list-items\">\n\t\t\t\t\t\t\t<li class=\"elementor-icon-list-item\">\n\t\t\t\t\t\t\t\t\t\t\t<span class=\"elementor-icon-list-icon\">\n\t\t\t\t\t\t\t<i aria-hidden=\"true\" class=\"fas fa-check-circle\"><\/i>\t\t\t\t\t\t<\/span>\n\t\t\t\t\t\t\t\t\t\t<span class=\"elementor-icon-list-text\">Asesor\u00eda Legal y acompa\u00f1amiento para el proceso de instalaci\u00f3n y operaci\u00f3n de empresas.<\/span>\n\t\t\t\t\t\t\t\t\t<\/li>\n\t\t\t\t\t\t\t\t<li class=\"elementor-icon-list-item\">\n\t\t\t\t\t\t\t\t\t\t\t<span class=\"elementor-icon-list-icon\">\n\t\t\t\t\t\t\t<i aria-hidden=\"true\" class=\"fas fa-check-circle\"><\/i>\t\t\t\t\t\t<\/span>\n\t\t\t\t\t\t\t\t\t\t<span class=\"elementor-icon-list-text\">Obtenci\u00f3n de permisos y licencias requeridos por las autoridades fiscales, aduaneras, ambientales y las autorizaciones y licencias respectivas de los Entes Reguladores cuando corresponda.<\/span>\n\t\t\t\t\t\t\t\t\t<\/li>\n\t\t\t\t\t\t\t\t<li class=\"elementor-icon-list-item\">\n\t\t\t\t\t\t\t\t\t\t\t<span class=\"elementor-icon-list-icon\">\n\t\t\t\t\t\t\t<i aria-hidden=\"true\" class=\"fas fa-check-circle\"><\/i>\t\t\t\t\t\t<\/span>\n\t\t\t\t\t\t\t\t\t\t<span class=\"elementor-icon-list-text\">Incorporaci\u00f3n de empresas como usuarias de zona franca mediante la coordinaci\u00f3n de procesos de cumplimiento de los requisitos y de los  procedimientos administrativos y legales para la tramitaci\u00f3n ante las instancias correspondientes  de la incorporaci\u00f3n de empresas como usuarias del r\u00e9gimen de zonas francas.<\/span>\n\t\t\t\t\t\t\t\t\t<\/li>\n\t\t\t\t\t\t\t\t<li class=\"elementor-icon-list-item\">\n\t\t\t\t\t\t\t\t\t\t\t<span class=\"elementor-icon-list-icon\">\n\t\t\t\t\t\t\t<i aria-hidden=\"true\" class=\"fas fa-check-circle\"><\/i>\t\t\t\t\t\t<\/span>\n\t\t\t\t\t\t\t\t\t\t<span class=\"elementor-icon-list-text\">Asesor\u00eda para la instalaci\u00f3n e incorporaci\u00f3n de empresas Business Process Outsourcing & call center en el r\u00e9gimen de zona franca y en sus operaciones del d\u00eda a d\u00eda.<\/span>\n\t\t\t\t\t\t\t\t\t<\/li>\n\t\t\t\t\t\t<\/ul>\n\t\t\t\t<\/div>\n\t\t\t\t<\/div>\n\t\t\t\t\t<\/div>\n\t\t<\/div>\n\t\t\t\t\t\t\t<\/div>\n\t\t<\/section>\n\t\t\t\t\t<\/div>\n\t\t<\/div>\n\t\t\t\t<div class=\"elementor-column elementor-col-33 elementor-top-column elementor-element elementor-element-517038d exad-glass-effect-no exad-sticky-section-no\" data-id=\"517038d\" data-element_type=\"column\">\n\t\t\t<div class=\"elementor-widget-wrap elementor-element-populated\">\n\t\t\t\t\t\t\t\t<div data-ha-element-link=\"{&quot;url&quot;:&quot;https:\\\/\\\/aczalaw.com\\\/nicaragua\\\/contactanos\\\/&quot;,&quot;is_external&quot;:&quot;&quot;,&quot;nofollow&quot;:&quot;&quot;,&quot;custom_attributes&quot;:&quot;&quot;}\" style=\"cursor: pointer\" class=\"elementor-element elementor-element-b441e75 coaching-details__sidebar exad-sticky-section-no exad-glass-effect-no elementor-widget elementor-widget-global elementor-global-2844 elementor-widget-treck-sidebar\" data-id=\"b441e75\" data-element_type=\"widget\" data-settings=\"{&quot;ekit_we_effect_on&quot;:&quot;none&quot;}\" data-widget_type=\"treck-sidebar.default\">\n\t\t\t\t<div class=\"elementor-widget-container\">\n\t\t\t    <div class=\"banner-one\">\r\n        <div class=\"banner-one__shape-1\">\r\n                    <\/div>\r\n        <div class=\"banner-one__bg\" style=\"background-image: url();\"><\/div>\r\n        <div class=\"banner-one__img\">\r\n            <img decoding=\"async\" src=\"https:\/\/aczalaw.com\/nicaragua\/wp-content\/uploads\/2023\/08\/Entendiendo-la-Esencia-de-tu-Negocio-1-1.png\" alt=\"\u00a1Cont\u00e1ctanos!\" title=\"\u00a1Cont\u00e1ctanos!\" >        <\/div>\r\n        <h5 class=\"banner-one__title\">Entendiendo La Esencia de tu Negocio<\/h5>        <div class=\"banner-one__btn-box\">\r\n            <a class=\"banner-one__btn\" href=\"https:\/\/aczalaw.com\/nicaragua\/contactanos\/\"  >Consulta aqu\u00ed<\/a>        <\/div>\r\n    <\/div>\r\n\t\t<\/div>\n\t\t\t\t<\/div>\n\t\t\t\t<div class=\"elementor-element elementor-element-9c53c8f coaching-details__sidebar exad-sticky-section-no exad-glass-effect-no elementor-widget elementor-widget-treck-sidebar\" data-id=\"9c53c8f\" data-element_type=\"widget\" data-settings=\"{&quot;ekit_we_effect_on&quot;:&quot;none&quot;}\" data-widget_type=\"treck-sidebar.default\">\n\t\t\t\t<div class=\"elementor-widget-container\">\n\t\t\t    <div class=\"coaching-details__services-list\">\r\n        <ul class=\"coaching-details__services list-unstyled ml-0\">\r\n                            <li class=\"\">\r\n                    <a class=\"\" href=\"https:\/\/aczalaw.com\/nicaragua\/bienes-raices-e-inmobiliario\/\"  >BIENES RA\u00cdCES E INMOBILIARIO <\/a>                <\/li>\r\n                            <li class=\"\">\r\n                    <a class=\" \" href=\"https:\/\/aczalaw.com\/nicaragua\/comercio\/\"  >COMERCIO<\/a>                <\/li>\r\n                            <li class=\"\">\r\n                    <a class=\"  \" href=\"https:\/\/aczalaw.com\/nicaragua\/contrataciones-publicas-administrativo-regulatorio\/\"  >CONTRATACIONES P\u00daBLICAS, ADMINISTRATIVO Y REGULATORIO<\/a>                <\/li>\r\n                            <li class=\"\">\r\n                    <a class=\"   \" href=\"https:\/\/aczalaw.com\/nicaragua\/corporativo-mercantil\/\"  >CORPORATIVO Y MERCANTIL<\/a>                <\/li>\r\n                            <li class=\"\">\r\n                    <a class=\"    \" href=\"https:\/\/aczalaw.com\/nicaragua\/derecho-de-competencia-y-consumo\/\"  >DERECHO DE COMPETENCIA Y CONSUMO<\/a>                <\/li>\r\n                            <li class=\"\">\r\n                    <a class=\"     \" href=\"https:\/\/aczalaw.com\/nicaragua\/farmaceutico-y-registro-sanitarios\/\"  >FARMAC\u00c9UTICO Y REGISTROS SANITARIOS<\/a>                <\/li>\r\n                            <li class=\"\">\r\n                    <a class=\"      \" href=\"https:\/\/aczalaw.com\/nicaragua\/fusiones-y-adquisiciones\/\"  >FUSIONES Y ADQUISICIONES<\/a>                <\/li>\r\n                            <li class=\"active\">\r\n                    <a class=\"       \" href=\"https:\/\/aczalaw.com\/nicaragua\/inversion-extrangera-y-zonas-francas\/\"  >INVERSI\u00d3N EXTRANJERA Y ZONAS FRANCAS<\/a>                <\/li>\r\n                            <li class=\"\">\r\n                    <a class=\"        \" href=\"https:\/\/aczalaw.com\/nicaragua\/laboral\/\"  >LABORAL<\/a>                <\/li>\r\n                            <li class=\"\">\r\n                    <a class=\"         \" href=\"https:\/\/aczalaw.com\/nicaragua\/migratorio\/\"  >MIGRATORIO<\/a>                <\/li>\r\n                            <li class=\"\">\r\n                    <a class=\"          \" href=\"https:\/\/aczalaw.com\/nicaragua\/propiedad-intelectual\/\"  >PROPIEDAD INTELECTUAL <\/a>                <\/li>\r\n                            <li class=\"\">\r\n                    <a class=\"           \" href=\"https:\/\/aczalaw.com\/nicaragua\/tributario\/\"  >TRIBUTARIO<\/a>                <\/li>\r\n                            <li class=\"\">\r\n                    <a class=\"            \" href=\"https:\/\/aczalaw.com\/nicaragua\/tecnologia-y-telecomunicaciones\/\"  >TECNOLOGIA Y TELECOMUNICACIONES<\/a>                <\/li>\r\n                    <\/ul>\r\n    <\/div>\r\n\t\t<\/div>\n\t\t\t\t<\/div>\n\t\t\t\t\t<\/div>\n\t\t<\/div>\n\t\t\t\t\t\t\t<\/div>\n\t\t<\/section>\n\t\t\t\t\t\t\t<\/div>\n\t\t","protected":false},"excerpt":{"rendered":"<p>INVERSI\u00d3N EXTRANJERA Y ZONAS FRANCAS: ACZALAW fue originalmente fundada en el a\u00f1o 2001 con el prop\u00f3sito de brindar la asesor\u00eda legal a la creciente inversi\u00f3n extranjera en Centroam\u00e9rica, convirti\u00e9ndose en una opci\u00f3n confiable y eficaz para facilitar al inversionista su instalaci\u00f3n, operaci\u00f3n y desarrollo de sus negocios en el pa\u00eds. Brindamos: Asesor\u00eda Legal y acompa\u00f1amiento [&hellip;]<\/p>\n","protected":false},"author":3,"featured_media":0,"parent":0,"menu_order":0,"comment_status":"closed","ping_status":"closed","template":"elementor_header_footer","meta":{"_joinchat":[],"footnotes":""},"yoast_head":"<!-- This site is optimized with the Yoast SEO plugin v22.6 - https:\/\/yoast.com\/wordpress\/plugins\/seo\/ -->\n<title>INVERSI\u00d3N EXTRANJERA Y ZONAS FRANCAS - ACZALAW Nicaragua<\/title>\n<meta name=\"robots\" content=\"index, follow, max-snippet:-1, max-image-preview:large, max-video-preview:-1\" \/>\n<link rel=\"canonical\" href=\"https:\/\/aczalaw.com\/nicaragua\/inversion-extrangera-y-zonas-francas\/\" \/>\n<meta property=\"og:locale\" content=\"es_ES\" \/>\n<meta property=\"og:type\" content=\"article\" \/>\n<meta property=\"og:title\" content=\"INVERSI\u00d3N EXTRANJERA Y ZONAS FRANCAS - ACZALAW Nicaragua\" \/>\n<meta property=\"og:description\" content=\"INVERSI\u00d3N EXTRANJERA Y ZONAS FRANCAS: ACZALAW fue originalmente fundada en el a\u00f1o 2001 con el prop\u00f3sito de brindar la asesor\u00eda legal a la creciente inversi\u00f3n extranjera en Centroam\u00e9rica, convirti\u00e9ndose en una opci\u00f3n confiable y eficaz para facilitar al inversionista su instalaci\u00f3n, operaci\u00f3n y desarrollo de sus negocios en el pa\u00eds. Brindamos: Asesor\u00eda Legal y acompa\u00f1amiento [&hellip;]\" \/>\n<meta property=\"og:url\" content=\"https:\/\/aczalaw.com\/nicaragua\/inversion-extrangera-y-zonas-francas\/\" \/>\n<meta property=\"og:site_name\" content=\"ACZALAW Nicaragua\" \/>\n<meta property=\"article:publisher\" content=\"https:\/\/www.facebook.com\/aczalawnicaraguaabogados\/\" \/>\n<meta property=\"article:modified_time\" content=\"2023-09-30T23:55:00+00:00\" \/>\n<meta property=\"og:image\" content=\"https:\/\/aczalaw.com\/nicaragua\/wp-content\/uploads\/2023\/07\/aczalaw-nicaragua-practice-area-foreign-investment-4.png\" \/>\n<meta name=\"twitter:card\" content=\"summary_large_image\" \/>\n<meta name=\"twitter:label1\" content=\"Tiempo de lectura\" \/>\n\t<meta name=\"twitter:data1\" content=\"1 minuto\" \/>\n<script type=\"application\/ld+json\" class=\"yoast-schema-graph\">{\"@context\":\"https:\/\/schema.org\",\"@graph\":[{\"@type\":\"WebPage\",\"@id\":\"https:\/\/aczalaw.com\/nicaragua\/inversion-extrangera-y-zonas-francas\/\",\"url\":\"https:\/\/aczalaw.com\/nicaragua\/inversion-extrangera-y-zonas-francas\/\",\"name\":\"INVERSI\u00d3N EXTRANJERA Y ZONAS FRANCAS - ACZALAW Nicaragua\",\"isPartOf\":{\"@id\":\"https:\/\/aczalaw.com\/nicaragua\/#website\"},\"primaryImageOfPage\":{\"@id\":\"https:\/\/aczalaw.com\/nicaragua\/inversion-extrangera-y-zonas-francas\/#primaryimage\"},\"image\":{\"@id\":\"https:\/\/aczalaw.com\/nicaragua\/inversion-extrangera-y-zonas-francas\/#primaryimage\"},\"thumbnailUrl\":\"https:\/\/aczalaw.com\/nicaragua\/wp-content\/uploads\/2023\/07\/aczalaw-nicaragua-practice-area-foreign-investment-4.png\",\"datePublished\":\"2023-09-19T01:18:29+00:00\",\"dateModified\":\"2023-09-30T23:55:00+00:00\",\"breadcrumb\":{\"@id\":\"https:\/\/aczalaw.com\/nicaragua\/inversion-extrangera-y-zonas-francas\/#breadcrumb\"},\"inLanguage\":\"es\",\"potentialAction\":[{\"@type\":\"ReadAction\",\"target\":[\"https:\/\/aczalaw.com\/nicaragua\/inversion-extrangera-y-zonas-francas\/\"]}]},{\"@type\":\"ImageObject\",\"inLanguage\":\"es\",\"@id\":\"https:\/\/aczalaw.com\/nicaragua\/inversion-extrangera-y-zonas-francas\/#primaryimage\",\"url\":\"https:\/\/aczalaw.com\/nicaragua\/wp-content\/uploads\/2023\/07\/aczalaw-nicaragua-practice-area-foreign-investment-4.png\",\"contentUrl\":\"https:\/\/aczalaw.com\/nicaragua\/wp-content\/uploads\/2023\/07\/aczalaw-nicaragua-practice-area-foreign-investment-4.png\",\"width\":1000,\"height\":650},{\"@type\":\"BreadcrumbList\",\"@id\":\"https:\/\/aczalaw.com\/nicaragua\/inversion-extrangera-y-zonas-francas\/#breadcrumb\",\"itemListElement\":[{\"@type\":\"ListItem\",\"position\":1,\"name\":\"Portada\",\"item\":\"https:\/\/aczalaw.com\/nicaragua\/\"},{\"@type\":\"ListItem\",\"position\":2,\"name\":\"INVERSI\u00d3N EXTRANJERA Y ZONAS FRANCAS\"}]},{\"@type\":\"WebSite\",\"@id\":\"https:\/\/aczalaw.com\/nicaragua\/#website\",\"url\":\"https:\/\/aczalaw.com\/nicaragua\/\",\"name\":\"ACZALAW Nicaragua\",\"description\":\"Abogados Centroamericanos Asociados\",\"publisher\":{\"@id\":\"https:\/\/aczalaw.com\/nicaragua\/#organization\"},\"potentialAction\":[{\"@type\":\"SearchAction\",\"target\":{\"@type\":\"EntryPoint\",\"urlTemplate\":\"https:\/\/aczalaw.com\/nicaragua\/?s={search_term_string}\"},\"query-input\":\"required name=search_term_string\"}],\"inLanguage\":\"es\"},{\"@type\":\"Organization\",\"@id\":\"https:\/\/aczalaw.com\/nicaragua\/#organization\",\"name\":\"ACZALAW Nicaragua\",\"url\":\"https:\/\/aczalaw.com\/nicaragua\/\",\"logo\":{\"@type\":\"ImageObject\",\"inLanguage\":\"es\",\"@id\":\"https:\/\/aczalaw.com\/nicaragua\/#\/schema\/logo\/image\/\",\"url\":\"https:\/\/aczalaw.com\/nicaragua\/wp-content\/uploads\/2023\/07\/aczalaw-nicaragua-home-menu-logo.png\",\"contentUrl\":\"https:\/\/aczalaw.com\/nicaragua\/wp-content\/uploads\/2023\/07\/aczalaw-nicaragua-home-menu-logo.png\",\"width\":1280,\"height\":487,\"caption\":\"ACZALAW Nicaragua\"},\"image\":{\"@id\":\"https:\/\/aczalaw.com\/nicaragua\/#\/schema\/logo\/image\/\"},\"sameAs\":[\"https:\/\/www.facebook.com\/aczalawnicaraguaabogados\/\",\"https:\/\/www.linkedin.com\/company\/aczalawnicaragua\/\"]}]}<\/script>\n<!-- \/ Yoast SEO plugin. -->","yoast_head_json":{"title":"INVERSI\u00d3N EXTRANJERA Y ZONAS FRANCAS - ACZALAW Nicaragua","robots":{"index":"index","follow":"follow","max-snippet":"max-snippet:-1","max-image-preview":"max-image-preview:large","max-video-preview":"max-video-preview:-1"},"canonical":"https:\/\/aczalaw.com\/nicaragua\/inversion-extrangera-y-zonas-francas\/","og_locale":"es_ES","og_type":"article","og_title":"INVERSI\u00d3N EXTRANJERA Y ZONAS FRANCAS - ACZALAW Nicaragua","og_description":"INVERSI\u00d3N EXTRANJERA Y ZONAS FRANCAS: ACZALAW fue originalmente fundada en el a\u00f1o 2001 con el prop\u00f3sito de brindar la asesor\u00eda legal a la creciente inversi\u00f3n extranjera en Centroam\u00e9rica, convirti\u00e9ndose en una opci\u00f3n confiable y eficaz para facilitar al inversionista su instalaci\u00f3n, operaci\u00f3n y desarrollo de sus negocios en el pa\u00eds. Brindamos: Asesor\u00eda Legal y acompa\u00f1amiento [&hellip;]","og_url":"https:\/\/aczalaw.com\/nicaragua\/inversion-extrangera-y-zonas-francas\/","og_site_name":"ACZALAW Nicaragua","article_publisher":"https:\/\/www.facebook.com\/aczalawnicaraguaabogados\/","article_modified_time":"2023-09-30T23:55:00+00:00","og_image":[{"url":"https:\/\/aczalaw.com\/nicaragua\/wp-content\/uploads\/2023\/07\/aczalaw-nicaragua-practice-area-foreign-investment-4.png"}],"twitter_card":"summary_large_image","twitter_misc":{"Tiempo de lectura":"1 minuto"},"schema":{"@context":"https:\/\/schema.org","@graph":[{"@type":"WebPage","@id":"https:\/\/aczalaw.com\/nicaragua\/inversion-extrangera-y-zonas-francas\/","url":"https:\/\/aczalaw.com\/nicaragua\/inversion-extrangera-y-zonas-francas\/","name":"INVERSI\u00d3N EXTRANJERA Y ZONAS FRANCAS - ACZALAW Nicaragua","isPartOf":{"@id":"https:\/\/aczalaw.com\/nicaragua\/#website"},"primaryImageOfPage":{"@id":"https:\/\/aczalaw.com\/nicaragua\/inversion-extrangera-y-zonas-francas\/#primaryimage"},"image":{"@id":"https:\/\/aczalaw.com\/nicaragua\/inversion-extrangera-y-zonas-francas\/#primaryimage"},"thumbnailUrl":"https:\/\/aczalaw.com\/nicaragua\/wp-content\/uploads\/2023\/07\/aczalaw-nicaragua-practice-area-foreign-investment-4.png","datePublished":"2023-09-19T01:18:29+00:00","dateModified":"2023-09-30T23:55:00+00:00","breadcrumb":{"@id":"https:\/\/aczalaw.com\/nicaragua\/inversion-extrangera-y-zonas-francas\/#breadcrumb"},"inLanguage":"es","potentialAction":[{"@type":"ReadAction","target":["https:\/\/aczalaw.com\/nicaragua\/inversion-extrangera-y-zonas-francas\/"]}]},{"@type":"ImageObject","inLanguage":"es","@id":"https:\/\/aczalaw.com\/nicaragua\/inversion-extrangera-y-zonas-francas\/#primaryimage","url":"https:\/\/aczalaw.com\/nicaragua\/wp-content\/uploads\/2023\/07\/aczalaw-nicaragua-practice-area-foreign-investment-4.png","contentUrl":"https:\/\/aczalaw.com\/nicaragua\/wp-content\/uploads\/2023\/07\/aczalaw-nicaragua-practice-area-foreign-investment-4.png","width":1000,"height":650},{"@type":"BreadcrumbList","@id":"https:\/\/aczalaw.com\/nicaragua\/inversion-extrangera-y-zonas-francas\/#breadcrumb","itemListElement":[{"@type":"ListItem","position":1,"name":"Portada","item":"https:\/\/aczalaw.com\/nicaragua\/"},{"@type":"ListItem","position":2,"name":"INVERSI\u00d3N EXTRANJERA Y ZONAS FRANCAS"}]},{"@type":"WebSite","@id":"https:\/\/aczalaw.com\/nicaragua\/#website","url":"https:\/\/aczalaw.com\/nicaragua\/","name":"ACZALAW Nicaragua","description":"Abogados Centroamericanos Asociados","publisher":{"@id":"https:\/\/aczalaw.com\/nicaragua\/#organization"},"potentialAction":[{"@type":"SearchAction","target":{"@type":"EntryPoint","urlTemplate":"https:\/\/aczalaw.com\/nicaragua\/?s={search_term_string}"},"query-input":"required name=search_term_string"}],"inLanguage":"es"},{"@type":"Organization","@id":"https:\/\/aczalaw.com\/nicaragua\/#organization","name":"ACZALAW Nicaragua","url":"https:\/\/aczalaw.com\/nicaragua\/","logo":{"@type":"ImageObject","inLanguage":"es","@id":"https:\/\/aczalaw.com\/nicaragua\/#\/schema\/logo\/image\/","url":"https:\/\/aczalaw.com\/nicaragua\/wp-content\/uploads\/2023\/07\/aczalaw-nicaragua-home-menu-logo.png","contentUrl":"https:\/\/aczalaw.com\/nicaragua\/wp-content\/uploads\/2023\/07\/aczalaw-nicaragua-home-menu-logo.png","width":1280,"height":487,"caption":"ACZALAW Nicaragua"},"image":{"@id":"https:\/\/aczalaw.com\/nicaragua\/#\/schema\/logo\/image\/"},"sameAs":["https:\/\/www.facebook.com\/aczalawnicaraguaabogados\/","https:\/\/www.linkedin.com\/company\/aczalawnicaragua\/"]}]}},"_links":{"self":[{"href":"https:\/\/aczalaw.com\/nicaragua\/wp-json\/wp\/v2\/pages\/8478"}],"collection":[{"href":"https:\/\/aczalaw.com\/nicaragua\/wp-json\/wp\/v2\/pages"}],"about":[{"href":"https:\/\/aczalaw.com\/nicaragua\/wp-json\/wp\/v2\/types\/page"}],"author":[{"embeddable":true,"href":"https:\/\/aczalaw.com\/nicaragua\/wp-json\/wp\/v2\/users\/3"}],"replies":[{"embeddable":true,"href":"https:\/\/aczalaw.com\/nicaragua\/wp-json\/wp\/v2\/comments?post=8478"}],"version-history":[{"count":10,"href":"https:\/\/aczalaw.com\/nicaragua\/wp-json\/wp\/v2\/pages\/8478\/revisions"}],"predecessor-version":[{"id":8571,"href":"https:\/\/aczalaw.com\/nicaragua\/wp-json\/wp\/v2\/pages\/8478\/revisions\/8571"}],"wp:attachment":[{"href":"https:\/\/aczalaw.com\/nicaragua\/wp-json\/wp\/v2\/media?parent=8478"}],"curies":[{"name":"wp","href":"https:\/\/api.w.org\/{rel}","templated":true}]}}